{"id":8812,"date":"2024-10-09T19:37:01","date_gmt":"2024-10-09T22:37:01","guid":{"rendered":"https:\/\/eventos.lacigf.org\/?page_id=8812"},"modified":"2024-10-09T19:42:21","modified_gmt":"2024-10-09T22:42:21","slug":"programa-de-bolsas-de-estudo-2024","status":"publish","type":"page","link":"https:\/\/eventos.lacigf.org\/pt-br\/programa-de-bolsas-de-estudo-2024\/","title":{"rendered":"Programa de Bolsas de Estudo 2024"},"content":{"rendered":"\t\t<div data-elementor-type=\"wp-page\" data-elementor-id=\"8812\" class=\"elementor elementor-8812\">\n\t\t\t\t\t\t\t\t\t<section class=\"elementor-section elementor-top-section elementor-element elementor-element-40737eb elementor-section-boxed elementor-section-height-default elementor-section-height-default\" data-id=\"40737eb\" data-element_type=\"section\">\n\t\t\t\t\t\t<div class=\"elementor-container elementor-column-gap-default\">\n\t\t\t\t\t<div class=\"elementor-column elementor-col-100 elementor-top-column elementor-element elementor-element-bf891c9\" data-id=\"bf891c9\" data-element_type=\"column\">\n\t\t\t<div class=\"elementor-widget-wrap elementor-element-populated\">\n\t\t\t\t\t\t\t\t<div class=\"elementor-element elementor-element-400d83b elementor-widget elementor-widget-text-editor\" data-id=\"400d83b\" data-element_type=\"widget\" data-widget_type=\"text-editor.default\">\n\t\t\t\t<div class=\"elementor-widget-container\">\n\t\t\t<style>\/*! elementor - v3.16.0 - 09-10-2023 *\/\n.elementor-widget-text-editor.elementor-drop-cap-view-stacked .elementor-drop-cap{background-color:#69727d;color:#fff}.elementor-widget-text-editor.elementor-drop-cap-view-framed .elementor-drop-cap{color:#69727d;border:3px solid;background-color:transparent}.elementor-widget-text-editor:not(.elementor-drop-cap-view-default) .elementor-drop-cap{margin-top:8px}.elementor-widget-text-editor:not(.elementor-drop-cap-view-default) .elementor-drop-cap-letter{width:1em;height:1em}.elementor-widget-text-editor .elementor-drop-cap{float:left;text-align:center;line-height:1;font-size:50px}.elementor-widget-text-editor .elementor-drop-cap-letter{display:inline-block}<\/style>\t\t\t\t<p>As entidades organizadoras do LACIGF 2024 oferecer\u00e3o um n\u00famero limitado de bolsas de assist\u00eancia financeira parcial, destinadas a pessoas da comunidade da Internet da Am\u00e9rica Latina e do Caribe que estejam interessadas em participar da 17\u00aa edi\u00e7\u00e3o do F\u00f3rum de Governan\u00e7a da Internet da Am\u00e9rica Latina e do Caribe, a ser realizada nos dias 7 e 8 de novembro de 2024, em Santiago, Chile.<\/p><h2>Processo de sele\u00e7\u00e3o<\/h2><p>Ser\u00e1 realizado um processo de sele\u00e7\u00e3o entre os candidatos para a aloca\u00e7\u00e3o de bolsas de estudo parciais. A bolsa inclui (1) um dos seguintes benef\u00edcios:<\/p><p><strong>Op\u00e7\u00e3o 1 &#8211; Acomoda\u00e7\u00e3o<\/strong><br \/>&#8211; Despesas de hospedagem (m\u00e1ximo de 4 noites, incluindo o dia 0) no hotel anfitri\u00e3o ou pr\u00f3ximo ao local do evento, para uma pessoa em um quarto individual.<\/p><p><strong>Op\u00e7\u00e3o 2 &#8211; Passagem a\u00e9rea<\/strong><br \/>&#8211; Passagem a\u00e9rea de ida e volta do local de resid\u00eancia do candidato para a cidade onde o evento ser\u00e1 realizado (n\u00e3o inclui taxas aeroportu\u00e1rias e taxas de visto). O processamento de vistos e outros requisitos, como vacinas, ser\u00e3o de responsabilidade do candidato).<\/p><p>Os recursos dispon\u00edveis s\u00e3o limitados, portanto, as bolsas de estudo N\u00c3O s\u00e3o garantidas para todos os candidatos. A aprova\u00e7\u00e3o ser\u00e1 comunicada diretamente aos candidatos selecionados.<\/p><h2>Importante:<\/h2><ul><li>As bolsas de estudo ser\u00e3o concedidas exclusivamente a pessoas que residam na regi\u00e3o da Am\u00e9rica Latina e\/ou Caribe.<\/li><li>As decis\u00f5es do Comit\u00ea Multissetorial do CMPI s\u00e3o definitivas.<\/li><li>Os candidatos selecionados dever\u00e3o comunicar sua aceita\u00e7\u00e3o das condi\u00e7\u00f5es da bolsa dentro do prazo estabelecido.<\/li><li>As bolsas de estudo s\u00e3o intransfer\u00edveis.<\/li><li>A lista final de benefici\u00e1rios ser\u00e1 publicada no site do evento.<\/li><\/ul><h2>Crit\u00e9rios de sele\u00e7\u00e3o<\/h2><p>O grupo de pessoas selecionadas buscar\u00e1 representa\u00e7\u00e3o de todos os setores de interesse ligados \u00e0 governan\u00e7a da Internet (representantes de empresas, sociedade civil, governos, organiza\u00e7\u00f5es sociais, etc.), bem como representa\u00e7\u00e3o de g\u00eanero e pa\u00eds de origem.<\/p><p>O CMPI se reserva o direito de selecionar as pessoas que considerar mais adequadas para receber a bolsa de acordo com os crit\u00e9rios estabelecidos, sem obriga\u00e7\u00e3o de justificar o resultado dessa sele\u00e7\u00e3o.<\/p><p>Requisitos a serem cumpridos pelas pessoas selecionadas. Os benefici\u00e1rios das bolsas de estudo dever\u00e3o se comprometer a assistir a todas as sess\u00f5es do encontro.<\/p><p>Eles ter\u00e3o a obriga\u00e7\u00e3o de comparecer a todas as reuni\u00f5es para as quais forem convocados e de cumprir os requisitos ou tarefas que lhes forem solicitados, como, por exemplo<\/p><ul><li>Participar de todas as sess\u00f5es abertas do evento.<\/li><li>Estar dispon\u00edvel para moderar a participa\u00e7\u00e3o remota (sala de bate-papo) em sess\u00f5es plen\u00e1rias e f\u00f3runs.<\/li><\/ul><h2>Calend\u00e1rio<\/h2><ul><li>\u00a0\u00a0\u00a0 Per\u00edodo de inscri\u00e7\u00e3o para a bolsa: 9 a 16 de outubro<\/li><li>An\u00fancio dos resultados aos candidatos: 21 de outubro<\/li><li>Publica\u00e7\u00e3o da lista de bolsistas: 25 de outubro<\/li><\/ul><p>N\u00e3o ser\u00e3o aceitas inscri\u00e7\u00f5es ap\u00f3s o prazo.<\/p><p>Os benefici\u00e1rios ser\u00e3o informados diretamente por e-mail.<\/p><h2>Formul\u00e1rio de inscri\u00e7\u00e3o<\/h2><p>Para se candidatar a uma bolsa de estudos, clique aqui:<\/p>\t\t\t\t\t\t<\/div>\n\t\t\t\t<\/div>\n\t\t\t\t\t<\/div>\n\t\t<\/div>\n\t\t\t\t\t\t\t<\/div>\n\t\t<\/section>\n\t\t\t\t<section class=\"elementor-section elementor-top-section elementor-element elementor-element-c91d363 elementor-section-boxed elementor-section-height-default elementor-section-height-default\" data-id=\"c91d363\" data-element_type=\"section\">\n\t\t\t\t\t\t<div class=\"elementor-container elementor-column-gap-default\">\n\t\t\t\t\t<div class=\"elementor-column elementor-col-100 elementor-top-column elementor-element elementor-element-9266b23\" data-id=\"9266b23\" data-element_type=\"column\">\n\t\t\t<div class=\"elementor-widget-wrap elementor-element-populated\">\n\t\t\t\t\t\t\t\t<div class=\"elementor-element elementor-element-cc0e15e elementor-align-center elementor-widget elementor-widget-button\" data-id=\"cc0e15e\" data-element_type=\"widget\" data-widget_type=\"button.default\">\n\t\t\t\t<div class=\"elementor-widget-container\">\n\t\t\t\t\t<div class=\"elementor-button-wrapper\">\n\t\t\t<a class=\"elementor-button elementor-button-link elementor-size-sm\" href=\"\">\n\t\t\t\t\t\t<span class=\"elementor-button-content-wrapper\">\n\t\t\t\t\t\t<span class=\"elementor-button-text\">Ir para Formul\u00e1rio de inscri\u00e7\u00e3o para bolsa de estudos<\/span>\n\t\t<\/span>\n\t\t\t\t\t<\/a>\n\t\t<\/div>\n\t\t\t\t<\/div>\n\t\t\t\t<\/div>\n\t\t\t\t\t<\/div>\n\t\t<\/div>\n\t\t\t\t\t\t\t<\/div>\n\t\t<\/section>\n\t\t\t\t<section class=\"elementor-section elementor-top-section elementor-element elementor-element-7b59bfc elementor-section-boxed elementor-section-height-default elementor-section-height-default\" data-id=\"7b59bfc\" data-element_type=\"section\">\n\t\t\t\t\t\t<div class=\"elementor-container elementor-column-gap-default\">\n\t\t\t\t\t<div class=\"elementor-column elementor-col-100 elementor-top-column elementor-element elementor-element-b474977\" data-id=\"b474977\" data-element_type=\"column\">\n\t\t\t<div class=\"elementor-widget-wrap elementor-element-populated\">\n\t\t\t\t\t\t\t\t<div class=\"elementor-element elementor-element-8552ecb elementor-widget elementor-widget-text-editor\" data-id=\"8552ecb\" data-element_type=\"widget\" data-widget_type=\"text-editor.default\">\n\t\t\t\t<div class=\"elementor-widget-container\">\n\t\t\t\t\t\t\t<p>Se tiver alguma d\u00favida ou coment\u00e1rio, escreva para contacto@eventos.lacigf.org .<\/p>\t\t\t\t\t\t<\/div>\n\t\t\t\t<\/div>\n\t\t\t\t\t<\/div>\n\t\t<\/div>\n\t\t\t\t\t\t\t<\/div>\n\t\t<\/section>\n\t\t\t\t\t\t\t<\/div>\n\t\t","protected":false},"excerpt":{"rendered":"<p>As entidades organizadoras do LACIGF 2024 oferecer\u00e3o um n\u00famero limitado de bolsas de assist\u00eancia financeira parcial, destinadas a pessoas da comunidade da Internet da Am\u00e9rica Latina e do Caribe que estejam interessadas em participar da 17\u00aa edi\u00e7\u00e3o do F\u00f3rum de Governan\u00e7a da Internet da Am\u00e9rica Latina e do Caribe, a ser realizada nos dias 7 [&hellip;]<\/p>\n","protected":false},"author":3,"featured_media":0,"parent":0,"menu_order":0,"comment_status":"closed","ping_status":"closed","template":"","meta":{"footnotes":""},"_links":{"self":[{"href":"https:\/\/eventos.lacigf.org\/pt-br\/wp-json\/wp\/v2\/pages\/8812"}],"collection":[{"href":"https:\/\/eventos.lacigf.org\/pt-br\/wp-json\/wp\/v2\/pages"}],"about":[{"href":"https:\/\/eventos.lacigf.org\/pt-br\/wp-json\/wp\/v2\/types\/page"}],"author":[{"embeddable":true,"href":"https:\/\/eventos.lacigf.org\/pt-br\/wp-json\/wp\/v2\/users\/3"}],"replies":[{"embeddable":true,"href":"https:\/\/eventos.lacigf.org\/pt-br\/wp-json\/wp\/v2\/comments?post=8812"}],"version-history":[{"count":4,"href":"https:\/\/eventos.lacigf.org\/pt-br\/wp-json\/wp\/v2\/pages\/8812\/revisions"}],"predecessor-version":[{"id":8816,"href":"https:\/\/eventos.lacigf.org\/pt-br\/wp-json\/wp\/v2\/pages\/8812\/revisions\/8816"}],"wp:attachment":[{"href":"https:\/\/eventos.lacigf.org\/pt-br\/wp-json\/wp\/v2\/media?parent=8812"}],"curies":[{"name":"wp","href":"https:\/\/api.w.org\/{rel}","templated":true}]}}