{"id":7940,"date":"2024-07-15T18:18:56","date_gmt":"2024-07-15T21:18:56","guid":{"rendered":"https:\/\/eventos.lacigf.org\/?page_id=7940"},"modified":"2024-08-22T07:55:09","modified_gmt":"2024-08-22T10:55:09","slug":"formulario-de-inscricao-para-sessao","status":"publish","type":"page","link":"https:\/\/eventos.lacigf.org\/pt-br\/formulario-de-inscricao-para-sessao\/","title":{"rendered":"Formul\u00e1rio de inscri\u00e7\u00e3o para sess\u00e3o"},"content":{"rendered":"\t\t<div data-elementor-type=\"wp-page\" data-elementor-id=\"7940\" class=\"elementor elementor-7940\">\n\t\t\t\t\t\t\t\t\t<section class=\"elementor-section elementor-top-section elementor-element elementor-element-556139d elementor-section-boxed elementor-section-height-default elementor-section-height-default\" data-id=\"556139d\" data-element_type=\"section\">\n\t\t\t\t\t\t<div class=\"elementor-container elementor-column-gap-default\">\n\t\t\t\t\t<div class=\"elementor-column elementor-col-100 elementor-top-column elementor-element elementor-element-bf1e45e\" data-id=\"bf1e45e\" data-element_type=\"column\">\n\t\t\t<div class=\"elementor-widget-wrap elementor-element-populated\">\n\t\t\t\t\t\t\t\t<div class=\"elementor-element elementor-element-c488b85 elementor-widget elementor-widget-text-editor\" data-id=\"c488b85\" data-element_type=\"widget\" data-widget_type=\"text-editor.default\">\n\t\t\t\t<div class=\"elementor-widget-container\">\n\t\t\t<style>\/*! elementor - v3.16.0 - 09-10-2023 *\/\n.elementor-widget-text-editor.elementor-drop-cap-view-stacked .elementor-drop-cap{background-color:#69727d;color:#fff}.elementor-widget-text-editor.elementor-drop-cap-view-framed .elementor-drop-cap{color:#69727d;border:3px solid;background-color:transparent}.elementor-widget-text-editor:not(.elementor-drop-cap-view-default) .elementor-drop-cap{margin-top:8px}.elementor-widget-text-editor:not(.elementor-drop-cap-view-default) .elementor-drop-cap-letter{width:1em;height:1em}.elementor-widget-text-editor .elementor-drop-cap{float:left;text-align:center;line-height:1;font-size:50px}.elementor-widget-text-editor .elementor-drop-cap-letter{display:inline-block}<\/style>\t\t\t\t<h2>Instru\u00e7\u00f5es<\/h2>\n<p>\u00c9 importante observar que esse formul\u00e1rio n\u00e3o salva automaticamente as respostas. Como o formul\u00e1rio n\u00e3o salva automaticamente as respostas, recomendamos que voc\u00ea fa\u00e7a o download da vers\u00e3o edit\u00e1vel do formul\u00e1rio e trabalhe com os textos em um documento separado, e depois preencha e envie o formul\u00e1rio. Baixe aqui o <a href=\"https:\/\/eventos.lacigf.org\/wp-content\/uploads\/2024\/07\/LACIGF-Formulario-de-Proposta-de-Sessao-17-LACIGF-2024-PT.docx\">formul\u00e1rio como um documento edit\u00e1vel<\/a>. Voc\u00ea tamb\u00e9m pode fazer o download do&nbsp;<a href=\"https:\/\/eventos.lacigf.org\/wp-content\/uploads\/2024\/07\/Guia-para-el-diligenciamiento-del-formulario-de-propuestas-de-sesiones-17-LACIGF-2024.pdf\" target=\"_blank\" rel=\"noopener\">Guia para preenchimento do formul\u00e1rio de proposta de sess\u00e3o<\/a>.<\/p>\n<p><b>Os campos marcados com (*) s\u00e3o obrigat\u00f3rios<\/b><\/p><p><b><i>Obrigado por seu interesse, o formul\u00e1rio est\u00e1 fechado no momento.<br><\/i><\/b><\/p>\t\t\t\t\t\t<\/div>\n\t\t\t\t<\/div>\n\t\t\t\t\t<\/div>\n\t\t<\/div>\n\t\t\t\t\t\t\t<\/div>\n\t\t<\/section>\n\t\t\t\t\t\t\t<\/div>\n\t\t","protected":false},"excerpt":{"rendered":"<p>Instru\u00e7\u00f5es \u00c9 importante observar que esse formul\u00e1rio n\u00e3o salva automaticamente as respostas. Como o formul\u00e1rio n\u00e3o salva automaticamente as respostas, recomendamos que voc\u00ea fa\u00e7a o download da vers\u00e3o edit\u00e1vel do formul\u00e1rio e trabalhe com os textos em um documento separado, e depois preencha e envie o formul\u00e1rio. Baixe aqui o formul\u00e1rio como um documento edit\u00e1vel. [&hellip;]<\/p>\n","protected":false},"author":3,"featured_media":0,"parent":0,"menu_order":0,"comment_status":"closed","ping_status":"closed","template":"","meta":{"footnotes":""},"_links":{"self":[{"href":"https:\/\/eventos.lacigf.org\/pt-br\/wp-json\/wp\/v2\/pages\/7940"}],"collection":[{"href":"https:\/\/eventos.lacigf.org\/pt-br\/wp-json\/wp\/v2\/pages"}],"about":[{"href":"https:\/\/eventos.lacigf.org\/pt-br\/wp-json\/wp\/v2\/types\/page"}],"author":[{"embeddable":true,"href":"https:\/\/eventos.lacigf.org\/pt-br\/wp-json\/wp\/v2\/users\/3"}],"replies":[{"embeddable":true,"href":"https:\/\/eventos.lacigf.org\/pt-br\/wp-json\/wp\/v2\/comments?post=7940"}],"version-history":[{"count":20,"href":"https:\/\/eventos.lacigf.org\/pt-br\/wp-json\/wp\/v2\/pages\/7940\/revisions"}],"predecessor-version":[{"id":8402,"href":"https:\/\/eventos.lacigf.org\/pt-br\/wp-json\/wp\/v2\/pages\/7940\/revisions\/8402"}],"wp:attachment":[{"href":"https:\/\/eventos.lacigf.org\/pt-br\/wp-json\/wp\/v2\/media?parent=7940"}],"curies":[{"name":"wp","href":"https:\/\/api.w.org\/{rel}","templated":true}]}}