{"id":7925,"date":"2024-07-15T16:56:11","date_gmt":"2024-07-15T19:56:11","guid":{"rendered":"https:\/\/eventos.lacigf.org\/?page_id=7925"},"modified":"2024-07-16T18:19:44","modified_gmt":"2024-07-16T21:19:44","slug":"registro-com-sucesso-oficinas-lacigf-17","status":"publish","type":"page","link":"https:\/\/eventos.lacigf.org\/pt-br\/registro-com-sucesso-oficinas-lacigf-17\/","title":{"rendered":"Registro com sucesso oficinas lacigf 17"},"content":{"rendered":"\t\t<div data-elementor-type=\"wp-page\" data-elementor-id=\"7925\" class=\"elementor elementor-7925\">\n\t\t\t\t\t\t\t\t\t<section class=\"elementor-section elementor-top-section elementor-element elementor-element-588237b0 elementor-section-boxed elementor-section-height-default elementor-section-height-default\" data-id=\"588237b0\" data-element_type=\"section\">\n\t\t\t\t\t\t<div class=\"elementor-container elementor-column-gap-default\">\n\t\t\t\t\t<div class=\"elementor-column elementor-col-100 elementor-top-column elementor-element elementor-element-6e2a27e\" data-id=\"6e2a27e\" data-element_type=\"column\">\n\t\t\t<div class=\"elementor-widget-wrap elementor-element-populated\">\n\t\t\t\t\t\t\t\t<div class=\"elementor-element elementor-element-53e1145f elementor-widget elementor-widget-text-editor\" data-id=\"53e1145f\" data-element_type=\"widget\" data-widget_type=\"text-editor.default\">\n\t\t\t\t<div class=\"elementor-widget-container\">\n\t\t\t<style>\/*! elementor - v3.16.0 - 09-10-2023 *\/\n.elementor-widget-text-editor.elementor-drop-cap-view-stacked .elementor-drop-cap{background-color:#69727d;color:#fff}.elementor-widget-text-editor.elementor-drop-cap-view-framed .elementor-drop-cap{color:#69727d;border:3px solid;background-color:transparent}.elementor-widget-text-editor:not(.elementor-drop-cap-view-default) .elementor-drop-cap{margin-top:8px}.elementor-widget-text-editor:not(.elementor-drop-cap-view-default) .elementor-drop-cap-letter{width:1em;height:1em}.elementor-widget-text-editor .elementor-drop-cap{float:left;text-align:center;line-height:1;font-size:50px}.elementor-widget-text-editor .elementor-drop-cap-letter{display:inline-block}<\/style>\t\t\t\t<p><!-- wp:paragraph --><\/p>\n<p>Obrigado! Sua proposta de sess\u00e3o para o 17\u00ba LACIGF foi recebida com sucesso. Fique atento ao e-mail de contato para receber novidades sobre sua inscri\u00e7\u00e3o, durante e ap\u00f3s o per\u00edodo de avalia\u00e7\u00e3o.<\/p>\n<p><!-- \/wp:paragraph --><\/p>\n<p><!-- wp:paragraph --><\/p>\n<p><!-- \/wp:paragraph --><\/p>\n<p><!-- wp:paragraph --><\/p>\n<p>N\u00e3o esque\u00e7a que a Comiss\u00e3o Avaliadora poder\u00e1 entrar em contato para solicitar ajustes ou esclarecimentos. Da mesma forma, a Secretar\u00eda pode entrar em contato com os participantes da sua sess\u00e3o para confirmar a participa\u00e7\u00e3o, \u00e9 importante confirmar dentro dos hor\u00e1rios estabelecidos.<\/p>\n<p><!-- \/wp:paragraph --><\/p>\n<p><!-- wp:paragraph --><\/p>\n<p>Se voc\u00ea tiver d\u00favidas ou coment\u00e1rios, pode escrever para contacto@eventos.lacigf.org<\/p>\n<p><!-- \/wp:paragraph --><\/p>\t\t\t\t\t\t<\/div>\n\t\t\t\t<\/div>\n\t\t\t\t\t<\/div>\n\t\t<\/div>\n\t\t\t\t\t\t\t<\/div>\n\t\t<\/section>\n\t\t\t\t<section class=\"elementor-section elementor-top-section elementor-element elementor-element-4a3f248 elementor-section-boxed elementor-section-height-default elementor-section-height-default\" data-id=\"4a3f248\" data-element_type=\"section\">\n\t\t\t\t\t\t<div class=\"elementor-container elementor-column-gap-default\">\n\t\t\t\t\t<div class=\"elementor-column elementor-col-100 elementor-top-column elementor-element elementor-element-c4e46db\" data-id=\"c4e46db\" data-element_type=\"column\">\n\t\t\t<div class=\"elementor-widget-wrap elementor-element-populated\">\n\t\t\t\t\t\t\t\t<div class=\"elementor-element elementor-element-2f18139 elementor-align-center elementor-widget elementor-widget-button\" data-id=\"2f18139\" data-element_type=\"widget\" data-widget_type=\"button.default\">\n\t\t\t\t<div class=\"elementor-widget-container\">\n\t\t\t\t\t<div class=\"elementor-button-wrapper\">\n\t\t\t<a class=\"elementor-button elementor-button-link elementor-size-sm\" href=\"\">\n\t\t\t\t\t\t<span class=\"elementor-button-content-wrapper\">\n\t\t\t\t\t\t<span class=\"elementor-button-text\">Voltar para a chamada de inscri\u00e7\u00f5es de sess\u00f5es<\/span>\n\t\t<\/span>\n\t\t\t\t\t<\/a>\n\t\t<\/div>\n\t\t\t\t<\/div>\n\t\t\t\t<\/div>\n\t\t\t\t\t<\/div>\n\t\t<\/div>\n\t\t\t\t\t\t\t<\/div>\n\t\t<\/section>\n\t\t\t\t\t\t\t<\/div>\n\t\t","protected":false},"excerpt":{"rendered":"<p>Obrigado! Sua proposta de sess\u00e3o para o 17\u00ba LACIGF foi recebida com sucesso. Fique atento ao e-mail de contato para receber novidades sobre sua inscri\u00e7\u00e3o, durante e ap\u00f3s o per\u00edodo de avalia\u00e7\u00e3o. N\u00e3o esque\u00e7a que a Comiss\u00e3o Avaliadora poder\u00e1 entrar em contato para solicitar ajustes ou esclarecimentos. Da mesma forma, a Secretar\u00eda pode entrar em [&hellip;]<\/p>\n","protected":false},"author":3,"featured_media":0,"parent":0,"menu_order":0,"comment_status":"closed","ping_status":"closed","template":"","meta":{"footnotes":""},"_links":{"self":[{"href":"https:\/\/eventos.lacigf.org\/pt-br\/wp-json\/wp\/v2\/pages\/7925"}],"collection":[{"href":"https:\/\/eventos.lacigf.org\/pt-br\/wp-json\/wp\/v2\/pages"}],"about":[{"href":"https:\/\/eventos.lacigf.org\/pt-br\/wp-json\/wp\/v2\/types\/page"}],"author":[{"embeddable":true,"href":"https:\/\/eventos.lacigf.org\/pt-br\/wp-json\/wp\/v2\/users\/3"}],"replies":[{"embeddable":true,"href":"https:\/\/eventos.lacigf.org\/pt-br\/wp-json\/wp\/v2\/comments?post=7925"}],"version-history":[{"count":11,"href":"https:\/\/eventos.lacigf.org\/pt-br\/wp-json\/wp\/v2\/pages\/7925\/revisions"}],"predecessor-version":[{"id":8047,"href":"https:\/\/eventos.lacigf.org\/pt-br\/wp-json\/wp\/v2\/pages\/7925\/revisions\/8047"}],"wp:attachment":[{"href":"https:\/\/eventos.lacigf.org\/pt-br\/wp-json\/wp\/v2\/media?parent=7925"}],"curies":[{"name":"wp","href":"https:\/\/api.w.org\/{rel}","templated":true}]}}