{"id":78,"date":"2019-03-29T16:49:12","date_gmt":"2019-03-29T19:49:12","guid":{"rendered":"https:\/\/eventos.lacigf.org\/?page_id=78"},"modified":"2024-04-22T18:24:38","modified_gmt":"2024-04-22T21:24:38","slug":"lista-de-discussao","status":"publish","type":"page","link":"https:\/\/eventos.lacigf.org\/pt-br\/lista-de-discussao\/","title":{"rendered":"Lista de discuss\u00e3o"},"content":{"rendered":"\n<p>A lista <a href=\"mailto:comunidad@mailman.lacigf.org\">comunidad@mailman.lacigf.org<\/a>&nbsp;visa convocar aqueles atores interessados nas quest\u00f5es da Governan\u00e7a da Internet, sendo o principal canal de comuni\u00e7\u00e3o para distribuir informa\u00e7\u00f5es relativas \u00e0 <strong>F\u00f3rum Latino-Americano e do Caribe de Governan\u00e7a da Internet (LACIGF<\/strong>), outros eventos de relev\u00e2ncia e assuntos em geral relacionados com a Governan\u00e7a da Internet da regi\u00e3o da Am\u00e9rica Latina e o Caribe.<\/p>\n\n\n\n<ul>\n<li><a href=\"https:\/\/eventos.lacigf.org\/mailman.html\" target=\"_blank\" rel=\"noreferrer noopener\">Inscrever-se nesta lista<\/a><\/li>\n<\/ul>\n","protected":false},"excerpt":{"rendered":"<p>A lista comunidad@mailman.lacigf.org&nbsp;visa convocar aqueles atores interessados nas quest\u00f5es da Governan\u00e7a da Internet, sendo o principal canal de comuni\u00e7\u00e3o para distribuir informa\u00e7\u00f5es relativas \u00e0 F\u00f3rum Latino-Americano e do Caribe de Governan\u00e7a da Internet (LACIGF), outros eventos de relev\u00e2ncia e assuntos em geral relacionados com a Governan\u00e7a da Internet da regi\u00e3o da Am\u00e9rica Latina e o [&hellip;]<\/p>\n","protected":false},"author":1,"featured_media":0,"parent":0,"menu_order":0,"comment_status":"closed","ping_status":"closed","template":"","meta":{"footnotes":""},"_links":{"self":[{"href":"https:\/\/eventos.lacigf.org\/pt-br\/wp-json\/wp\/v2\/pages\/78"}],"collection":[{"href":"https:\/\/eventos.lacigf.org\/pt-br\/wp-json\/wp\/v2\/pages"}],"about":[{"href":"https:\/\/eventos.lacigf.org\/pt-br\/wp-json\/wp\/v2\/types\/page"}],"author":[{"embeddable":true,"href":"https:\/\/eventos.lacigf.org\/pt-br\/wp-json\/wp\/v2\/users\/1"}],"replies":[{"embeddable":true,"href":"https:\/\/eventos.lacigf.org\/pt-br\/wp-json\/wp\/v2\/comments?post=78"}],"version-history":[{"count":10,"href":"https:\/\/eventos.lacigf.org\/pt-br\/wp-json\/wp\/v2\/pages\/78\/revisions"}],"predecessor-version":[{"id":7121,"href":"https:\/\/eventos.lacigf.org\/pt-br\/wp-json\/wp\/v2\/pages\/78\/revisions\/7121"}],"wp:attachment":[{"href":"https:\/\/eventos.lacigf.org\/pt-br\/wp-json\/wp\/v2\/media?parent=78"}],"curies":[{"name":"wp","href":"https:\/\/api.w.org\/{rel}","templated":true}]}}