{"id":7692,"date":"2024-07-12T11:44:12","date_gmt":"2024-07-12T14:44:12","guid":{"rendered":"https:\/\/eventos.lacigf.org\/?page_id=7692"},"modified":"2024-07-12T14:28:28","modified_gmt":"2024-07-12T17:28:28","slug":"chamada-de-inscricoes-para-sessoes-lacigf-17-2024-2","status":"publish","type":"page","link":"https:\/\/eventos.lacigf.org\/pt-br\/chamada-de-inscricoes-para-sessoes-lacigf-17-2024-2\/","title":{"rendered":"Chamada de Inscri\u00e7\u00f5es para Sess\u00f5es LACIGF 17 2024"},"content":{"rendered":"\n<h1 class=\"wp-block-heading\">Introdu\u00e7\u00e3o<\/h1>\n\n\n\n<p>O F\u00f3rum de Governan\u00e7a da Internet da Am\u00e9rica Latina e do Caribe (LACIGF) est\u00e1 chamando para a apresenta\u00e7\u00e3o de propostas de sess\u00f5es para o 17\u00ba LACIGF 2024, que ser\u00e1 realizado em Santiago, Chile, em novembro de 2024.<\/p>\n\n\n\n<p>O LACIGF \u00e9 uma iniciativa regional para o di\u00e1logo multissetorial sobre quest\u00f5es relevantes de governan\u00e7a da Internet e pol\u00edticas digitais. \u00c9 realizado de forma ininterrupta desde 2008, reunindo participantes de toda a Am\u00e9rica Latina e Caribe.<\/p>\n\n\n\n<p>O LACIGF convida a comunidade regional a submeter propostas de sess\u00f5es considerando os crit\u00e9rios indicados nesta chamada.<\/p>\n\n\n\n<p><strong>datas<\/strong><\/p>\n\n\n\n<figure class=\"wp-block-table\"><table><tbody><tr><td><strong>Prazo para envio de propostas<\/strong><\/td><td><strong>12 de julho a 11 de agosto de 2024<\/strong><\/td><\/tr><tr><td><strong>Processo de avalia\u00e7\u00e3o<\/strong><\/td><td><strong>12 de agosto a 20 de setembro de 2024<\/strong><\/td><\/tr><tr><td><strong>Comunica\u00e7\u00e3o dos resultados via email<\/strong><\/td><td><strong>16 de setembro de 2024<\/strong><\/td><\/tr><tr><td><strong>Prazo para confirma\u00e7\u00e3o de palestrantes e participantes:<\/strong><\/td><td><strong>20 de setembro de 2024<\/strong><\/td><\/tr><\/tbody><\/table><\/figure>\n\n\n\n<h1 class=\"wp-block-heading\"><strong>Sobre a apresenta\u00e7\u00e3o das sess\u00f5es<\/strong><\/h1>\n\n\n\n<p>As propostas devem atender aos requisitos detalhados abaixo e ser totalmente submetidas atrav\u00e9s do formul\u00e1rio dispon\u00edvel, que deve ser preenchido em sua totalidade.&nbsp;<\/p>\n\n\n\n<p>As propostas devem promover o debate multissetorial com a participa\u00e7\u00e3o do setor privado, comunidade t\u00e9cnica, sociedade civil, governo e academia sobre os principais temas de governan\u00e7a da Internet definidos pela comunidade latino-americana em geral e aqueles abordados em f\u00f3runs nacionais em particular. As propostas devem promover a diversidade entre seus participantes e abordagens para capturar a multiplicidade de identidades, vis\u00f5es e perspectivas presentes na regi\u00e3o.&nbsp;<\/p>\n\n\n\n<p>Os tipos e tempos de cada sess\u00e3o s\u00e3o definidos posteriormente nesta chamada.&nbsp;<\/p>\n\n\n\n<p>Toda infraestrutura f\u00edsica e audiovisual necess\u00e1ria para as sess\u00f5es ser\u00e1 fornecida pelo LACIGF, incluindo equipamentos de som e suporte de sala. Apenas o audit\u00f3rio principal ter\u00e1 servi\u00e7os de tradu\u00e7\u00e3o; as sess\u00f5es em outros audit\u00f3rios ser\u00e3o realizadas em espanhol. As sess\u00f5es permitir\u00e3o a participa\u00e7\u00e3o remota de palestrantes e facilitadores via Zoom.<\/p>\n\n\n\n<h1 class=\"wp-block-heading\">Temas<\/h1>\n\n\n\n<p>Os temas selecionados em consulta aberta com a comunidade para 2024 s\u00e3o:<\/p>\n\n\n\n<ul>\n<li>IA e tecnologias emergentes<\/li>\n\n\n\n<li>Direitos humanos<\/li>\n\n\n\n<li>C\u00edber seguran\u00e7a<\/li>\n\n\n\n<li>Acesso universal e conectividade significativa<\/li>\n\n\n\n<li>Governa\u00e7\u00e3o e coopera\u00e7\u00e3o digital<\/li>\n\n\n\n<li>Meio ambiente e sustentabilidade<\/li>\n\n\n\n<li>Educa\u00e7\u00e3o e alfabetiza\u00e7\u00e3o digital<\/li>\n\n\n\n<li>G\u00eanero e diversidade<\/li>\n\n\n\n<li>Desafios \u00e9ticos e legais<\/li>\n<\/ul>\n\n\n\n<h1 class=\"wp-block-heading\"><strong><strong>Tipo de sess\u00f5es<\/strong><\/strong><\/h1>\n\n\n\n<p>Os tipos de sess\u00e3o propostos para o LACIGF s\u00e3o:<\/p>\n\n\n\n<p><strong>Mesa Redonda: <\/strong>Discuss\u00e3o moderada onde especialistas e participantes debatem um t\u00f3pico espec\u00edfico, promovendo a troca de opini\u00f5es e perspectivas de maneira equitativa e colaborativa.<\/p>\n\n\n\n<p><strong>Oficina Pr\u00e1tica: <\/strong>Sess\u00e3o interativa focada em treinamento e aprendizado pr\u00e1tico. Os participantes trabalham ativamente em tarefas ou problemas espec\u00edficos, guiados por facilitadores especializados.<\/p>\n\n\n\n<p><strong>Painel Expositivo: <\/strong>Apresenta\u00e7\u00f5es estruturadas onde especialistas compartilham suas opini\u00f5es sobre um t\u00f3pico espec\u00edfico. Ao final das apresenta\u00e7\u00f5es, segue-se uma sess\u00e3o de perguntas e respostas com o p\u00fablico.<\/p>\n\n\n\n<p><strong>Debate em Grupo: <\/strong>Os participantes s\u00e3o divididos em grupos para discutir e analisar um determinado t\u00f3pico. Cada grupo compartilha ent\u00e3o suas conclus\u00f5es com o restante dos participantes.<\/p>\n\n\n\n<p><strong>Sess\u00e3o Rel\u00e2mpago: <\/strong>Apresenta\u00e7\u00f5es breves e din\u00e2micas, geralmente de 10 minutos cada, sobre v\u00e1rios t\u00f3picos relevantes. Projetado para transmitir informa\u00e7\u00f5es de maneira r\u00e1pida e eficaz.<\/p>\n\n\n\n<p><strong>Debate: <\/strong>Confronto estruturado entre duas ou mais partes com vis\u00f5es opostas sobre um tema. Regras espec\u00edficas s\u00e3o seguidas, e um moderador facilita a troca de argumentos.<\/p>\n\n\n\n<p><strong>Outro: <\/strong>Espa\u00e7os de discuss\u00e3o n\u00e3o convencionais que podem incluir formatos inovadores ou experimentais projetados para abordar t\u00f3picos espec\u00edficos de maneira criativa e participativa.<\/p>\n\n\n\n<p>Para cada tipo de sess\u00e3o, sugere-se um n\u00famero m\u00ednimo de participantes e uma dura\u00e7\u00e3o m\u00e1xima de tempo, conforme indicado na tabela abaixo::<\/p>\n\n\n\n<p><strong>Nota: <\/strong>Para garantir a diversidade, \u00e9 recomend\u00e1vel que os participantes perten\u00e7am a dois ou mais setores.<\/p>\n\n\n\n<p><\/p>\n\n\n\n<p><\/p>\n\n\n\n<figure class=\"wp-block-table\"><table><tbody><tr><td><strong>Tipo de sesi\u00f3n<\/strong><\/td><td><strong>N\u00famero m\u00ednimo de participantes requerido<\/strong><\/td><td><strong>Tiempo m\u00e1ximo<\/strong><\/td><td><strong>Modalidad<\/strong><\/td><\/tr><tr><td>Mesa Redonda<\/td><td>2 especialistas, 1 moderador, 1 relator<\/td><td>1:15h<\/td><td>Presencial y virtual<\/td><\/tr><tr><td>Oficina Pr\u00e1tica<\/td><td>1 facilitador, 1 relator<\/td><td>1:15h<\/td><td>Presencial y virtual<\/td><\/tr><tr><td>Painel Expositivo<\/td><td>4 palestrantes, 1 moderador, 1 relator<\/td><td>1:15h<\/td><td>Presencial y virtual<\/td><\/tr><tr><td>Debate em Grupo<\/td><td>2 facilitadores, 1 moderador, 1 relator<\/td><td>1:15h<\/td><td>Presencial y virtual<\/td><\/tr><tr><td>Sess\u00e3o Rel\u00e2mpago<\/td><td>1 apresentador, 1 relator<\/td><td>15min<\/td><td>Presencial y virtual<\/td><\/tr><tr><td>Debate<\/td><td>1 moderador, 1 relator<\/td><td>1:15h<\/td><td>Presencial y virtual<\/td><\/tr><tr><td>Outro<\/td><td>1 participante, 1 relatorple<\/td><td>1:15h<\/td><td>Presencial y virtual<\/td><\/tr><\/tbody><\/table><\/figure>\n\n\n\n<h1 class=\"wp-block-heading\">Sobre Proponentes<\/h1>\n\n\n\n<ul>\n<li>Para cada sess\u00e3o, \u00e9 necess\u00e1rio especificar:\n<ul>\n<li>1 proponente obrigat\u00f3rio: pessoa que concebe, desenvolve e \u00e9 respons\u00e1vel pela sess\u00e3o.&nbsp;<\/li>\n\n\n\n<li>At\u00e9 1 co proponente opcional: pessoa que colabora na concep\u00e7\u00e3o e desenvolvimento da sess\u00e3o. Este \u00e9 o segundo contato para a proposta.&nbsp;<\/li>\n\n\n\n<li>Se outras pessoas ou organiza\u00e7\u00f5es participaram da concep\u00e7\u00e3o da proposta, um campo aberto \u00e9 fornecido para registrar seus nomes e organiza\u00e7\u00f5es.&nbsp;<\/li>\n<\/ul>\n<\/li>\n\n\n\n<li>Cada proponente principal e co proponente deve fornecer seu nome, organiza\u00e7\u00e3o, setor (Sociedade Civil, Comunidade T\u00e9cnica, Governo, Setor Privado, Academia), pa\u00eds, g\u00eanero e informa\u00e7\u00f5es de contato atrav\u00e9s do formul\u00e1rio dispon\u00edvel.&nbsp;<\/li>\n\n\n\n<li>Os proponentes s\u00e3o respons\u00e1veis por submeter a proposta, conhecer seu conte\u00fado e fazer os esclarecimentos necess\u00e1rios.&nbsp;<\/li>\n\n\n\n<li>Eles tamb\u00e9m s\u00e3o respons\u00e1veis pela comunica\u00e7\u00e3o com o LACIGF atrav\u00e9s do email e n\u00famero de telefone fornecidos no formul\u00e1rio. O LACIGF pode contatar essas pessoas durante e ap\u00f3s o per\u00edodo de avalia\u00e7\u00e3o para solicitar ajustes, esclarecimentos, informa\u00e7\u00f5es, etc.&nbsp;<\/li>\n\n\n\n<li>Eles tamb\u00e9m s\u00e3o respons\u00e1veis pela comunica\u00e7\u00e3o com os participantes da sess\u00e3o para garantir a execu\u00e7\u00e3o adequada da sess\u00e3o, incluindo o gerenciamento de confirma\u00e7\u00f5es e a informa\u00e7\u00e3o \u00e0 organiza\u00e7\u00e3o sobre quaisquer mudan\u00e7as excepcionais na composi\u00e7\u00e3o da sess\u00e3o.&nbsp;<\/li>\n\n\n\n<li>Eles devem garantir a presen\u00e7a dos participantes\/palestrantes da sess\u00e3o e indicar seus nomes, emails, setores, organiza\u00e7\u00f5es e breves perfis atrav\u00e9s do formul\u00e1rio.&nbsp;<\/li>\n\n\n\n<li>Eles devem confirmar a aceita\u00e7\u00e3o da execu\u00e7\u00e3o da sess\u00e3o, se selecionada, dentro dos prazos especificados.&nbsp;<\/li>\n\n\n\n<li>Eles devem submeter o relat\u00f3rio da sess\u00e3o \u00e0 Secretaria, no m\u00e1ximo 5 dias \u00fateis ap\u00f3s o evento.&nbsp;<\/li>\n\n\n\n<li>N\u00e3o h\u00e1 limites para o n\u00famero de propostas que uma pessoa ou organiza\u00e7\u00e3o pode submeter. No entanto, o Comit\u00ea de Sele\u00e7\u00e3o de Workshops (CST) pode selecionar at\u00e9 2 propostas do mesmo proponente.<\/li>\n<\/ul>\n\n\n\n<h1 class=\"wp-block-heading\"><strong>Sobre os participantes<\/strong><\/h1>\n\n\n\n<p>Participants are understood to be moderators, rapporteurs, speakers, facilitators, and experts participating in the session.<\/p>\n\n\n\n<ul>\n<li>To maintain multistakeholder conversation, the participation of different sectors in the sessions is encouraged.&nbsp;<\/li>\n\n\n\n<li>At the end of the session, a report is required. Proponents must designate someone to produce the session report.<\/li>\n\n\n\n<li>In roundtable, expository panel, debate, and group debate sessions, a moderator and someone to moderate virtually if necessary are required.<\/li>\n\n\n\n<li>A maximum of 5 speakers or facilitators is suggested.&nbsp;<\/li>\n\n\n\n<li>At least the moderator and one of the speakers or facilitators must be physically present at the event.&nbsp;<\/li>\n\n\n\n<li>A participant can be proposed in several sessions but can only be part of <strong>2 selected sessions.<\/strong> The CST may request changes to participants if proposed for more than two selected sessions, considering the score given during the session evaluation.<\/li>\n\n\n\n<li>Sessions must have a minimum number of confirmed participants. During the evaluation, the Secretariat may request confirmation of proposed participants via email. If none of the participants confirm their participation, the proposal may be discarded.&nbsp;<\/li>\n\n\n\n<li>A minimum number of participants is defined depending on the session type. For multiple participants, it is<strong> recommended<\/strong> that they belong to two or more sectors (Private Sector, Technical Community, Civil Society, Government, Academia).<\/li>\n<\/ul>\n\n\n\n<p>For the purposes of this call, the following sector descriptions apply:<\/p>\n\n\n\n<ul>\n<li>Government Sector &#8211; Members and\/or employees of State or government entities from the Executive, Legislative, and Judicial branches, as well as intergovernmental organizations, Public Ministry, and Agencies, Public Companies, among other bodies linked to the Public Power, who can contribute to the proposed topic from the governmental sector perspective.<\/li>\n<\/ul>\n\n\n\n<p>Note: Professors, researchers, students, fellows, employees, and other collaborators of universities and research institutes are considered members of the academic community, not the government sector.<\/p>\n\n\n\n<ul>\n<li>Private Sector &#8211; Entrepreneurs, employees, consultants, or collaborators of companies of any size or field of activity, as well as micro-entrepreneurs, individual entrepreneurs, startups, and members of their respective representative associations and employer unions, who can contribute to the proposed topic from the private sector perspective.<\/li>\n<\/ul>\n\n\n\n<ul>\n<li>Civil Society &#8211; People linked to non-governmental organizations (NGOs), unions, neighborhood associations, peasant and indigenous communities, human rights defense associations, or other community organizations who can contribute to the proposed topic from the civil society perspective.<\/li>\n<\/ul>\n\n\n\n<ul>\n<li>Technical Community: Groups and organizations that play a key role in developing and managing the Internet&#8217;s technical infrastructure and the digital ecosystem. This community includes individuals and entities directly involved in building, operating, and standardizing the technical components of the Internet and the digital ecosystem.<\/li>\n<\/ul>\n\n\n\n<ul>\n<li>Academia &#8211; Members of academia include individuals and\/or institutions dedicated to research and\/or higher education, scientific organizations, or societies who can contribute to the proposed topic from the academic community&#8217;s perspective.<\/li>\n<\/ul>\n\n\n\n<p>For this call, session proposals must consider the following roles of moderator and rapporteur:<\/p>\n\n\n\n<ul>\n<li>Moderator: Person who opens the session by welcoming other members and the audience; introduces the session&#8217;s composition with a brief profile of each member; guides the discussion of proposed topics, ordering interventions and interactions among sector members according to the proposed session type; promotes audience participation; ensures adherence to start and end times.<\/li>\n<\/ul>\n\n\n\n<ul>\n<li>Online Moderator:&nbsp; Person who supports the in-person moderator by attending to those connected via Zoom to the session.<\/li>\n<\/ul>\n\n\n\n<ul>\n<li>Rapporteur: Person responsible for preparing the mandatory session report, summarizing the debates and\/or conclusions.<\/li>\n<\/ul>\n\n\n\n<h1 class=\"wp-block-heading\"><strong>Crit\u00e9rios de avalia\u00e7\u00e3o<\/strong><\/h1>\n\n\n\n<p>As propostas de sess\u00e3o devem ser descritas de forma concisa, detalhar seus objetivos, indicar claramente o t\u00f3pico e sua relev\u00e2ncia para debates sobre governan\u00e7a da Internet e pol\u00edticas digitais, e completar todos os campos do formul\u00e1rio de submiss\u00e3o. Elas ser\u00e3o avaliadas com base nos seguintes crit\u00e9rios:<\/p>\n\n\n\n<ul>\n<li><strong>Relev\u00e2ncia<\/strong>: relev\u00e2ncia da proposta para a Governan\u00e7a da Internet na regi\u00e3o e para os t\u00f3picos definidos para este ano.<\/li>\n\n\n\n<li><strong>Qualidade e conte\u00fado<\/strong>: abordagem da proposta e aspectos de interesse que ela abrange. Clareza com rela\u00e7\u00e3o \u00e0 principal quest\u00e3o de governan\u00e7a da Internet e pol\u00edtica digital abordada.<\/li>\n\n\n\n<li><strong>Defesa de pol\u00edticas p\u00fablicas:<\/strong> as propostas devem levantar at\u00e9 tr\u00eas quest\u00f5es de defesa de pol\u00edticas p\u00fablicas oportunas, interessantes e relevantes a serem abordadas durante a sess\u00e3o e devem estar relacionadas aos resultados pretendidos da proposta. Essas quest\u00f5es s\u00e3o quest\u00f5es de pol\u00edtica p\u00fablica relacionadas \u00e0 \u00e1rea tem\u00e1tica que a sess\u00e3o pretende abordar em seu desenvolvimento.<\/li>\n\n\n\n<li><strong>Diversidade<\/strong>: na composi\u00e7\u00e3o dos membros. Esse crit\u00e9rio \u00e9 composto de v\u00e1rias dimens\u00f5es; a diversidade na lista de participantes ser\u00e1 avaliada em termos de (i) g\u00eanero, (ii) geografia, (iii) etnia, (iv) setor ou grupo de partes interessadas, (v) perspectiva pol\u00edtica e\/ou pessoas com defici\u00eancia, jovens, grupos marginalizados ou sub-representados; e sua qualifica\u00e7\u00e3o para abordar a quest\u00e3o. <strong>Quanto maior o \u00edndice de diversidade<\/strong>, melhor ser\u00e1 a avalia\u00e7\u00e3o, mas esse n\u00e3o \u00e9 um crit\u00e9rio para a elimina\u00e7\u00e3o da proposta. A paridade de g\u00eanero \u00e9 considerada desej\u00e1vel. A inclus\u00e3o de comunidades historicamente exclu\u00eddas e vulner\u00e1veis ser\u00e1 valorizada. Recomenda-se que haja participantes de dois ou mais setores. <strong>Observa\u00e7\u00e3o: A equipe de avalia\u00e7\u00e3o pode fazer sugest\u00f5es para ampliar a diversidade de participantes em algumas propostas.<\/strong><\/li>\n\n\n\n<li><strong>Formato e estrat\u00e9gia de participa\u00e7\u00e3o:<\/strong> consist\u00eancia da descri\u00e7\u00e3o da sess\u00e3o com rela\u00e7\u00e3o ao tipo de sess\u00e3o em termos de tempo, participantes e metodologia. Efic\u00e1cia da estrat\u00e9gia de intera\u00e7\u00e3o com os participantes.<\/li>\n<\/ul>\n\n\n\n<p>A CST considerar\u00e1 importante os crit\u00e9rios acima durante a avalia\u00e7\u00e3o. No entanto, para propostas interessantes com melhorias potenciais, podem ser solicitadas ajustes durante o per\u00edodo de avalia\u00e7\u00e3o para considerar sua inclus\u00e3o no programa.&nbsp;<\/p>\n\n\n\n<p>Entendemos que a natureza dos tipos de sess\u00e3o \u00e9 diferente, e portanto, os crit\u00e9rios n\u00e3o podem ser aplicados com o mesmo n\u00edvel de relev\u00e2ncia. Assim, a pondera\u00e7\u00e3o da classifica\u00e7\u00e3o de cada crit\u00e9rio ser\u00e1 ajustada de acordo com o tipo de sess\u00e3o.&nbsp;<\/p>\n\n\n\n<p>Considera\u00e7\u00f5es especiais ser\u00e3o dadas<strong> se a proposta for origin\u00e1ria do ecossistema do IGF<\/strong>, ou seja, se for proveniente de um Grupo de Trabalho Intersessional (GTI) ou de Iniciativas Nacionais ou Tem\u00e1ticas de Governan\u00e7a da Internet (NRIs) ou outros processos conectados ao LACIGF.<\/p>\n\n\n\n<p>Saiba mais sobre o mecanismo de avalia\u00e7\u00e3o, visite:<\/p>\n\n\n\n<p><\/p>\n\n\n\n<p>tabela a seguir.<\/p>\n\n\n\n<figure class=\"wp-block-table\"><table><tbody><tr><td>Tipo de sess\u00e3o<\/td><td>Relev\u00e2ncia.<\/td><td>Qualidade e conte\u00fado.<\/td><td>Impacto nas pol\u00edticas p\u00fablicas<\/td><td>Diversidade<\/td><td>Formato e estrat\u00e9gia de participa\u00e7\u00e3o.<\/td><td>Total<\/td><\/tr><tr><td>Mesa redonda<\/td><td>20%<\/td><td>20%<\/td><td>20%<\/td><td>20%<\/td><td>20%<\/td><td>100%<\/td><\/tr><tr><td>Oficina pr\u00e1tica<\/td><td>25%<\/td><td>25%<\/td><td>20%<\/td><td>10%<\/td><td>20%<\/td><td>100%<\/td><\/tr><tr><td>painel de exposi\u00e7\u00e3o<\/td><td>20%<\/td><td>20%<\/td><td>20%<\/td><td>20%<\/td><td>20%<\/td><td>100%<\/td><\/tr><tr><td>Discuss\u00e3o em grupo<\/td><td>20%<\/td><td>20%<\/td><td>20%<\/td><td>20%<\/td><td>20%<\/td><td>100%<\/td><\/tr><tr><td>Sess\u00e3o rel\u00e2mpago<\/td><td>25%<\/td><td>25%<\/td><td>20%<\/td><td>10%<\/td><td>20%<\/td><td>100%<\/td><\/tr><tr><td>Debate<\/td><td>20%<\/td><td>20%<\/td><td>20%<\/td><td>20%<\/td><td>20%<\/td><td>100%<\/td><\/tr><tr><td>Outro<\/td><td>20%<\/td><td>20%<\/td><td>20%<\/td><td>20%<\/td><td>20%<\/td><td>100%<\/td><\/tr><\/tbody><\/table><\/figure>\n\n\n\n<p><strong>Outros assuntos a considerar<\/strong><\/p>\n\n\n\n<ul>\n<li>Os membros da CST poder\u00e3o propor ou ser participantes de uma ou mais propostas de sess\u00f5es, por\u00e9m n\u00e3o poder\u00e3o avaliar as propostas das quais fazem parte.<\/li>\n\n\n\n<li>As institui\u00e7\u00f5es das quais fazem parte os membros do CST poder\u00e3o propor ou participar de uma ou mais propostas de sess\u00e3o, por\u00e9m o membro do CST pertencente a essa organiza\u00e7\u00e3o n\u00e3o poder\u00e1 avaliar tais propostas.<\/li>\n<\/ul>\n\n\n\n<h1 class=\"wp-block-heading\"><strong>Sobre os relat\u00f3rios<\/strong><\/h1>\n\n\n\n<p>Os proponentes das sess\u00f5es s\u00e3o respons\u00e1veis por enviar um relat\u00f3rio resumido da sess\u00e3o em um prazo m\u00e1ximo de <strong>5 dias <\/strong>ap\u00f3s o evento, em um formato que ser\u00e1 comunicado aos Relatores.&nbsp;<\/p>\n\n\n\n<p>Os relat\u00f3rios ser\u00e3o publicados no Portal do LACIGF. O n\u00e3o envio do relat\u00f3rio impedir\u00e1 o proponente de participar na pr\u00f3xima edi\u00e7\u00e3o da Chamada de Propostas de Sess\u00e3o.<\/p>\n\n\n\n<h1 class=\"wp-block-heading\"><strong>Forma<\/strong><\/h1>\n\n\n\n<p>Se tiver alguma d\u00favida ou coment\u00e1rio, escreva para contacto@lacigf.org<\/p>\n\n\n\n<h1 class=\"wp-block-heading\"><strong>Outras perguntas:<\/strong><\/h1>\n\n\n\n<ul>\n<li>N\u00famero de sess\u00f5es: A definir. Aproximadamente 8 ou 12<\/li>\n<\/ul>\n\n\n\n<ul>\n<li>Como participar nas sess\u00f5es? (definir como ser\u00e1 feito o cadastro para participar deles)<\/li>\n<\/ul>\n\n\n\n<h1 class=\"wp-block-heading\">Perguntas frequentes<\/h1>\n\n\n\n<p><strong>Se os participantes da minha proposta n\u00e3o tiverem diversidade de setor ou g\u00eanero, a proposta ser\u00e1 rejeitada?&nbsp;<\/strong><\/p>\n\n\n\n<p>Uma maior taxa de diversidade \u00e9 significativamente valorizada, mas n\u00e3o \u00e9 um crit\u00e9rio de elimina\u00e7\u00e3o. A paridade de g\u00eanero \u00e9 considerada desej\u00e1vel.<\/p>\n\n\n\n<p><strong>Quais grupos s\u00e3o considerados parte do ecossistema de Governan\u00e7a da Internet?&nbsp;<\/strong><\/p>\n\n\n\n<p>Isso se refere a Grupos de Trabalho Inter-sessional, iniciativas nacionais ou tem\u00e1ticas (NRIs), como f\u00f3runs nacionais de governan\u00e7a da Internet, YouthLACIGF, entre outros.<\/p>\n","protected":false},"excerpt":{"rendered":"<p>Introdu\u00e7\u00e3o O F\u00f3rum de Governan\u00e7a da Internet da Am\u00e9rica Latina e do Caribe (LACIGF) est\u00e1 chamando para a apresenta\u00e7\u00e3o de propostas de sess\u00f5es para o 17\u00ba LACIGF 2024, que ser\u00e1 realizado em Santiago, Chile, em novembro de 2024. O LACIGF \u00e9 uma iniciativa regional para o di\u00e1logo multissetorial sobre quest\u00f5es relevantes de governan\u00e7a da Internet [&hellip;]<\/p>\n","protected":false},"author":3,"featured_media":0,"parent":0,"menu_order":0,"comment_status":"closed","ping_status":"closed","template":"","meta":{"footnotes":""},"_links":{"self":[{"href":"https:\/\/eventos.lacigf.org\/pt-br\/wp-json\/wp\/v2\/pages\/7692"}],"collection":[{"href":"https:\/\/eventos.lacigf.org\/pt-br\/wp-json\/wp\/v2\/pages"}],"about":[{"href":"https:\/\/eventos.lacigf.org\/pt-br\/wp-json\/wp\/v2\/types\/page"}],"author":[{"embeddable":true,"href":"https:\/\/eventos.lacigf.org\/pt-br\/wp-json\/wp\/v2\/users\/3"}],"replies":[{"embeddable":true,"href":"https:\/\/eventos.lacigf.org\/pt-br\/wp-json\/wp\/v2\/comments?post=7692"}],"version-history":[{"count":3,"href":"https:\/\/eventos.lacigf.org\/pt-br\/wp-json\/wp\/v2\/pages\/7692\/revisions"}],"predecessor-version":[{"id":7788,"href":"https:\/\/eventos.lacigf.org\/pt-br\/wp-json\/wp\/v2\/pages\/7692\/revisions\/7788"}],"wp:attachment":[{"href":"https:\/\/eventos.lacigf.org\/pt-br\/wp-json\/wp\/v2\/media?parent=7692"}],"curies":[{"name":"wp","href":"https:\/\/api.w.org\/{rel}","templated":true}]}}