{"id":7637,"date":"2024-07-12T18:14:42","date_gmt":"2024-07-12T21:14:42","guid":{"rendered":"https:\/\/eventos.lacigf.org\/?page_id=7637"},"modified":"2024-08-09T14:33:37","modified_gmt":"2024-08-09T17:33:37","slug":"avaliacao-de-sessoes-lacigf-17","status":"publish","type":"page","link":"https:\/\/eventos.lacigf.org\/pt-br\/avaliacao-de-sessoes-lacigf-17\/","title":{"rendered":"Avalia\u00e7\u00e3o de Sess\u00f5es do 17\u00ba LACIGF 2024"},"content":{"rendered":"\t\t<div data-elementor-type=\"wp-page\" data-elementor-id=\"7637\" class=\"elementor elementor-7637\">\n\t\t\t\t\t\t\t\t\t<section class=\"elementor-section elementor-top-section elementor-element elementor-element-75df4c19 elementor-section-boxed elementor-section-height-default elementor-section-height-default\" data-id=\"75df4c19\" data-element_type=\"section\">\n\t\t\t\t\t\t<div class=\"elementor-container elementor-column-gap-default\">\n\t\t\t\t\t<div class=\"elementor-column elementor-col-100 elementor-top-column elementor-element elementor-element-619ce1da\" data-id=\"619ce1da\" data-element_type=\"column\">\n\t\t\t<div class=\"elementor-widget-wrap elementor-element-populated\">\n\t\t\t\t\t\t\t\t<div class=\"elementor-element elementor-element-36a79671 elementor-widget elementor-widget-text-editor\" data-id=\"36a79671\" data-element_type=\"widget\" data-widget_type=\"text-editor.default\">\n\t\t\t\t<div class=\"elementor-widget-container\">\n\t\t\t<style>\/*! elementor - v3.16.0 - 09-10-2023 *\/\n.elementor-widget-text-editor.elementor-drop-cap-view-stacked .elementor-drop-cap{background-color:#69727d;color:#fff}.elementor-widget-text-editor.elementor-drop-cap-view-framed .elementor-drop-cap{color:#69727d;border:3px solid;background-color:transparent}.elementor-widget-text-editor:not(.elementor-drop-cap-view-default) .elementor-drop-cap{margin-top:8px}.elementor-widget-text-editor:not(.elementor-drop-cap-view-default) .elementor-drop-cap-letter{width:1em;height:1em}.elementor-widget-text-editor .elementor-drop-cap{float:left;text-align:center;line-height:1;font-size:50px}.elementor-widget-text-editor .elementor-drop-cap-letter{display:inline-block}<\/style>\t\t\t\t<h2>Introdu\u00e7\u00e3o<\/h2><p>A partir de 2024, o LACIGF ter\u00e1 uma agenda composta por sess\u00f5es propostas pela comunidade da Am\u00e9rica Latina e do Caribe interessada na governan\u00e7a da internet e pol\u00edticas digitais.<\/p><p>Para a sele\u00e7\u00e3o das sess\u00f5es, o LACIGF conta com um Comit\u00ea de Sele\u00e7\u00e3o de Workshops (CST), definido em seus estatutos de 2021. O CST \u00e9 respons\u00e1vel pela sele\u00e7\u00e3o das sess\u00f5es que ocorrem a cada ano como parte da agenda do evento anual do LACIGF.<\/p><p>O CST \u00e9 composto por 12 pessoas, 3 de cada setor (comunidade t\u00e9cnica, sociedade civil, setor privado e governo), que se candidataram por meio de uma chamada p\u00fablica e foram selecionadas pelo Comit\u00ea de M\u00faltiplas Partes Interessadas (CMPI) do LACIGF de acordo com crit\u00e9rios de abertura, transpar\u00eancia, inclus\u00e3o, diversidade e n\u00e3o discrimina\u00e7\u00e3o, para garantir uma participa\u00e7\u00e3o equitativa de todos os setores. Veja a composi\u00e7\u00e3o atual do CST em <a href=\"httpss:\/\/eventos.lacigf.org\/pt-br\/conformacao\/\" target=\"_blank\" rel=\"noopener\">httpss:\/\/eventos.lacigf.org\/pt-br\/conformacao\/<\/a>. Um ter\u00e7o (\u2153) do CST \u00e9 renovado a cada ano.<\/p><p>Al\u00e9m disso, o CST, junto com a Secretaria do LACIGF, \u00e9 respons\u00e1vel por elaborar chamadas, estabelecer crit\u00e9rios e definir mecanismos para a avalia\u00e7\u00e3o das sess\u00f5es do LACIGF a cada ano. Veja as atribui\u00e7\u00f5es e responsabilidades do CST em<a href=\"httpss:\/\/eventos.lacigf.org\/atribuciones-y-responsabilidades\/\">\u00a0<\/a><a href=\"httpss:\/\/eventos.lacigf.org\/pt-br\/poderes-e-responsabilidades\/\" target=\"_blank\" rel=\"noopener\">httpss:\/\/eventos.lacigf.org\/pt-br\/poderes-e-responsabilidades\/<\/a>.<\/p><p>Os membros do CST podem apresentar propostas de sess\u00f5es ou ser participantes das mesmas, mas n\u00e3o avaliar\u00e3o as sess\u00f5es nas quais est\u00e3o mencionados como proponentes ou participantes (moderador, relator, painelista, facilitador).<\/p><p>Ao final do per\u00edodo de recebimento de propostas de sess\u00f5es, a Secretaria revisar\u00e1 as propostas apresentadas e anonimizar\u00e1 os proponentes, distribuindo as propostas da maneira mais conveniente entre os membros do CST, garantindo que n\u00e3o haja conflito de interesses.<\/p><h2>Processo de Avalia\u00e7\u00e3o<\/h2><p>As propostas de sess\u00f5es recebidas para o LACIGF 17 ser\u00e3o avaliadas pelo Comit\u00ea de Sele\u00e7\u00e3o de Workshops (CST).<\/p><p>A seguir, detalha-se o processo de avalia\u00e7\u00e3o das propostas.<\/p><h3>A &#8211; Distribui\u00e7\u00e3o de Propostas<\/h3><p>Cada proposta de sess\u00e3o apresentada para o LACIGF 17 ser\u00e1 avaliada por no m\u00ednimo 4 e no m\u00e1ximo 8 membros do CST, pelo menos um (1) de cada setor.<\/p><p>A Secretaria distribuir\u00e1 as propostas entre os membros da CST, levando em conta as prefer\u00eancias tem\u00e1ticas dos avaliadores e garantindo um equil\u00edbrio entre o n\u00famero de propostas alocadas para cada avaliador.<\/p><p>Os membros do CST informar\u00e3o previamente \u00e0 Secretaria as organiza\u00e7\u00f5es \u00e0s quais est\u00e3o vinculados para validar a aus\u00eancia de conflitos de interesse.<\/p><p>Ap\u00f3s a distribui\u00e7\u00e3o das propostas, ser\u00e1 dado um per\u00edodo para que os avaliadores informem \u00e0 Secretaria se h\u00e1 conflito de interesse ou se as propostas atribu\u00eddas n\u00e3o correspondem \u00e0 sua prefer\u00eancia tem\u00e1tica; se for o caso, a Secretaria redistribuir\u00e1 a proposta.<\/p><p>O processo de avalia\u00e7\u00e3o ser\u00e1 an\u00f4nimo durante a avalia\u00e7\u00e3o inicial das propostas, ou seja, os avaliadores n\u00e3o conhecer\u00e3o os nomes nem as organiza\u00e7\u00f5es dos proponentes, e estes n\u00e3o conhecer\u00e3o os nomes nem as organiza\u00e7\u00f5es dos avaliadores de suas propostas.<\/p><p>As propostas devem ser totalmente preenchidas. N\u00e3o devem conter informa\u00e7\u00f5es que permitam identificar diretamente ou indiretamente as organiza\u00e7\u00f5es ou pessoas que prop\u00f5em a sess\u00e3o, exceto nos campos do formul\u00e1rio onde isso for explicitamente solicitado; tais informa\u00e7\u00f5es ser\u00e3o anonimizadas pela Secretaria.<\/p><p>Se a proposta apresentada identificar indevidamente organiza\u00e7\u00f5es e\/ou pessoas proponentes em outros campos do formul\u00e1rio de apresenta\u00e7\u00e3o, a Secretaria solicitar\u00e1 aos Contatos Respons\u00e1veis que corrijam o conte\u00fado dos campos correspondentes ou, se poss\u00edvel e para n\u00e3o comprometer o conte\u00fado da proposta, que as palavras que identificam os proponentes sejam substitu\u00eddas por &#8220;OCULTO POR ANONIMATO&#8221;.<\/p><p>Ser\u00e3o descartadas as propostas que N\u00c3O atendam aos seguintes crit\u00e9rios:<\/p><ul><li aria-level=\"1\">O formul\u00e1rio da proposta deve estar <b>totalmente preenchido.<\/b><\/li><li aria-level=\"1\">Os tipos de proposta relevantes devem incluir um <b>moderador presencial.<\/b><\/li><li aria-level=\"1\">A proposta deve incluir um<b> relator.<\/b><\/li><li aria-level=\"1\">A proposta deve incluir pelo menos um <b>participante<\/b> ou <b>facilitador.<\/b><\/li><li aria-level=\"1\"><b>Pelo menos dois (2) dos participantes<\/b> devem esta<b>r presentes<\/b> no evento (moderador e um facilitador ou palestrante).<\/li><\/ul><h3>B &#8211; Avalia\u00e7\u00e3o Inicial pelo CST<\/h3><p>Ap\u00f3s a distribui\u00e7\u00e3o das propostas ao CST, a avalia\u00e7\u00e3o delas ser\u00e1 feita considerando os seguintes crit\u00e9rios:<\/p><ul><li aria-level=\"1\"><b>Relev\u00e2ncia: <\/b>relev\u00e2ncia da proposta para a Governan\u00e7a da Internet na regi\u00e3o e para os temas definidos para este ano.<\/li><li aria-level=\"1\"><b>Qualidade e Conte\u00fado: <\/b>formula\u00e7\u00e3o da proposta e aspectos de interesse que abrange. Clareza quanto ao tema principal de governan\u00e7a da internet abordado.<\/li><li aria-level=\"1\"><b>Impacto em Pol\u00edticas P\u00fablicas: <\/b>As propostas devem abordar at\u00e9 tr\u00eas quest\u00f5es de impacto em pol\u00edticas p\u00fablicas oportunas, interessantes e pertinentes que ser\u00e3o discutidas durante a sess\u00e3o e devem estar relacionadas aos resultados esperados da proposta. Estas quest\u00f5es dizem respeito a pol\u00edticas p\u00fablicas ligadas ao tema que a sess\u00e3o pretende abordar em seu desenvolvimento.<\/li><li aria-level=\"1\"><b>Diversidade: <\/b>na composi\u00e7\u00e3o dos membros. Este crit\u00e9rio \u00e9 composto por v\u00e1rias dimens\u00f5es e avaliar\u00e1 a diversidade na lista de participantes em termos de (i) g\u00eanero, (ii) geografia, (iii) etnia, (iv) setor ou grupo de interesse, (v) perspectiva pol\u00edtica e\/ou pessoas com defici\u00eancia, jovens, grupos marginalizados ou sub-representados; e sua qualifica\u00e7\u00e3o para abordar o tema.<b> A maior taxa de diversidade<\/b> ter\u00e1 uma melhor avalia\u00e7\u00e3o na avalia\u00e7\u00e3o, mas n\u00e3o \u00e9 um crit\u00e9rio de elimina\u00e7\u00e3o da proposta. A paridade de g\u00eanero \u00e9 considerada desej\u00e1vel. A inclus\u00e3o de comunidades historicamente exclu\u00eddas e vulner\u00e1veis ser\u00e1 valorizada. Recomenda-se a participa\u00e7\u00e3o de membros de dois ou mais setores. <b><i>Nota: A equipe de avalia\u00e7\u00e3o poder\u00e1 fazer sugest\u00f5es para ampliar a diversidade de participantes em algumas propostas durante a fase de avalia\u00e7\u00e3o.<\/i><\/b><\/li><li aria-level=\"1\"><b>Formato e Estrat\u00e9gia de Participa\u00e7\u00e3o:<\/b> Coer\u00eancia da descri\u00e7\u00e3o da sess\u00e3o em rela\u00e7\u00e3o ao tipo de sess\u00e3o em termos de tempo, participantes, metodologia. Efici\u00eancia da estrat\u00e9gia para intera\u00e7\u00e3o com os participantes.<\/li><\/ul><p>Para qualificar cada um desses crit\u00e9rios, os avaliadores atribuir\u00e3o uma pontua\u00e7\u00e3o. Essas pontua\u00e7\u00f5es ser\u00e3o totalizadas considerando a pondera\u00e7\u00e3o relativa ao tipo de sess\u00e3o proposta, conforme indicado na chamada, para obter uma pontua\u00e7\u00e3o final de cada avaliador.<\/p><p>Os avaliadores tamb\u00e9m podem registrar uma nota conceitual, se considerarem pertinente. Essas notas poder\u00e3o ser compartilhadas com os proponentes ap\u00f3s o t\u00e9rmino do per\u00edodo de avalia\u00e7\u00e3o.<\/p><p>Ap\u00f3s o per\u00edodo de avalia\u00e7\u00e3o, a Secretaria calcular\u00e1 a m\u00e9dia dos resultados de todos os avaliadores para obter a pontua\u00e7\u00e3o final de cada proposta.<\/p><h3>C &#8211; Revis\u00e3o Inicial das Propostas Avaliadas<\/h3><p>O CST se reunir\u00e1 e, levando em considera\u00e7\u00e3o a pontua\u00e7\u00e3o final de todas as propostas, analisar\u00e1 aquelas com as pontua\u00e7\u00f5es mais altas para estabelecer uma primeira composi\u00e7\u00e3o do programa, com uma pr\u00e9-sele\u00e7\u00e3o das propostas mais bem classificadas.<\/p><p>Para garantir a diversidade e a inclus\u00e3o desejadas em todas as sess\u00f5es, bem como um equil\u00edbrio tem\u00e1tico adequado, ser\u00e1 considerado o seguinte:<\/p><ul><li aria-level=\"1\">Diversidade de g\u00eanero dos participantes e proponentes das diferentes sess\u00f5es pr\u00e9-selecionadas.<\/li><li aria-level=\"1\">Diversidade de pa\u00edses das diferentes sess\u00f5es pr\u00e9-selecionadas, garantindo uma representa\u00e7\u00e3o geogr\u00e1fica de diversos pa\u00edses da Am\u00e9rica Latina e Caribe (LAC).<\/li><li aria-level=\"1\">Diversidade \u00e9tnica e participa\u00e7\u00e3o de comunidades vulner\u00e1veis. Incentiva-se a participa\u00e7\u00e3o de grupos vulner\u00e1veis, comunidades ind\u00edgenas, afrodescendentes, com flexibilidade para ajustes nas propostas, se necess\u00e1rio.<\/li><li aria-level=\"1\">Diversidade setorial. Assegurar a participa\u00e7\u00e3o de todos os setores nas diferentes sess\u00f5es.<\/li><li aria-level=\"1\">Diversidade de participantes e organiza\u00e7\u00f5es. Um participante pode estar em at\u00e9 duas sess\u00f5es pr\u00e9-selecionadas. M\u00e1ximo de duas propostas podem ser selecionadas de um mesmo proponente (pessoa ou organiza\u00e7\u00e3o).<\/li><li aria-level=\"1\">Diversidade tem\u00e1tica das propostas selecionadas. Evitar concentra\u00e7\u00e3o excessiva em poucos temas.<\/li><\/ul><p>Al\u00e9m disso, ser\u00e1 dada considera\u00e7\u00e3o especial <strong>se a proposta tiver origem no ecossistema do IGF<\/strong>, ou seja, se for proveniente de um Grupo de Trabalho Intersessional (GTI) ou de Iniciativas Nacionais ou Tem\u00e1ticas de Governan\u00e7a da Internet (NRIs) ou outros processos conectados ao LACIGF.<\/p><p>Nesta fase, \u00e9 poss\u00edvel que o CST decida fazer recomenda\u00e7\u00f5es de ajustes para algumas propostas, tanto na composi\u00e7\u00e3o de participantes quanto na orienta\u00e7\u00e3o, atendendo ao crit\u00e9rio de diversidade em suas diferentes dimens\u00f5es. Da mesma forma, o CST pode solicitar a fus\u00e3o de algumas propostas que tenham semelhan\u00e7as quanto ao tema abordado.<\/p><p>A Secretaria ser\u00e1 respons\u00e1vel por solicitar os ajustes necess\u00e1rios aos proponentes, utilizando os endere\u00e7os de e-mail e\/ou n\u00fameros de telefone de contato fornecidos no formul\u00e1rio.<\/p><p>Ser\u00e1 concedido um prazo de uma semana para obter resposta aos ajustes solicitados. Uma vez recebidos esses ajustes pelos proponentes, os avaliadores atribuir\u00e3o uma nova pontua\u00e7\u00e3o. A Secretaria calcular\u00e1 a m\u00e9dia dos resultados de todos os avaliadores e compartilhar\u00e1 os resultados com o CST.<\/p><p>O CMPI revisar\u00e1 as propostas pr\u00e9-selecionadas, bem como as recomenda\u00e7\u00f5es de ajustes feitas pelo CST.<\/p><h3>D &#8211; Revis\u00e3o final das propostas pr\u00e9-selecionadas<\/h3><p>Ap\u00f3s a nova pontua\u00e7\u00e3o, o CST se reunir\u00e1 novamente para revisar as sess\u00f5es pr\u00e9-selecionadas.<\/p><p>Levando em conta as recomenda\u00e7\u00f5es feitas pelo CMPI, bem como verificando a diversidade e a inclus\u00e3o desejadas em todas as sess\u00f5es e um equil\u00edbrio tem\u00e1tico adequado, a sele\u00e7\u00e3o final das propostas ser\u00e1 definida, revisada e endossada pelo CMPI do LACIGF. As propostas ser\u00e3o classificadas da seguinte forma:<\/p><ul><li><b>Propostas selecionadas<\/b>, que ser\u00e3o solicitadas a confirmar sua participa\u00e7\u00e3o.<\/li><li><b>Propostas em lista de espera sujeitas a confirma\u00e7\u00e3o<\/b>, que s\u00e3o pr\u00e9-selecionadas e, caso uma das propostas selecionadas n\u00e3o confirme sua aceita\u00e7\u00e3o, ser\u00e1 notificada solicitando a confirma\u00e7\u00e3o de participa\u00e7\u00e3o correspondente.<\/li><li><b>Propostas n\u00e3o selecionadas<\/b>.<\/li><\/ul><p>Ser\u00e3o selecionadas no m\u00e1ximo duas (2) propostas feitas pelo mesmo proponente (pessoa ou organiza\u00e7\u00e3o).<\/p><h3>E-Notifica\u00e7\u00e3o de sele\u00e7\u00e3o<\/h3><p>A seguir, a Secretaria entrar\u00e1 em contato com os proponentes das sess\u00f5es selecionadas, solicitando sua confirma\u00e7\u00e3o para participa\u00e7\u00e3o no 17\u00ba LACIGF.<\/p><p>Os selecionados devem responder at\u00e9 27 de setembro de 2024, confirmando sua participa\u00e7\u00e3o. Em caso de falta de confirma\u00e7\u00e3o, ser\u00e1 contatada uma das propostas pr\u00e9-selecionadas para confirmar participa\u00e7\u00e3o.<\/p><p>Durante o mesmo per\u00edodo, a Secretaria entrar\u00e1 em contato com os participantes das sess\u00f5es selecionadas para confirmar sua participa\u00e7\u00e3o presencial ou virtual. Se pelo menos 60% dos participantes n\u00e3o confirmarem, a sess\u00e3o ser\u00e1 descartada.<\/p><p>As sess\u00f5es selecionadas e confirmadas ser\u00e3o publicadas no portal do LACIGF.<\/p><p>N\u00e3o haver\u00e1 apela\u00e7\u00e3o contra a decis\u00e3o final que cont\u00e9m a lista de sess\u00f5es selecionadas\/aprovadas.<\/p><h2>Programa de bolsas<\/h2><p>O programa de bolsas do LACIGF dar\u00e1 prioridade \u00e0s inscri\u00e7\u00f5es feitas por pessoas que sejam proponentes ou participantes das sess\u00f5es selecionadas.<\/p><p>Os crit\u00e9rios e condi\u00e7\u00f5es do programa de bolsas ser\u00e3o publicados no site do LACIGF no m\u00eas de setembro. As pessoas interessadas em obter uma bolsa dever\u00e3o preencher o formul\u00e1rio correspondente e passar pelo processo de avalia\u00e7\u00e3o.<\/p>\t\t\t\t\t\t<\/div>\n\t\t\t\t<\/div>\n\t\t\t\t\t<\/div>\n\t\t<\/div>\n\t\t\t\t\t\t\t<\/div>\n\t\t<\/section>\n\t\t\t\t<section class=\"elementor-section elementor-top-section elementor-element elementor-element-19ed523 elementor-section-boxed elementor-section-height-default elementor-section-height-default\" data-id=\"19ed523\" data-element_type=\"section\">\n\t\t\t\t\t\t<div class=\"elementor-container elementor-column-gap-default\">\n\t\t\t\t\t<div class=\"elementor-column elementor-col-100 elementor-top-column elementor-element elementor-element-c5050fe\" data-id=\"c5050fe\" data-element_type=\"column\">\n\t\t\t<div class=\"elementor-widget-wrap elementor-element-populated\">\n\t\t\t\t\t\t\t\t<div class=\"elementor-element elementor-element-d83e95e elementor-align-center elementor-widget elementor-widget-button\" data-id=\"d83e95e\" data-element_type=\"widget\" data-widget_type=\"button.default\">\n\t\t\t\t<div class=\"elementor-widget-container\">\n\t\t\t\t\t<div class=\"elementor-button-wrapper\">\n\t\t\t<a class=\"elementor-button elementor-button-link elementor-size-sm\" href=\"\">\n\t\t\t\t\t\t<span class=\"elementor-button-content-wrapper\">\n\t\t\t\t\t\t<span class=\"elementor-button-text\">Voltar para a chamada de inscri\u00e7\u00f5es para sess\u00f5es<\/span>\n\t\t<\/span>\n\t\t\t\t\t<\/a>\n\t\t<\/div>\n\t\t\t\t<\/div>\n\t\t\t\t<\/div>\n\t\t\t\t\t<\/div>\n\t\t<\/div>\n\t\t\t\t\t\t\t<\/div>\n\t\t<\/section>\n\t\t\t\t\t\t\t<\/div>\n\t\t","protected":false},"excerpt":{"rendered":"<p>Introdu\u00e7\u00e3o A partir de 2024, o LACIGF ter\u00e1 uma agenda composta por sess\u00f5es propostas pela comunidade da Am\u00e9rica Latina e do Caribe interessada na governan\u00e7a da internet e pol\u00edticas digitais. Para a sele\u00e7\u00e3o das sess\u00f5es, o LACIGF conta com um Comit\u00ea de Sele\u00e7\u00e3o de Workshops (CST), definido em seus estatutos de 2021. O CST \u00e9 [&hellip;]<\/p>\n","protected":false},"author":3,"featured_media":0,"parent":0,"menu_order":0,"comment_status":"closed","ping_status":"closed","template":"","meta":{"footnotes":""},"_links":{"self":[{"href":"https:\/\/eventos.lacigf.org\/pt-br\/wp-json\/wp\/v2\/pages\/7637"}],"collection":[{"href":"https:\/\/eventos.lacigf.org\/pt-br\/wp-json\/wp\/v2\/pages"}],"about":[{"href":"https:\/\/eventos.lacigf.org\/pt-br\/wp-json\/wp\/v2\/types\/page"}],"author":[{"embeddable":true,"href":"https:\/\/eventos.lacigf.org\/pt-br\/wp-json\/wp\/v2\/users\/3"}],"replies":[{"embeddable":true,"href":"https:\/\/eventos.lacigf.org\/pt-br\/wp-json\/wp\/v2\/comments?post=7637"}],"version-history":[{"count":26,"href":"https:\/\/eventos.lacigf.org\/pt-br\/wp-json\/wp\/v2\/pages\/7637\/revisions"}],"predecessor-version":[{"id":8361,"href":"https:\/\/eventos.lacigf.org\/pt-br\/wp-json\/wp\/v2\/pages\/7637\/revisions\/8361"}],"wp:attachment":[{"href":"https:\/\/eventos.lacigf.org\/pt-br\/wp-json\/wp\/v2\/media?parent=7637"}],"curies":[{"name":"wp","href":"https:\/\/api.w.org\/{rel}","templated":true}]}}