{"id":74,"date":"2019-03-29T16:48:18","date_gmt":"2019-03-29T19:48:18","guid":{"rendered":"https:\/\/eventos.lacigf.org\/?page_id=74"},"modified":"2019-03-29T16:48:19","modified_gmt":"2019-03-29T19:48:19","slug":"hospedar-lacigf","status":"publish","type":"page","link":"https:\/\/eventos.lacigf.org\/pt-br\/hospedar-lacigf\/","title":{"rendered":"Hospedar LACIGF"},"content":{"rendered":"\n<p><strong>CHAMADO A PROPOSTAS\nPARA SEDE DO F\u00d3RUM DE GOVERNAN\u00c7A DA INTERNET DA AM\u00c9RICA LATINA E CARIBE \u2013\nLACIGF<\/strong><\/p>\n\n\n\n<p>O Comit\u00ea Organizador da LACIGF tem o prazer de anunciar a realiza\u00e7\u00e3o do\nd\u00e9cimo segundo F\u00f3rum de Governan\u00e7a da Internet, a ser celebrado na semana de 5\na 9 de agosto de 2019.<\/p>\n\n\n\n<p>Igual que nas edi\u00e7\u00f5es anteriores, o motivo da reuni\u00e3o \u00e9 brindar um espa\u00e7o\npara o di\u00e1logo pol\u00edtico multisetorial no qual pessoas importantes dos governos,\nsetor privado, comunidade t\u00e9cnica, academia e organiza\u00e7\u00f5es da sociedade civil\napresentem e discutam suas perspectivas. A regi\u00e3o tem avan\u00e7ado na compreens\u00e3o\ndos desafios atuais da governan\u00e7a da internet e a continua\u00e7\u00e3o do debate contribuir\u00e1\npara aprofundar na identifica\u00e7\u00e3o da regi\u00e3o no F\u00f3rum de Governan\u00e7a da Internet\n(FGI) de 2019.<\/p>\n\n\n\n<p>Adicionalmente, o encontro prop\u00f5e, como nas oportunidades anteriores,\ninformar aos participantes da regi\u00e3o sobre os temas e tend\u00eancias do debate e\ndiscuss\u00e3o do FGI global. O processo da regionaliza\u00e7\u00e3o da discuss\u00e3o em torno \u00e0\nagenda colocada pelo FGI vem tomando forma desde 2008. Para as edi\u00e7\u00f5es de 2019\ne 2020 deste evento, o Comit\u00ea do programa encontra-se procurando organiza\u00e7\u00f5es\npara oficiar como sede da reuni\u00e3o.<\/p>\n\n\n\n<p>As propostas das organiza\u00e7\u00f5es interessadas em serem anfitrioas do LACIGF\n2019 e LACIGF 2020 ser\u00e3o recebidas de 14 de dezembro de 2018 a 8 de mar\u00e7o de\n2019.<\/p>\n\n\n\n<p>O Comit\u00ea de Programa escolher\u00e1, de acordo com seus crit\u00e9rios, as duas\nmelhores propostas para a concess\u00e3o das sedes do LACIGF 2019 e LACIGF 2020.<\/p>\n\n\n\n<ol><li>Descri\u00e7\u00e3o do processo<\/li><\/ol>\n\n\n\n<p>As edi\u00e7\u00f5es anteriores da reuni\u00e3o regional da Am\u00e9rica Latina e do Caribe\npreparat\u00f3ria para o F\u00f3rum de Governan\u00e7a da Internet reuniram uma m\u00e9dia de 200\nparticipantes com uma dura\u00e7\u00e3o de 3 dias. Desde 2011, a agenda da reuni\u00e3o se\ndetermina mediante uma modalidade aberta, baseada numa consulta\/opini\u00e3o\np\u00fablica. O Comit\u00ea do programa \u00e9 respons\u00e1vel de estruturar a consulta p\u00fablica\npara a consolida\u00e7\u00e3o da agenda, bem como convidar a panelistas e moderadores\/as.<\/p>\n\n\n\n<p>A organiza\u00e7\u00e3o anfitri\u00e3 \u00e9 respons\u00e1vel dos aspectos log\u00edsticos da reuni\u00e3o,\nentre os que se encontram escolher a sede, coordenar a hospedagem dos\nparticipantes nos hot\u00e9is, organizar o transporte, o catering e apoiar a difus\u00e3o\ndo evento. A organiza\u00e7\u00e3o anfitri\u00e3 dever\u00e1, ademais, preparar e manter atualizado\no or\u00e7amento do evento.<\/p>\n\n\n\n<p>O or\u00e7amento do evento \u00e9 elaborado ao longo da prepara\u00e7\u00e3o do mesmo, e o\nComit\u00ea do programa se compromete num esfor\u00e7o conjunto do levantamento de\nfundos. Parte do or\u00e7amento encontra-se garantido desde o in\u00edcio do processo,\npor\u00e9m a quantidade total dos recursos dispon\u00edveis entre todas as organiza\u00e7\u00f5es\nenvolvidas no evento \u00e9 provisional, o que justifica a necessidade de um\ncompromisso comum entre todas as partes para tomar decis\u00f5es baseadas na\notimiza\u00e7\u00e3o dos recursos. Segundo o exposto, se espera que a organiza\u00e7\u00e3o\nanfitri\u00e3 envolva-se nessa din\u00e2mica facilitando um uso eficiente dos recursos\nfinanceiros e humanos.<\/p>\n\n\n\n<ul><li>Tarefas para levar a cabo por parte da organiza\u00e7\u00e3o anfitri\u00e3<\/li><\/ul>\n\n\n\n<ul><li>Desenvolver um\n     or\u00e7amento preliminar.<\/li><li>Trabalhar com o\n     Comit\u00ea de programa na escolha da sede do evento.<\/li><li>Desenvolver\n     potenciais colabora\u00e7\u00f5es locais e conseguir poss\u00edveis fontes locais de\n     financiamento, celebrando contratos a este efeito.<\/li><li>Estabelecer\n     enlace com hot\u00e9is pr\u00f3ximos \u00e0 sede e negociar pacotes para a hospedagem dos\n     participantes.<\/li><li>Assistir aos\/\u00e0s\n     participantes na obten\u00e7\u00e3o de visas, preparando convites e oferecendo toda\n     a informa\u00e7\u00e3o necess\u00e1ria para o processo de aplica\u00e7\u00e3o.<\/li><li>Contratar\n     servi\u00e7os de catering, alugar equipamento, contratar servi\u00e7os de tradu\u00e7\u00e3o e\n     interpreta\u00e7\u00e3o, comprar materiais de escrit\u00f3rio, mestre de cerim\u00f4nias.<\/li><li>Coordenar\n     produ\u00e7\u00e3o gr\u00e1fica e impress\u00e3o de materiais de difus\u00e3o.<\/li><li>Supervisar a\n     log\u00edstica antes e durante o evento.<\/li><li>Apresentar uma\n     detalhada rendi\u00e7\u00e3o de contas sobre os gastos efetuados e as atividades\n     realizadas depois do evento.<\/li><\/ul>\n\n\n\n<p>Espera-se que a organiza\u00e7\u00e3o anfitri\u00e3 atribua um ponto focal ou l\u00edder de\nequipe que possa interagir regularmente com o Comit\u00ea de programa, participando\nna coordena\u00e7\u00e3o e planificando reuni\u00f5es regularmente.<\/p>\n\n\n\n<ul><li>Requisitos<\/li><\/ul>\n\n\n\n<ul><li>A organiza\u00e7\u00e3o\n     anfitri\u00e3 deve estar formalmente registrada sob a legisla\u00e7\u00e3o de algum dos\n     pa\u00edses da regi\u00e3o da Am\u00e9rica Latina e do Caribe.<\/li><li>A organiza\u00e7\u00e3o\n     anfitri\u00e3 deve estar preparada para excepcionalmente gerir transfer\u00eancias\n     diretas de recursos por parte dos patrocinadores ou doadores, para\n     servi\u00e7os contratados ou outros benefici\u00e1rios \u2013 tais como bolsas de\n     estudos, ticket alimenta\u00e7\u00e3o, etc. \u2013 e de acordo com o estabelecido pelo\n     Comit\u00ea do programa.<\/li><li>A organiza\u00e7\u00e3o anfitri\u00e3\n     deve ter uma experi\u00eancia provada na organiza\u00e7\u00e3o de eventos e trabalho com\n     diferentes participantes (governos, sociedade civil e setor privado).<\/li><li>A organiza\u00e7\u00e3o\n     anfitri\u00e3 deve ter provada familiaridade com a mat\u00e9ria de governan\u00e7a da\n     Internet.<\/li><li>Instru\u00e7\u00f5es para envio de aplica\u00e7\u00f5es<\/li><\/ul>\n\n\n\n<p>As organiza\u00e7\u00f5es interessadas devem remeter suas aplica\u00e7\u00f5es at\u00e9 o dia 8 de\nmar\u00e7o de 2019, incluindo:<\/p>\n\n\n\n<ul><li>Carta de\n     express\u00e3o de interesse e descri\u00e7\u00e3o das qualifica\u00e7\u00f5es da organiza\u00e7\u00e3o ou da\n     equipe de trabalho para efetuar as tarefas envolvidas na organiza\u00e7\u00e3o do\n     evento regional. A carta deve incluir:<\/li><li>O curriculum\n     vitae do ponto focal ou l\u00edder de equipe que estar\u00e1 envolvido no projeto.<\/li><li>S\u00edtio web da\n     organiza\u00e7\u00e3o e correios eletr\u00f4nicos, endere\u00e7os e n\u00fameros de telefone das\n     pessoas de contato.<\/li><li>Nomes e contatos\n     de tr\u00eas organiza\u00e7\u00f5es que possam fornecer refer\u00eancias, no caso de ser\n     necess\u00e1rio.<\/li><li>Apresenta\u00e7\u00e3o\n     discriminada do or\u00e7amento das despesas para o evento em d\u00f3lares\n     americanos. Uma vez confirmada a sede, a Secretaria poder\u00e1 solicitar\n     ajustes no mesmo.<\/li><li>Uma estimativa\n     do custo que o Comit\u00ea do programa deveria atribuir para cobrir o tempo de\n     trabalho da organiza\u00e7\u00e3o anfitri\u00e3.<\/li><\/ul>\n\n\n\n<p>Datas importantes<\/p>\n\n\n\n<p>As entrevistas com as organiza\u00e7\u00f5es finalistas ser\u00e3o levadas a cabo do 11\na at\u00e9 o 29 de mar\u00e7o de 2019.<\/p>\n\n\n\n<p>Consulte aqui -insertar link para descargar pdf- os&nbsp;<a href=\"https:\/\/eventos.lacigf.org\/wp-content\/uploads\/2018\/12\/requerimientos-lacigf-pt.pdf\" target=\"_blank\" rel=\"noreferrer noopener\">requisitos<\/a>&nbsp;para hospedar o LACIGF.<\/p>\n\n\n\n<p>As&nbsp;propostas&nbsp;devem ser preenchidas no seguinte&nbsp;<a href=\"https:\/\/eventos.lacigf.org\/hospedar-lacigf-form\/\">formul\u00e1rio<\/a>.<\/p>\n\n\n\n<p>As candidaturas ser\u00e3o aceitas at\u00e9 8 de mar\u00e7o de 2019.\n\nPor informa\u00e7\u00f5es\nadicionais ou consultas, entre em contato com a Secretaria do LACIGF:&nbsp;<a href=\"mailto:secretaria@lacigf.org\">secretaria@lacigf.org<\/a>.\n\n\n\n<\/p>\n","protected":false},"excerpt":{"rendered":"<p>CHAMADO A PROPOSTAS PARA SEDE DO F\u00d3RUM DE GOVERNAN\u00c7A DA INTERNET DA AM\u00c9RICA LATINA E CARIBE \u2013 LACIGF O Comit\u00ea Organizador da LACIGF tem o prazer de anunciar a realiza\u00e7\u00e3o do d\u00e9cimo segundo F\u00f3rum de Governan\u00e7a da Internet, a ser celebrado na semana de 5 a 9 de agosto de 2019. Igual que nas edi\u00e7\u00f5es [&hellip;]<\/p>\n","protected":false},"author":1,"featured_media":0,"parent":0,"menu_order":0,"comment_status":"closed","ping_status":"closed","template":"","meta":{"footnotes":""},"_links":{"self":[{"href":"https:\/\/eventos.lacigf.org\/pt-br\/wp-json\/wp\/v2\/pages\/74"}],"collection":[{"href":"https:\/\/eventos.lacigf.org\/pt-br\/wp-json\/wp\/v2\/pages"}],"about":[{"href":"https:\/\/eventos.lacigf.org\/pt-br\/wp-json\/wp\/v2\/types\/page"}],"author":[{"embeddable":true,"href":"https:\/\/eventos.lacigf.org\/pt-br\/wp-json\/wp\/v2\/users\/1"}],"replies":[{"embeddable":true,"href":"https:\/\/eventos.lacigf.org\/pt-br\/wp-json\/wp\/v2\/comments?post=74"}],"version-history":[{"count":1,"href":"https:\/\/eventos.lacigf.org\/pt-br\/wp-json\/wp\/v2\/pages\/74\/revisions"}],"predecessor-version":[{"id":75,"href":"https:\/\/eventos.lacigf.org\/pt-br\/wp-json\/wp\/v2\/pages\/74\/revisions\/75"}],"wp:attachment":[{"href":"https:\/\/eventos.lacigf.org\/pt-br\/wp-json\/wp\/v2\/media?parent=74"}],"curies":[{"name":"wp","href":"https:\/\/api.w.org\/{rel}","templated":true}]}}