{"id":7291,"date":"2024-05-20T11:49:01","date_gmt":"2024-05-20T14:49:01","guid":{"rendered":"https:\/\/eventos.lacigf.org\/?page_id=7291"},"modified":"2024-05-21T18:43:58","modified_gmt":"2024-05-21T21:43:58","slug":"poderes-e-responsabilidades","status":"publish","type":"page","link":"https:\/\/eventos.lacigf.org\/pt-br\/poderes-e-responsabilidades\/","title":{"rendered":"Atribui\u00e7\u00f5es e responsabilidades"},"content":{"rendered":"\t\t<div data-elementor-type=\"wp-page\" data-elementor-id=\"7291\" class=\"elementor elementor-7291\">\n\t\t\t\t\t\t\t\t\t<section class=\"elementor-section elementor-top-section elementor-element elementor-element-28c598e elementor-section-boxed elementor-section-height-default elementor-section-height-default\" data-id=\"28c598e\" data-element_type=\"section\">\n\t\t\t\t\t\t<div class=\"elementor-container elementor-column-gap-default\">\n\t\t\t\t\t<div class=\"elementor-column elementor-col-100 elementor-top-column elementor-element elementor-element-14242ff\" data-id=\"14242ff\" data-element_type=\"column\">\n\t\t\t<div class=\"elementor-widget-wrap elementor-element-populated\">\n\t\t\t\t\t\t\t\t<div class=\"elementor-element elementor-element-22817b6 elementor-widget elementor-widget-text-editor\" data-id=\"22817b6\" data-element_type=\"widget\" data-widget_type=\"text-editor.default\">\n\t\t\t\t<div class=\"elementor-widget-container\">\n\t\t\t<style>\/*! elementor - v3.16.0 - 09-10-2023 *\/\n.elementor-widget-text-editor.elementor-drop-cap-view-stacked .elementor-drop-cap{background-color:#69727d;color:#fff}.elementor-widget-text-editor.elementor-drop-cap-view-framed .elementor-drop-cap{color:#69727d;border:3px solid;background-color:transparent}.elementor-widget-text-editor:not(.elementor-drop-cap-view-default) .elementor-drop-cap{margin-top:8px}.elementor-widget-text-editor:not(.elementor-drop-cap-view-default) .elementor-drop-cap-letter{width:1em;height:1em}.elementor-widget-text-editor .elementor-drop-cap{float:left;text-align:center;line-height:1;font-size:50px}.elementor-widget-text-editor .elementor-drop-cap-letter{display:inline-block}<\/style>\t\t\t\t<p>O Comit\u00ea de Sele\u00e7\u00e3o de Oficinas (CST) \u00e9 o respons\u00e1vel por selecionar as oficinas a serem realizadas a cada ano como parte da agenda do evento anual do LACIGF.<\/p>\n<p>A obriga\u00e7\u00e3o principal dos membros do CMPI \u00e9 salvaguardar os interesses do LACIGF desde a sua respectiva responsabilidade, sobre os interesses dos grupos espec\u00edficos que representam.<br><\/p>\n<p>Al\u00e9m disso, as responsabilidades do Comit\u00ea de Sele\u00e7\u00e3o do Workshop incluem, mas n\u00e3o est\u00e3o limitadas a:<\/p>\n<p><\/p>\n<p>a)Elaborar as chamadas para propostas de oficinas em coordena\u00e7\u00e3o com o CMPI e a Secretaria, com base nos temas gerais da agenda anual definidos pelo CMPI.<\/p>\n<p>b) Elaborar, com o apoio da Secretaria, guias para auxiliar os interessados na apresenta\u00e7\u00e3o de propostas de oficinas.<br><\/p><div>c) Definir os mecanismos de avalia\u00e7\u00e3o das propostas recebidas.<\/div><div><br><\/div><div>d) Fazer as avalia\u00e7\u00f5es e selecionar, de acordo com os crit\u00e9rios estabelecidos e em coordena\u00e7\u00e3o tem\u00e1tica com o CMPI, as oficinas a serem realizadas.<\/div><div><br><\/div><div>e) Solicitar ajustes nas propostas quando necess\u00e1rio, e avaliar os ajustes que fa\u00e7am os proponentes. Os requisitos podem incluir o pedido de combina\u00e7\u00e3o e\/ou unifica\u00e7\u00e3o de diferentes propostas.<\/div><div><br><\/div>f) Comunica\u00e7\u00e3o em coordena\u00e7\u00e3o com a Secretaria dos resultados da sele\u00e7\u00e3o.\t\t\t\t\t\t<\/div>\n\t\t\t\t<\/div>\n\t\t\t\t\t<\/div>\n\t\t<\/div>\n\t\t\t\t\t\t\t<\/div>\n\t\t<\/section>\n\t\t\t\t\t\t\t<\/div>\n\t\t","protected":false},"excerpt":{"rendered":"<p>O Comit\u00ea de Sele\u00e7\u00e3o de Oficinas (CST) \u00e9 o respons\u00e1vel por selecionar as oficinas a serem realizadas a cada ano como parte da agenda do evento anual do LACIGF. A obriga\u00e7\u00e3o principal dos membros do CMPI \u00e9 salvaguardar os interesses do LACIGF desde a sua respectiva responsabilidade, sobre os interesses dos grupos espec\u00edficos que representam. [&hellip;]<\/p>\n","protected":false},"author":3,"featured_media":0,"parent":0,"menu_order":0,"comment_status":"closed","ping_status":"closed","template":"","meta":{"footnotes":""},"_links":{"self":[{"href":"https:\/\/eventos.lacigf.org\/pt-br\/wp-json\/wp\/v2\/pages\/7291"}],"collection":[{"href":"https:\/\/eventos.lacigf.org\/pt-br\/wp-json\/wp\/v2\/pages"}],"about":[{"href":"https:\/\/eventos.lacigf.org\/pt-br\/wp-json\/wp\/v2\/types\/page"}],"author":[{"embeddable":true,"href":"https:\/\/eventos.lacigf.org\/pt-br\/wp-json\/wp\/v2\/users\/3"}],"replies":[{"embeddable":true,"href":"https:\/\/eventos.lacigf.org\/pt-br\/wp-json\/wp\/v2\/comments?post=7291"}],"version-history":[{"count":8,"href":"https:\/\/eventos.lacigf.org\/pt-br\/wp-json\/wp\/v2\/pages\/7291\/revisions"}],"predecessor-version":[{"id":7326,"href":"https:\/\/eventos.lacigf.org\/pt-br\/wp-json\/wp\/v2\/pages\/7291\/revisions\/7326"}],"wp:attachment":[{"href":"https:\/\/eventos.lacigf.org\/pt-br\/wp-json\/wp\/v2\/media?parent=7291"}],"curies":[{"name":"wp","href":"https:\/\/api.w.org\/{rel}","templated":true}]}}