{"id":7285,"date":"2024-05-20T11:43:57","date_gmt":"2024-05-20T14:43:57","guid":{"rendered":"https:\/\/eventos.lacigf.org\/?page_id=7285"},"modified":"2024-06-25T20:39:43","modified_gmt":"2024-06-25T23:39:43","slug":"conformacao","status":"publish","type":"page","link":"https:\/\/eventos.lacigf.org\/pt-br\/conformacao\/","title":{"rendered":"Conforma\u00e7\u00e3o"},"content":{"rendered":"\t\t<div data-elementor-type=\"wp-page\" data-elementor-id=\"7285\" class=\"elementor elementor-7285\">\n\t\t\t\t\t\t\t\t\t<section class=\"elementor-section elementor-top-section elementor-element elementor-element-f34b12c elementor-section-boxed elementor-section-height-default elementor-section-height-default\" data-id=\"f34b12c\" data-element_type=\"section\">\n\t\t\t\t\t\t<div class=\"elementor-container elementor-column-gap-default\">\n\t\t\t\t\t<div class=\"elementor-column elementor-col-100 elementor-top-column elementor-element elementor-element-d07ef9e\" data-id=\"d07ef9e\" data-element_type=\"column\">\n\t\t\t<div class=\"elementor-widget-wrap elementor-element-populated\">\n\t\t\t\t\t\t\t\t<div class=\"elementor-element elementor-element-a06d748 elementor-widget elementor-widget-text-editor\" data-id=\"a06d748\" data-element_type=\"widget\" data-widget_type=\"text-editor.default\">\n\t\t\t\t<div class=\"elementor-widget-container\">\n\t\t\t<style>\/*! elementor - v3.16.0 - 09-10-2023 *\/\n.elementor-widget-text-editor.elementor-drop-cap-view-stacked .elementor-drop-cap{background-color:#69727d;color:#fff}.elementor-widget-text-editor.elementor-drop-cap-view-framed .elementor-drop-cap{color:#69727d;border:3px solid;background-color:transparent}.elementor-widget-text-editor:not(.elementor-drop-cap-view-default) .elementor-drop-cap{margin-top:8px}.elementor-widget-text-editor:not(.elementor-drop-cap-view-default) .elementor-drop-cap-letter{width:1em;height:1em}.elementor-widget-text-editor .elementor-drop-cap{float:left;text-align:center;line-height:1;font-size:50px}.elementor-widget-text-editor .elementor-drop-cap-letter{display:inline-block}<\/style>\t\t\t\t<p>O Comit\u00ea de Sele\u00e7\u00e3o de Workshops (CST) \u00e9 respons\u00e1vel por selecionar os workshops que ser\u00e3o realizados a cada ano como parte da agenda anual do evento LACIGF.<\/p>\n<p>O CST \u00e9 composto por 12 pessoas, 3 de cada setor: comunidade t\u00e9cnica, sociedade civil, setor privado, governo, que s\u00e3o selecionadas pelo Comit\u00ea Multiatores (CMPI).<\/p>\n<p>Esta comiss\u00e3o surge dos estatutos definidos em 2021 e \u00e9 constitu\u00edda pela primeira vez em 2024 ap\u00f3s uma convocat\u00f3ria a partir da qual \u00e9 definido um grupo diversificado e multissetorial de diferentes nacionalidades, conforme segue:<\/p>\n<p><\/p>\n<p><strong>Comunidade t\u00e9cnica:<\/strong><\/p>\n<p>Raquel Gatto. NIC.br (Brasil, 2024 a 2026)<\/p>\n<p>Carmen Diaz Novelo. Universidade Aut\u00f4noma de Yucat\u00e1n (M\u00e9xico, 2024 a 2025)<br><\/p>\n<p>Roberto Zambrana. IGF Bol\u00edvia (Bol\u00edvia, 2024)<\/p>\n<p><\/p>\n<p><strong>Setor privado:<\/strong><\/p>\n<p>Patr\u00edcia Falcon\u00ed Castillo. Associa\u00e7\u00e3o de Empresas de Telecomunica\u00e7\u00f5es &#8211; Asetel (Equador, 2024 a 2026)<\/p>\n<p>Germ\u00e1n L\u00f3pez. C\u00e2mara Colombiana de Inform\u00e1tica e Telecomunica\u00e7\u00f5es &#8211; CCIT (Col\u00f4mbia, 2024 a 2025)<\/p>\n<p>Luis Maur\u00edcio Torres Alcocer. Centro de Estudos de Telecomunica\u00e7\u00f5es da Am\u00e9rica Latina (cet.la) (M\u00e9xico, 2024)<\/p>\n<p><\/p>\n<p><strong>Sociedade civil:<\/strong><\/p>\n<p>Pilar Saenz. Funda\u00e7\u00e3o Karisma (Col\u00f4mbia, 2024 a 2026)<\/p>\n<p>Fiorella Ferrari Lavalle. Hiperderecho (Peru, 2024 a 2025)<\/p>\n<p>Maricarmen Sequera. TEDIC (Paraguai, 2024)<\/p>\n<p><\/p>\n<p><strong>Governo:<\/strong><\/p>\n<p>Olga Cavalli. Faculdade de Defesa Nacional da Argentina (Argentina, 2024 a 2026)<\/p>\n<p>Johana Obando Bonilla. Deputado da Assembleia Legislativa da Costa Rica (Costa Rica, 2024 a 2025)<\/p>\n<p>Maria Camila Rojas Azula. MINTIC (Col\u00f4mbia, 2024)<\/p>\t\t\t\t\t\t<\/div>\n\t\t\t\t<\/div>\n\t\t\t\t\t<\/div>\n\t\t<\/div>\n\t\t\t\t\t\t\t<\/div>\n\t\t<\/section>\n\t\t\t\t\t\t\t<\/div>\n\t\t","protected":false},"excerpt":{"rendered":"<p>O Comit\u00ea de Sele\u00e7\u00e3o de Workshops (CST) \u00e9 respons\u00e1vel por selecionar os workshops que ser\u00e3o realizados a cada ano como parte da agenda anual do evento LACIGF. O CST \u00e9 composto por 12 pessoas, 3 de cada setor: comunidade t\u00e9cnica, sociedade civil, setor privado, governo, que s\u00e3o selecionadas pelo Comit\u00ea Multiatores (CMPI). Esta comiss\u00e3o surge [&hellip;]<\/p>\n","protected":false},"author":3,"featured_media":0,"parent":0,"menu_order":0,"comment_status":"closed","ping_status":"closed","template":"","meta":{"footnotes":""},"_links":{"self":[{"href":"https:\/\/eventos.lacigf.org\/pt-br\/wp-json\/wp\/v2\/pages\/7285"}],"collection":[{"href":"https:\/\/eventos.lacigf.org\/pt-br\/wp-json\/wp\/v2\/pages"}],"about":[{"href":"https:\/\/eventos.lacigf.org\/pt-br\/wp-json\/wp\/v2\/types\/page"}],"author":[{"embeddable":true,"href":"https:\/\/eventos.lacigf.org\/pt-br\/wp-json\/wp\/v2\/users\/3"}],"replies":[{"embeddable":true,"href":"https:\/\/eventos.lacigf.org\/pt-br\/wp-json\/wp\/v2\/comments?post=7285"}],"version-history":[{"count":17,"href":"https:\/\/eventos.lacigf.org\/pt-br\/wp-json\/wp\/v2\/pages\/7285\/revisions"}],"predecessor-version":[{"id":7492,"href":"https:\/\/eventos.lacigf.org\/pt-br\/wp-json\/wp\/v2\/pages\/7285\/revisions\/7492"}],"wp:attachment":[{"href":"https:\/\/eventos.lacigf.org\/pt-br\/wp-json\/wp\/v2\/media?parent=7285"}],"curies":[{"name":"wp","href":"https:\/\/api.w.org\/{rel}","templated":true}]}}