{"id":72,"date":"2019-03-29T16:47:28","date_gmt":"2019-03-29T19:47:28","guid":{"rendered":"https:\/\/eventos.lacigf.org\/?page_id=72"},"modified":"2021-10-13T23:38:45","modified_gmt":"2021-10-14T02:38:45","slug":"trustfund","status":"publish","type":"page","link":"https:\/\/eventos.lacigf.org\/pt-br\/trustfund\/","title":{"rendered":"Trustfund"},"content":{"rendered":"\t\t<div data-elementor-type=\"wp-page\" data-elementor-id=\"72\" class=\"elementor elementor-72\">\n\t\t\t\t\t\t\t\t\t<section class=\"elementor-section elementor-top-section elementor-element elementor-element-65b697d0 elementor-section-boxed elementor-section-height-default elementor-section-height-default\" data-id=\"65b697d0\" data-element_type=\"section\">\n\t\t\t\t\t\t<div class=\"elementor-container elementor-column-gap-default\">\n\t\t\t\t\t<div class=\"elementor-column elementor-col-100 elementor-top-column elementor-element elementor-element-4a1ea027\" data-id=\"4a1ea027\" data-element_type=\"column\">\n\t\t\t<div class=\"elementor-widget-wrap elementor-element-populated\">\n\t\t\t\t\t\t\t\t<div class=\"elementor-element elementor-element-789d6b27 elementor-widget elementor-widget-text-editor\" data-id=\"789d6b27\" data-element_type=\"widget\" data-widget_type=\"text-editor.default\">\n\t\t\t\t<div class=\"elementor-widget-container\">\n\t\t\t<style>\/*! elementor - v3.16.0 - 09-10-2023 *\/\n.elementor-widget-text-editor.elementor-drop-cap-view-stacked .elementor-drop-cap{background-color:#69727d;color:#fff}.elementor-widget-text-editor.elementor-drop-cap-view-framed .elementor-drop-cap{color:#69727d;border:3px solid;background-color:transparent}.elementor-widget-text-editor:not(.elementor-drop-cap-view-default) .elementor-drop-cap{margin-top:8px}.elementor-widget-text-editor:not(.elementor-drop-cap-view-default) .elementor-drop-cap-letter{width:1em;height:1em}.elementor-widget-text-editor .elementor-drop-cap{float:left;text-align:center;line-height:1;font-size:50px}.elementor-widget-text-editor .elementor-drop-cap-letter{display:inline-block}<\/style>\t\t\t\t<p>A Reuni\u00e3o Preparat\u00f3ria para o F\u00f3rum de      Governan\u00e7a da Internet (LACIGF) representa o espa\u00e7o de encontro regional      para o di\u00e1logo pol\u00edtico multissetorial onde representantes de governos,      setor privado, comunidade t\u00e9cnica e sociedade civil apresentam e discutem      suas perspectivas, as que depois s\u00e3o levadas ao di\u00e1logo global (IGF) como      a voz da regi\u00e3o da Am\u00e9rica Latina e o Caribe.<\/p>\n<p>LACNIC executa as fun\u00e7\u00f5es de Secretaria do      Comit\u00ea de Programa, e para tal finalidade est\u00e1 gerindo a obten\u00e7\u00e3o do&nbsp;<strong>Trustfund<\/strong>,      recurso fundamental que permite a participa\u00e7\u00e3o de todos os setores no      evento.<\/p>\n<p>O&nbsp;<strong>Trustfund<\/strong>&nbsp;do LACIGF      recebe contribui\u00e7\u00f5es de empresas e organiza\u00e7\u00f5es e \u00e9 administrado pela      secretaria para financiar a log\u00edstica do evento que inclui: o aluguel de      sal\u00f5es, suporte audiovisual, tradu\u00e7\u00e3o simult\u00e2nea, streaming, pessoal de      apoio, catering, materiais de comunica\u00e7\u00e3o e divulga\u00e7\u00e3o, entre outros.<\/p>\n<p>Al\u00e9m disso, financia o Programa de Bolsas      para que, a cada edi\u00e7\u00e3o, um numeroso grupo de pessoas da regi\u00e3o receba      apoio econ\u00f4mico e assim possa participar do evento, j\u00e1 que, de outro modo,      n\u00e3o poderia faz\u00ea-lo.<\/p>\n<p>Queremos convidar voc\u00eas para que atrav\u00e9s      de suas contribui\u00e7\u00f5es financeiras colaborem com o Trust Fund do LACIGF.      Para mais detalhes, entre em contato do e-mail&nbsp;<a href=\"mailto:secretaria@eventos.lacigf.org\">secretaria@eventos.lacigf.org<\/a><\/p>\n<p><strong>DONORS TO THE TRUSTFUND<\/strong><\/p>\n<ul>\n<li>ADC \u2013 Asociaci\u00f3n por los Derechos Civiles<\/li>\n<li>ALAI \u2013 Asociaci\u00f3n Latinoamericana de      Internet<\/li>\n<li>APC \u2013 Asociaci\u00f3n para el Progreso de las      Comunicaciones<\/li>\n<li>ASIET \u2013 Asociaci\u00f3n Interamericana de      Empresas de Telecomunicaciones<\/li>\n<li>Derechos Digitales<\/li>\n<li>Facebook<\/li>\n<li>Fundaci\u00f3n Telef\u00f3nica<\/li>\n<li>Google<\/li>\n<li>GSMA \u2013 Asociaci\u00f3n GSM<\/li>\n<li>ICANN: (Corporaci\u00f3n de Internet para la      Asignaci\u00f3n de Nombres y N\u00fameros<\/li>\n<li>IGFSA \u2013 Internet Governance      Forum Support Association<\/li>\n<li>IPANDETEC \u2013 Instituto Paname\u00f1o de Derecho      y Nuevas Tecnolog\u00edas<\/li>\n<li>ISOC (Internet Society)<\/li>\n<li>LACNIC<\/li>\n<li>LACTLD (Latin American and      Caribbean TLD Association)<\/li>\n<li>.LAT<\/li>\n<li>NIC.BR<\/li>\n<li>NIC.MX<\/li>\n<\/ul>\t\t\t\t\t\t<\/div>\n\t\t\t\t<\/div>\n\t\t\t\t\t<\/div>\n\t\t<\/div>\n\t\t\t\t\t\t\t<\/div>\n\t\t<\/section>\n\t\t\t\t\t\t\t<\/div>\n\t\t","protected":false},"excerpt":{"rendered":"<p>A Reuni\u00e3o Preparat\u00f3ria para o F\u00f3rum de Governan\u00e7a da Internet (LACIGF) representa o espa\u00e7o de encontro regional para o di\u00e1logo pol\u00edtico multissetorial onde representantes de governos, setor privado, comunidade t\u00e9cnica e sociedade civil apresentam e discutem suas perspectivas, as que depois s\u00e3o levadas ao di\u00e1logo global (IGF) como a voz da regi\u00e3o da Am\u00e9rica Latina [&hellip;]<\/p>\n","protected":false},"author":1,"featured_media":0,"parent":0,"menu_order":0,"comment_status":"closed","ping_status":"closed","template":"","meta":{"footnotes":""},"_links":{"self":[{"href":"https:\/\/eventos.lacigf.org\/pt-br\/wp-json\/wp\/v2\/pages\/72"}],"collection":[{"href":"https:\/\/eventos.lacigf.org\/pt-br\/wp-json\/wp\/v2\/pages"}],"about":[{"href":"https:\/\/eventos.lacigf.org\/pt-br\/wp-json\/wp\/v2\/types\/page"}],"author":[{"embeddable":true,"href":"https:\/\/eventos.lacigf.org\/pt-br\/wp-json\/wp\/v2\/users\/1"}],"replies":[{"embeddable":true,"href":"https:\/\/eventos.lacigf.org\/pt-br\/wp-json\/wp\/v2\/comments?post=72"}],"version-history":[{"count":4,"href":"https:\/\/eventos.lacigf.org\/pt-br\/wp-json\/wp\/v2\/pages\/72\/revisions"}],"predecessor-version":[{"id":1358,"href":"https:\/\/eventos.lacigf.org\/pt-br\/wp-json\/wp\/v2\/pages\/72\/revisions\/1358"}],"wp:attachment":[{"href":"https:\/\/eventos.lacigf.org\/pt-br\/wp-json\/wp\/v2\/media?parent=72"}],"curies":[{"name":"wp","href":"https:\/\/api.w.org\/{rel}","templated":true}]}}