{"id":7074,"date":"2024-04-12T11:48:43","date_gmt":"2024-04-12T14:48:43","guid":{"rendered":"https:\/\/eventos.lacigf.org\/?page_id=7074"},"modified":"2024-07-01T14:54:29","modified_gmt":"2024-07-01T17:54:29","slug":"convocatoria-para-a-formacao-de-comites-intersessionais-para-o-forum-latino-americano-e-caribenho-de-governanca-da-internet-lacigf-lacigf-org","status":"publish","type":"page","link":"https:\/\/eventos.lacigf.org\/pt-br\/convocatoria-para-a-formacao-de-comites-intersessionais-para-o-forum-latino-americano-e-caribenho-de-governanca-da-internet-lacigf-lacigf-org\/","title":{"rendered":"Convocat\u00f3ria Grupos de Trabalho Intersessionais"},"content":{"rendered":"\t\t<div data-elementor-type=\"wp-page\" data-elementor-id=\"7074\" class=\"elementor elementor-7074\">\n\t\t\t\t\t\t\t\t\t<section class=\"elementor-section elementor-top-section elementor-element elementor-element-63948556 elementor-section-boxed elementor-section-height-default elementor-section-height-default\" data-id=\"63948556\" data-element_type=\"section\">\n\t\t\t\t\t\t<div class=\"elementor-container elementor-column-gap-default\">\n\t\t\t\t\t<div class=\"elementor-column elementor-col-100 elementor-top-column elementor-element elementor-element-22755e8\" data-id=\"22755e8\" data-element_type=\"column\">\n\t\t\t<div class=\"elementor-widget-wrap elementor-element-populated\">\n\t\t\t\t\t\t\t\t<div class=\"elementor-element elementor-element-5f2f6dfa elementor-widget elementor-widget-text-editor\" data-id=\"5f2f6dfa\" data-element_type=\"widget\" data-widget_type=\"text-editor.default\">\n\t\t\t\t<div class=\"elementor-widget-container\">\n\t\t\t<style>\/*! elementor - v3.16.0 - 09-10-2023 *\/\n.elementor-widget-text-editor.elementor-drop-cap-view-stacked .elementor-drop-cap{background-color:#69727d;color:#fff}.elementor-widget-text-editor.elementor-drop-cap-view-framed .elementor-drop-cap{color:#69727d;border:3px solid;background-color:transparent}.elementor-widget-text-editor:not(.elementor-drop-cap-view-default) .elementor-drop-cap{margin-top:8px}.elementor-widget-text-editor:not(.elementor-drop-cap-view-default) .elementor-drop-cap-letter{width:1em;height:1em}.elementor-widget-text-editor .elementor-drop-cap{float:left;text-align:center;line-height:1;font-size:50px}.elementor-widget-text-editor .elementor-drop-cap-letter{display:inline-block}<\/style>\t\t\t\t<p><!-- wp:paragraph --><\/p>\n<p><b>Chamada para a forma\u00e7\u00e3o de Grupos de Trabalho Intersessionais &#8211; GTI &#8211; para o F\u00f3rum de Governan\u00e7a da Internet para a Am\u00e9rica Latina e o Caribe &#8211; LACIGF<\/b><\/p>\n<p>Prezada comunidade de governan\u00e7a da Internet!<\/p>\n<p>A convoca\u00e7\u00e3o para Grupos de Trabalho Intersessionais &#8211; GTI &#8211; para o F\u00f3rum de Governan\u00e7a da Internet da Am\u00e9rica Latina e do Caribe est\u00e1 aberta at\u00e9 30 de junho de 2024.<\/p>\n<p>Este \u00e9 um apelo a todos os indiv\u00edduos e grupos interessados em contribuir com ideias inovadoras, relevantes e pertinentes que impulsionem o desenvolvimento e evolu\u00e7\u00e3o do nosso espa\u00e7o digital.<\/p>\n<p>O F\u00f3rum de Governan\u00e7a da Internet tornou-se um espa\u00e7o fundamental para o di\u00e1logo inclusivo e a colabora\u00e7\u00e3o entre diversos atores, incluindo governos, sociedade civil, setor privado e comunidade t\u00e9cnica e acad\u00eamica. Os Comit\u00e9s Intersessionais desempenham um papel crucial na facilita\u00e7\u00e3o de discuss\u00f5es aprofundadas sobre quest\u00f5es cruciais que afectam o presente e o futuro da Internet.<\/p>\n<p><\/p>\n<p><strong>O que estamos procurando?<\/strong><\/p>\n<p>Os Grupos de Trabalho constituem o n\u00facleo dos espa\u00e7os intersess\u00f5es entre as reuni\u00f5es anuais do LACIGF.<\/p>\n<p>Procuramos fomentar discuss\u00f5es que abordem quest\u00f5es emergentes, desafios persistentes e oportunidades futuras na \u00e1rea de governan\u00e7a da internet. Os temas selecionados para os trabalhos deste ano s\u00e3o:<\/p>\n<p><\/p>\n<ul>\n<li>IA e tecnologias emergentes<\/li>\n<li>Direitos humanos<\/li>\n<li>C\u00edber seguran\u00e7a<\/li>\n<li>Acesso universal e conectividade significativa<\/li>\n<li>Governa\u00e7\u00e3o e coopera\u00e7\u00e3o digital<\/li>\n<li>Meio ambiente e sustentabilidade<\/li>\n<li>Educa\u00e7\u00e3o e alfabetiza\u00e7\u00e3o digital<\/li>\n<li>G\u00eanero e diversidade<\/li>\n<li>Desafios \u00e9ticos e legais<\/li>\n<\/ul>\n<p>Cada GTI dever\u00e1 ser apresentado por pelo menos 2 setores diferentes, e ter\u00e1 como lideran\u00e7as pelo menos 2 co-coordenadores representando dois setores diferentes.<\/p>\n<p>Os GTIs devem funcionar periodicamente e estar abertos \u00e0 participa\u00e7\u00e3o de todos os setores, documentando e publicando o seu progresso.<\/p>\n<p>\u00c9 solicitada a apresenta\u00e7\u00e3o de um plano de trabalho anual, que ser\u00e1 levado em considera\u00e7\u00e3o na sele\u00e7\u00e3o do GTI.<\/p>\n<p>Os GTIs devem produzir um relat\u00f3rio que incorpore constata\u00e7\u00f5es (oportunidades, desafios, tend\u00eancias), progresso do trabalho e conclus\u00f5es de acordo com o formato de relat\u00f3rio que ser\u00e1 exigido pelo CMPI.<\/p>\n<p><\/p>\n<p><strong>Como solicitar um GTI?<\/strong><\/p>\n<p>Para se candidatar a um Grupo de Trabalho Intersessional, preencha o formul\u00e1rio abaixo, indicando seu plano de trabalho e os detalhes de contato das pessoas que coordenar\u00e3o o IWG.<\/p>\n<p><b>Quais s\u00e3o os benef\u00edcios de formar um IWG?<\/b><\/p>\n<p>Ao formar um WGWG, voc\u00ea tem a possibilidade de <\/p>\n<ul>\n<li>&nbsp;&nbsp;&nbsp; Publicar os resultados do Grupo de Trabalho no site da LACIGF.<\/li>\n<li>&nbsp;&nbsp;&nbsp; Compartilhar os resultados do trabalho na reuni\u00e3o anual do LACIGF.<\/li>\n<li>&nbsp;&nbsp;&nbsp; Participar de outros espa\u00e7os de discuss\u00e3o sobre governan\u00e7a da Internet.<\/li>\n<\/ul>\n<p><b>Datas importantes:<\/b><\/p>\n<ul>\n<li>&nbsp;&nbsp;&nbsp; Prazo final para inscri\u00e7\u00f5es tem\u00e1ticas: 30 de junho de 2024.<\/li>\n<li>&nbsp;&nbsp;&nbsp; An\u00fancio dos temas selecionados: 15 de julho de 2024.<\/li>\n<\/ul>\n<p>Sua contribui\u00e7\u00e3o \u00e9 essencial para garantir que o F\u00f3rum de Governan\u00e7a da Internet aborde as quest\u00f5es mais urgentes e relevantes para nossa comunidade regional. Estamos ansiosos para receber suas propostas e continuar a fortalecer o di\u00e1logo e a colabora\u00e7\u00e3o sobre a governan\u00e7a da Internet.<\/p>\n<p><b>Formul\u00e1rio<\/b><\/p>\n<p>O formul\u00e1rio ficou aberto at\u00e9 30 de junho de 2024.<\/p>\n<p><!-- \/wp:list-item --><\/p>\n<p><!-- \/wp:list --><\/p>\t\t\t\t\t\t<\/div>\n\t\t\t\t<\/div>\n\t\t\t\t\t<\/div>\n\t\t<\/div>\n\t\t\t\t\t\t\t<\/div>\n\t\t<\/section>\n\t\t\t\t\t\t\t<\/div>\n\t\t","protected":false},"excerpt":{"rendered":"<p>Chamada para a forma\u00e7\u00e3o de Grupos de Trabalho Intersessionais &#8211; GTI &#8211; para o F\u00f3rum de Governan\u00e7a da Internet para a Am\u00e9rica Latina e o Caribe &#8211; LACIGF Prezada comunidade de governan\u00e7a da Internet! A convoca\u00e7\u00e3o para Grupos de Trabalho Intersessionais &#8211; GTI &#8211; para o F\u00f3rum de Governan\u00e7a da Internet da Am\u00e9rica Latina e [&hellip;]<\/p>\n","protected":false},"author":3,"featured_media":0,"parent":0,"menu_order":0,"comment_status":"closed","ping_status":"closed","template":"","meta":{"footnotes":""},"_links":{"self":[{"href":"https:\/\/eventos.lacigf.org\/pt-br\/wp-json\/wp\/v2\/pages\/7074"}],"collection":[{"href":"https:\/\/eventos.lacigf.org\/pt-br\/wp-json\/wp\/v2\/pages"}],"about":[{"href":"https:\/\/eventos.lacigf.org\/pt-br\/wp-json\/wp\/v2\/types\/page"}],"author":[{"embeddable":true,"href":"https:\/\/eventos.lacigf.org\/pt-br\/wp-json\/wp\/v2\/users\/3"}],"replies":[{"embeddable":true,"href":"https:\/\/eventos.lacigf.org\/pt-br\/wp-json\/wp\/v2\/comments?post=7074"}],"version-history":[{"count":29,"href":"https:\/\/eventos.lacigf.org\/pt-br\/wp-json\/wp\/v2\/pages\/7074\/revisions"}],"predecessor-version":[{"id":7584,"href":"https:\/\/eventos.lacigf.org\/pt-br\/wp-json\/wp\/v2\/pages\/7074\/revisions\/7584"}],"wp:attachment":[{"href":"https:\/\/eventos.lacigf.org\/pt-br\/wp-json\/wp\/v2\/media?parent=7074"}],"curies":[{"name":"wp","href":"https:\/\/api.w.org\/{rel}","templated":true}]}}