{"id":70,"date":"2019-03-29T16:44:51","date_gmt":"2019-03-29T19:44:51","guid":{"rendered":"https:\/\/eventos.lacigf.org\/?page_id=70"},"modified":"2023-10-10T11:25:11","modified_gmt":"2023-10-10T14:25:11","slug":"impacto-na-construcao-de-uma-agenda-regional-de-governanca-da-internet","status":"publish","type":"page","link":"https:\/\/eventos.lacigf.org\/pt-br\/impacto-na-construcao-de-uma-agenda-regional-de-governanca-da-internet\/","title":{"rendered":"Regional IG agenda"},"content":{"rendered":"\n<p><strong>IMPACTO NA\nCONSTRU\u00c7\u00c3O DE UMA AGENDA REGIONAL DE GOVERNAN\u00c7A DA INTERNET<\/strong><\/p>\n\n\n\n<p>As edi\u00e7\u00f5es anteriores de LACIGF t\u00eam contribu\u00eddo decididamente a ampliar a\ncompreens\u00e3o sobre as quest\u00f5es, atores, institui\u00e7\u00f5es e processos da Governan\u00e7a\nda Internet, bem como tamb\u00e9m a compreens\u00e3o sobre seu impacto na regi\u00e3o. Tem\nfacilitado o encontro entre atores nacionais, e aberto a possibilidade de\ncompartilhar informa\u00e7\u00f5es sobre o trabalho que est\u00e1 sendo realizado em torno a\ndiferentes assuntos a n\u00edvel nacional e regional.<\/p>\n\n\n\n<p>Nesse sentido, o processo regional tem colaborado para que a discuss\u00e3o\nn\u00e3o fique apenas no plano te\u00f3rico, mas tamb\u00e9m no plano concreto, tendo as\nreuni\u00f5es regionais uma riqueza de detalhes que o F\u00f3rum de Governan\u00e7a da\nInternet global n\u00e3o abarca.<\/p>\n\n\n\n<p>As reuni\u00f5es regionais t\u00eam inspirado e estimulado, em grande medida, a\nrealiza\u00e7\u00e3o de processos nacionais sobre a Governan\u00e7a da Internet, incluindo a\ncria\u00e7\u00e3o de hubs nacionais para a participa\u00e7\u00e3o remota no F\u00f3rum de Governan\u00e7a da\nInternet global. T\u00eam servido tamb\u00e9m de plataforma para a converg\u00eancia de\ndiferentes atores e para ampliar o leque de atores envolvidos nas quest\u00f5es,\nabrindo possibilidades para a troca de perspectivas entre os diferentes grupos\nde atores.<\/p>\n\n\n\n<p>Pode-se dizer neste momento que, gra\u00e7as ao processo regional, tem se\nconseguido elevar algumas vis\u00f5es, perspectivas e assuntos da regi\u00e3o ao debate\npol\u00edtico global do F\u00f3rum de Governan\u00e7a da Internet. As reuni\u00f5es regionais t\u00eam\nservido de catalisadoras para o encontro de diferentes atores, particularmente\nda comunidade t\u00e9cnica e acad\u00eamica, e das organiza\u00e7\u00f5es da sociedade civil. Nos\n\u00faltimos tempos tem havido progressos na vincula\u00e7\u00e3o entre os governos e o setor\nprivado, o que permite equilibrar a participa\u00e7\u00e3o.<\/p>\n\n\n\n<p>Por\u00e9m, ainda persistem desafios e aspectos a serem levados em conta para o futuro. Por exemplo, ainda n\u00e3o tem se incidido efetivamente nas esferas nacionais da forma em que aconteceu nas regionais (destacando-se o espa\u00e7o de\u00a0<a href=\"https:\/\/comunidades.cepal.org\/elac\/es\" target=\"_blank\" rel=\"noreferrer noopener\">eLAC<\/a>, principalmente depois da Reuni\u00e3o Ministerial de Montevid\u00e9u em 2013). Tamb\u00e9m \u00e9 necess\u00e1rio reconhecer as assimetrias em termos de participa\u00e7\u00e3o e envolvimento efetivo dos diferentes atores sociais, particularmente da sociedade civil, nas inst\u00e2ncias de configura\u00e7\u00e3o e tomada de decis\u00f5es. A constru\u00e7\u00e3o de posi\u00e7\u00f5es comuns por parte dos governos para os f\u00f3runs internacionais multilaterais e multissetoriais \u00e9 outra das \u00e1reas que precisam ser melhoradas. <\/p>\n","protected":false},"excerpt":{"rendered":"<p>IMPACTO NA CONSTRU\u00c7\u00c3O DE UMA AGENDA REGIONAL DE GOVERNAN\u00c7A DA INTERNET As edi\u00e7\u00f5es anteriores de LACIGF t\u00eam contribu\u00eddo decididamente a ampliar a compreens\u00e3o sobre as quest\u00f5es, atores, institui\u00e7\u00f5es e processos da Governan\u00e7a da Internet, bem como tamb\u00e9m a compreens\u00e3o sobre seu impacto na regi\u00e3o. Tem facilitado o encontro entre atores nacionais, e aberto a possibilidade [&hellip;]<\/p>\n","protected":false},"author":1,"featured_media":0,"parent":0,"menu_order":0,"comment_status":"closed","ping_status":"closed","template":"","meta":{"footnotes":""},"_links":{"self":[{"href":"https:\/\/eventos.lacigf.org\/pt-br\/wp-json\/wp\/v2\/pages\/70"}],"collection":[{"href":"https:\/\/eventos.lacigf.org\/pt-br\/wp-json\/wp\/v2\/pages"}],"about":[{"href":"https:\/\/eventos.lacigf.org\/pt-br\/wp-json\/wp\/v2\/types\/page"}],"author":[{"embeddable":true,"href":"https:\/\/eventos.lacigf.org\/pt-br\/wp-json\/wp\/v2\/users\/1"}],"replies":[{"embeddable":true,"href":"https:\/\/eventos.lacigf.org\/pt-br\/wp-json\/wp\/v2\/comments?post=70"}],"version-history":[{"count":2,"href":"https:\/\/eventos.lacigf.org\/pt-br\/wp-json\/wp\/v2\/pages\/70\/revisions"}],"predecessor-version":[{"id":3032,"href":"https:\/\/eventos.lacigf.org\/pt-br\/wp-json\/wp\/v2\/pages\/70\/revisions\/3032"}],"wp:attachment":[{"href":"https:\/\/eventos.lacigf.org\/pt-br\/wp-json\/wp\/v2\/media?parent=70"}],"curies":[{"name":"wp","href":"https:\/\/api.w.org\/{rel}","templated":true}]}}