{"id":6411,"date":"2024-01-29T11:03:52","date_gmt":"2024-01-29T14:03:52","guid":{"rendered":"https:\/\/eventos.lacigf.org\/?page_id=6411"},"modified":"2024-03-25T11:34:32","modified_gmt":"2024-03-25T14:34:32","slug":"chamada-inscricoes-no-csw","status":"publish","type":"page","link":"https:\/\/eventos.lacigf.org\/pt-br\/chamada-inscricoes-no-csw\/","title":{"rendered":"Chamada inscri\u00e7\u00f5es no CSW"},"content":{"rendered":"\t\t<div data-elementor-type=\"wp-page\" data-elementor-id=\"6411\" class=\"elementor elementor-6411\">\n\t\t\t\t\t\t\t\t\t<section class=\"elementor-section elementor-top-section elementor-element elementor-element-73bf367 elementor-section-boxed elementor-section-height-default elementor-section-height-default\" data-id=\"73bf367\" data-element_type=\"section\">\n\t\t\t\t\t\t<div class=\"elementor-container elementor-column-gap-default\">\n\t\t\t\t\t<div class=\"elementor-column elementor-col-100 elementor-top-column elementor-element elementor-element-ab2209b\" data-id=\"ab2209b\" data-element_type=\"column\">\n\t\t\t<div class=\"elementor-widget-wrap elementor-element-populated\">\n\t\t\t\t\t\t\t\t<div class=\"elementor-element elementor-element-937723b elementor-widget elementor-widget-heading\" data-id=\"937723b\" data-element_type=\"widget\" data-widget_type=\"heading.default\">\n\t\t\t\t<div class=\"elementor-widget-container\">\n\t\t\t<style>\/*! elementor - v3.16.0 - 09-10-2023 *\/\n.elementor-heading-title{padding:0;margin:0;line-height:1}.elementor-widget-heading .elementor-heading-title[class*=elementor-size-]>a{color:inherit;font-size:inherit;line-height:inherit}.elementor-widget-heading .elementor-heading-title.elementor-size-small{font-size:15px}.elementor-widget-heading .elementor-heading-title.elementor-size-medium{font-size:19px}.elementor-widget-heading .elementor-heading-title.elementor-size-large{font-size:29px}.elementor-widget-heading .elementor-heading-title.elementor-size-xl{font-size:39px}.elementor-widget-heading .elementor-heading-title.elementor-size-xxl{font-size:59px}<\/style><h2 class=\"elementor-heading-title elementor-size-default\"><br><span style=\"font-weight:normal;\"><p dir=\"ltr\" style=\"line-height:1.2;text-align: justify;margin-top:0pt;margin-bottom:0pt;\"><span style=\"font-size: 14pt; font-family: &quot;Helvetica Neue&quot;, sans-serif; color: rgb(0, 0, 0); background-color: transparent; font-weight: 700; font-variant-numeric: normal; font-variant-east-asian: normal; font-variant-alternates: normal; font-variant-position: normal; vertical-align: baseline;\">Inscri\u00e7\u00f5es para fazer parte do Comit\u00ea de Sele\u00e7\u00e3o do Workshop LACIGF!<\/span><br><\/p><\/span><\/h2>\t\t<\/div>\n\t\t\t\t<\/div>\n\t\t\t\t<div class=\"elementor-element elementor-element-96096ce elementor-widget elementor-widget-text-editor\" data-id=\"96096ce\" data-element_type=\"widget\" data-widget_type=\"text-editor.default\">\n\t\t\t\t<div class=\"elementor-widget-container\">\n\t\t\t<style>\/*! elementor - v3.16.0 - 09-10-2023 *\/\n.elementor-widget-text-editor.elementor-drop-cap-view-stacked .elementor-drop-cap{background-color:#69727d;color:#fff}.elementor-widget-text-editor.elementor-drop-cap-view-framed .elementor-drop-cap{color:#69727d;border:3px solid;background-color:transparent}.elementor-widget-text-editor:not(.elementor-drop-cap-view-default) .elementor-drop-cap{margin-top:8px}.elementor-widget-text-editor:not(.elementor-drop-cap-view-default) .elementor-drop-cap-letter{width:1em;height:1em}.elementor-widget-text-editor .elementor-drop-cap{float:left;text-align:center;line-height:1;font-size:50px}.elementor-widget-text-editor .elementor-drop-cap-letter{display:inline-block}<\/style>\t\t\t\t<p dir=\"ltr\" style=\"line-height: 1.2; text-align: justify; margin-top: 0pt; margin-bottom: 0pt;\"><span style=\"font-size: 13.999999999999998pt; font-family: 'Helvetica Neue',sans-serif; color: #000000; background-color: transparent; font-weight: 400; font-style: normal; font-variant: normal; text-decoration: none; vertical-align: baseline; white-space: pre-wrap;\">O Comit\u00ea de M\u00faltiplas Partes Interessadas do LACIGF convidou todas as pessoas interessadas a se candidatarem para fazer parte do Comit\u00ea de Sele\u00e7\u00e3o do Workshop.<\/span><\/p>\n<p><b style=\"font-weight: normal;\">&nbsp;<\/b><span style=\"font-size: 13.999999999999998pt; font-family: 'Helvetica Neue',sans-serif; color: #000000; background-color: transparent; font-weight: 400; font-style: normal; font-variant: normal; text-decoration: none; vertical-align: baseline; white-space: pre-wrap;\">O Comit\u00ea de Sele\u00e7\u00e3o de Workshops (CST) \u00e9 respons\u00e1vel por selecionar os workshops que ser\u00e3o realizados a cada ano como parte da agenda anual do evento LACIGF.<\/span><\/p>\n<p dir=\"ltr\" style=\"line-height: 1.2; text-align: justify; margin-top: 0pt; margin-bottom: 0pt;\"><span style=\"font-size: 13.999999999999998pt; font-family: 'Helvetica Neue',sans-serif; color: #000000; background-color: transparent; font-weight: 400; font-style: normal; font-variant: normal; text-decoration: none; vertical-align: baseline; white-space: pre-wrap;\">O CST \u00e9 composto por 12 pessoas, 3 de cada setor (comunidade t\u00e9cnica, sociedade civil, setor privado, governo), que poder\u00e3o candidatar-se abertamente, e ser\u00e3o selecionadas pelo Comit\u00ea Multiatores (CMPI) levando em considera\u00e7\u00e3o os seguintes crit\u00e9rios :<\/span><\/p>\n<p dir=\"ltr\" style=\"line-height: 1.2; text-align: justify; margin-top: 0pt; margin-bottom: 0pt;\"><span style=\"font-size: 13.999999999999998pt; font-family: 'Helvetica Neue',sans-serif; color: #000000; background-color: transparent; font-weight: 400; font-style: normal; font-variant: normal; text-decoration: none; vertical-align: baseline; white-space: pre-wrap;\"><br><\/span><b style=\"font-weight: normal;\"> <\/b><\/p>\n<ul dir=\"ltr\">\n<li style=\"line-height: 1.2; text-align: justify; margin-top: 0pt; margin-bottom: 0pt;\"><span style=\"font-size: 13.999999999999998pt; font-family: 'Helvetica Neue',sans-serif; color: #000000; background-color: transparent; font-weight: 400; font-style: normal; font-variant: normal; text-decoration: none; vertical-align: baseline; white-space: pre-wrap;\">Diversidade: espera-se que a CST seja composta por pessoas de diferentes setores, pa\u00edses e g\u00e9neros.<\/span><\/li>\n<li>\n<span style=\"font-size: 13.999999999999998pt; font-family: 'Helvetica Neue',sans-serif; color: #000000; background-color: transparent; font-weight: 400; font-style: normal; font-variant: normal; text-decoration: none; vertical-align: baseline; white-space: pre-wrap;\">Experi\u00eancia: as pessoas que pertencem ao comit\u00ea devem conhecer e ter participado dos processos de governan\u00e7a da Internet na regi\u00e3o.<\/span><\/li>\n<\/ul>\n<p dir=\"ltr\" style=\"line-height: 1.2; text-align: justify; margin-top: 0pt; margin-bottom: 0pt;\"><span style=\"font-size: 13.999999999999998pt; font-family: 'Helvetica Neue',sans-serif; color: #000000; background-color: transparent; font-weight: 400; font-style: normal; font-variant: normal; text-decoration: none; vertical-align: baseline; white-space: pre-wrap;\"><br><\/span><b style=\"font-weight: normal;\"> <\/b><\/p>\n<p dir=\"ltr\" style=\"line-height: 1.2; text-align: justify; margin-top: 0pt; margin-bottom: 0pt;\"><span style=\"font-size: 13.999999999999998pt; font-family: 'Helvetica Neue',sans-serif; color: #000000; background-color: transparent; font-weight: 400; font-style: normal; font-variant: normal; text-decoration: none; vertical-align: baseline; white-space: pre-wrap;\">O CST dever\u00e1 renovar anualmente 1\/3 de sua composi\u00e7\u00e3o, seus membros servir\u00e3o por 3 anos consecutivos.<\/span><\/p>\n<p dir=\"ltr\" style=\"line-height: 1.2; text-align: justify; margin-top: 0pt; margin-bottom: 0pt;\"><span style=\"font-size: 13.999999999999998pt; font-family: 'Helvetica Neue',sans-serif; color: #000000; background-color: transparent; font-weight: 400; font-style: normal; font-variant: normal; text-decoration: none; vertical-align: baseline; white-space: pre-wrap;\"><br><\/span><b style=\"font-weight: normal;\"> <\/b><\/p>\n<p dir=\"ltr\" style=\"line-height: 1.2; text-align: justify; margin-top: 0pt; margin-bottom: 0pt;\"><span style=\"font-size: 13.999999999999998pt; font-family: 'Helvetica Neue',sans-serif; color: #000000; background-color: transparent; font-weight: 400; font-style: normal; font-variant: normal; text-decoration: none; vertical-align: baseline; white-space: pre-wrap;\">Para a primeira sele\u00e7\u00e3o ser\u00e3o escolhidos 12 candidatos, 3 para cada setor.<\/span><\/p>\n<p dir=\"ltr\" style=\"line-height: 1.2; text-align: justify; margin-top: 0pt; margin-bottom: 0pt;\"><span style=\"font-size: 13.999999999999998pt; font-family: 'Helvetica Neue',sans-serif; color: #000000; background-color: transparent; font-weight: 400; font-style: normal; font-variant: normal; text-decoration: none; vertical-align: baseline; white-space: pre-wrap;\"><br><\/span><b style=\"font-weight: normal;\"> <\/b><\/p>\n<p dir=\"ltr\" style=\"line-height: 1.2; text-align: justify; margin-top: 0pt; margin-bottom: 0pt;\"><span style=\"font-size: 13.999999999999998pt; font-family: 'Helvetica Neue',sans-serif; color: #000000; background-color: transparent; font-weight: 400; font-style: normal; font-variant: normal; text-decoration: none; vertical-align: baseline; white-space: pre-wrap;\">Para cumprimento da regra de rotatividade de 1\/3 anual, ser\u00e1 levado em considera\u00e7\u00e3o o voto obtido pelos representantes de cada setor, de forma que o representante mais votado cumprir\u00e1 um mandato de 3 anos, o segundo um mandato de 2 anos e o terceiro um mandato de um ano<\/span><\/p>\n<p dir=\"ltr\" style=\"line-height: 1.2; text-align: justify; margin-top: 0pt; margin-bottom: 0pt;\"><span style=\"font-size: 13.999999999999998pt; font-family: 'Helvetica Neue',sans-serif; color: #000000; background-color: transparent; font-weight: 400; font-style: normal; font-variant: normal; text-decoration: none; vertical-align: baseline; white-space: pre-wrap;\"><br><\/span><b style=\"font-weight: normal;\"> <\/b><\/p>\n<p dir=\"ltr\" style=\"line-height: 1.2; text-align: justify; margin-top: 0pt; margin-bottom: 0pt;\"><span style=\"font-size: 13.999999999999998pt; font-family: 'Helvetica Neue',sans-serif; color: #000000; background-color: transparent; font-weight: 400; font-style: normal; font-variant: normal; text-decoration: none; vertical-align: baseline; white-space: pre-wrap;\">As compet\u00eancias e responsabilidades espec\u00edficas do Comit\u00ea de Sele\u00e7\u00e3o de Workshops podem ser consultadas nos estatutos dispon\u00edveis em <a href=\"https:\/\/eventos.lacigf.org\/wp-content\/uploads\/2021\/10\/estatutoLACNIC-2021-POR.pdf\">https:\/\/eventos.lacigf.org\/wp-content\/uploads\/2021\/10\/estatutoLACNIC-2021-POR.pdf<\/a><\/span><\/p>\n<p dir=\"ltr\" style=\"line-height: 1.2; text-align: justify; margin-top: 0pt; margin-bottom: 0pt;\"><span style=\"font-size: 13.999999999999998pt; font-family: 'Helvetica Neue',sans-serif; color: #000000; background-color: transparent; font-weight: 400; font-style: normal; font-variant: normal; text-decoration: none; vertical-align: baseline; white-space: pre-wrap;\">&nbsp;<\/span><\/p>\n<p dir=\"ltr\" style=\"line-height: 1.2; text-align: justify; margin-top: 0pt; margin-bottom: 0pt;\"><span style=\"font-size: 13.999999999999998pt; font-family: 'Helvetica Neue',sans-serif; color: #000000; background-color: transparent; font-weight: 400; font-style: normal; font-variant: normal; text-decoration: none; vertical-align: baseline; white-space: pre-wrap;\">As inscri\u00e7\u00f5es para participar do CST estavam abertas at\u00e9 24 de mar\u00e7o de 2024.<br><\/span><\/p>\n<p><\/p>\t\t\t\t\t\t<\/div>\n\t\t\t\t<\/div>\n\t\t\t\t\t<\/div>\n\t\t<\/div>\n\t\t\t\t\t\t\t<\/div>\n\t\t<\/section>\n\t\t\t\t\t\t\t<\/div>\n\t\t","protected":false},"excerpt":{"rendered":"<p>Inscri\u00e7\u00f5es para fazer parte do Comit\u00ea de Sele\u00e7\u00e3o do Workshop LACIGF! O Comit\u00ea de M\u00faltiplas Partes Interessadas do LACIGF convidou todas as pessoas interessadas a se candidatarem para fazer parte do Comit\u00ea de Sele\u00e7\u00e3o do Workshop. &nbsp;O Comit\u00ea de Sele\u00e7\u00e3o de Workshops (CST) \u00e9 respons\u00e1vel por selecionar os workshops que ser\u00e3o realizados a cada ano [&hellip;]<\/p>\n","protected":false},"author":3,"featured_media":0,"parent":0,"menu_order":0,"comment_status":"closed","ping_status":"closed","template":"","meta":{"footnotes":""},"_links":{"self":[{"href":"https:\/\/eventos.lacigf.org\/pt-br\/wp-json\/wp\/v2\/pages\/6411"}],"collection":[{"href":"https:\/\/eventos.lacigf.org\/pt-br\/wp-json\/wp\/v2\/pages"}],"about":[{"href":"https:\/\/eventos.lacigf.org\/pt-br\/wp-json\/wp\/v2\/types\/page"}],"author":[{"embeddable":true,"href":"https:\/\/eventos.lacigf.org\/pt-br\/wp-json\/wp\/v2\/users\/3"}],"replies":[{"embeddable":true,"href":"https:\/\/eventos.lacigf.org\/pt-br\/wp-json\/wp\/v2\/comments?post=6411"}],"version-history":[{"count":44,"href":"https:\/\/eventos.lacigf.org\/pt-br\/wp-json\/wp\/v2\/pages\/6411\/revisions"}],"predecessor-version":[{"id":7011,"href":"https:\/\/eventos.lacigf.org\/pt-br\/wp-json\/wp\/v2\/pages\/6411\/revisions\/7011"}],"wp:attachment":[{"href":"https:\/\/eventos.lacigf.org\/pt-br\/wp-json\/wp\/v2\/media?parent=6411"}],"curies":[{"name":"wp","href":"https:\/\/api.w.org\/{rel}","templated":true}]}}