{"id":41,"date":"2019-03-29T16:24:32","date_gmt":"2019-03-29T19:24:32","guid":{"rendered":"https:\/\/eventos.lacigf.org\/?page_id=41"},"modified":"2023-07-26T18:39:39","modified_gmt":"2023-07-26T21:39:39","slug":"nova-secretaria-do-lacigf","status":"publish","type":"page","link":"https:\/\/eventos.lacigf.org\/pt-br\/nova-secretaria-do-lacigf\/","title":{"rendered":"Nova Secretaria do LACIGF"},"content":{"rendered":"\t\t<div data-elementor-type=\"wp-page\" data-elementor-id=\"41\" class=\"elementor elementor-41\">\n\t\t\t\t\t\t\t\t\t<section class=\"elementor-section elementor-top-section elementor-element elementor-element-d9fed84 elementor-section-boxed elementor-section-height-default elementor-section-height-default\" data-id=\"d9fed84\" data-element_type=\"section\">\n\t\t\t\t\t\t<div class=\"elementor-container elementor-column-gap-default\">\n\t\t\t\t\t<div class=\"elementor-column elementor-col-100 elementor-top-column elementor-element elementor-element-7dcb0f3\" data-id=\"7dcb0f3\" data-element_type=\"column\">\n\t\t\t<div class=\"elementor-widget-wrap elementor-element-populated\">\n\t\t\t\t\t\t\t\t<div class=\"elementor-element elementor-element-ed2719f elementor-widget elementor-widget-text-editor\" data-id=\"ed2719f\" data-element_type=\"widget\" data-widget_type=\"text-editor.default\">\n\t\t\t\t<div class=\"elementor-widget-container\">\n\t\t\t<style>\/*! elementor - v3.16.0 - 09-10-2023 *\/\n.elementor-widget-text-editor.elementor-drop-cap-view-stacked .elementor-drop-cap{background-color:#69727d;color:#fff}.elementor-widget-text-editor.elementor-drop-cap-view-framed .elementor-drop-cap{color:#69727d;border:3px solid;background-color:transparent}.elementor-widget-text-editor:not(.elementor-drop-cap-view-default) .elementor-drop-cap{margin-top:8px}.elementor-widget-text-editor:not(.elementor-drop-cap-view-default) .elementor-drop-cap-letter{width:1em;height:1em}.elementor-widget-text-editor .elementor-drop-cap{float:left;text-align:center;line-height:1;font-size:50px}.elementor-widget-text-editor .elementor-drop-cap-letter{display:inline-block}<\/style>\t\t\t\t<!-- wp:paragraph -->\n<p><span style=\"font-weight: 400;\">O Comit\u00ea Multissetorial (CMPI, pela sigla em espanhol) do F\u00f3rum Latino-Americano e Caribenho de Governan\u00e7a da Internet (LACIGF) tem o prazer de anunciar que a organiza\u00e7\u00e3o colombiana Colnodo foi selecionada para desempenhar as fun\u00e7\u00f5es de Secretaria do LACIGF a partir de julho de 2023.<\/span><\/p>\n<p><span style=\"font-weight: 400;\">Ap\u00f3s um rigoroso processo de sele\u00e7\u00e3o, no qual foram avaliadas as propostas apresentadas por sete organiza\u00e7\u00f5es de renome na regi\u00e3o, o CMPI tomou a decis\u00e3o de nomear a Colnodo como a organiza\u00e7\u00e3o respons\u00e1vel pela coordena\u00e7\u00e3o e apoio \u00e0 gest\u00e3o do LACIGF.<\/span><\/p>\n<p><span style=\"font-weight: 400;\">A escolha da Colnodo como Secretaria baseia-se em sua destacada trajet\u00f3ria, sua ampla experi\u00eancia e participa\u00e7\u00e3o em processos multissetoriais, que incluem a produ\u00e7\u00e3o de eventos de grande porte, sua capacidade administrativa e financeira para gerir recursos e seu s\u00f3lido compromisso com a promo\u00e7\u00e3o de pol\u00edticas p\u00fablicas abertas e a governan\u00e7a inclusiva e participativa da Internet em nossa regi\u00e3o.<\/span><\/p>\n<p><span style=\"font-weight: 400;\">Como Secretaria do LACIGF, a Colnodo, trabalhando em conjunto com o CMPI, desempenhar\u00e1 um papel fundamental na coordena\u00e7\u00e3o e organiza\u00e7\u00e3o do evento anual e na promo\u00e7\u00e3o e facilita\u00e7\u00e3o do trabalho intersessional; bem como na gest\u00e3o de comunica\u00e7\u00e3o, divulga\u00e7\u00e3o e administra\u00e7\u00e3o financeira do F\u00f3rum, a fim de continuar fortalecendo a participa\u00e7\u00e3o de todas as partes interessadas (comunidade t\u00e9cnica, governos, setor privado e sociedade civil), na regi\u00e3o para enfrentar os desafios e oportunidades para a governan\u00e7a da Internet na Am\u00e9rica Latina e no Caribe.<\/span><\/p>\n<p><span style=\"font-weight: 400;\">O CMPI agradece a todas as organiza\u00e7\u00f5es que participaram deste processo seletivo apresentando suas propostas, cada uma delas cuidadosamente estudada e avaliada. O Comit\u00ea espera que cada uma delas possa continuar participando ativamente das discuss\u00f5es sobre a governan\u00e7a da Internet na Am\u00e9rica Latina e no Caribe, contribuindo com suas valiosas perspectivas e conhecimentos e que, ao mesmo tempo, apoiem a Colnodo nas fun\u00e7\u00f5es rec\u00e9m-assumidas como Secretaria do F\u00f3rum.<\/span><\/p>\n<p><span style=\"font-weight: 400;\">Finalmente, o Comit\u00ea, em nome de todos os seus membros, deseja a Colnodo todo o sucesso nas novas fun\u00e7\u00f5es.<\/span><\/p>\n<!-- \/wp:paragraph -->\t\t\t\t\t\t<\/div>\n\t\t\t\t<\/div>\n\t\t\t\t\t<\/div>\n\t\t<\/div>\n\t\t\t\t\t\t\t<\/div>\n\t\t<\/section>\n\t\t\t\t<section class=\"elementor-section elementor-top-section elementor-element elementor-element-f1ee648 elementor-section-stretched elementor-section-boxed elementor-section-height-default elementor-section-height-default\" data-id=\"f1ee648\" data-element_type=\"section\" data-settings=\"{&quot;stretch_section&quot;:&quot;section-stretched&quot;,&quot;background_background&quot;:&quot;classic&quot;}\">\n\t\t\t\t\t\t<div class=\"elementor-container elementor-column-gap-default\">\n\t\t\t\t\t<div class=\"elementor-column elementor-col-100 elementor-top-column elementor-element elementor-element-1093a77\" data-id=\"1093a77\" data-element_type=\"column\">\n\t\t\t<div class=\"elementor-widget-wrap elementor-element-populated\">\n\t\t\t\t\t\t\t\t<section class=\"elementor-section elementor-inner-section elementor-element elementor-element-62af270 elementor-section-boxed elementor-section-height-default elementor-section-height-default\" data-id=\"62af270\" data-element_type=\"section\">\n\t\t\t\t\t\t<div class=\"elementor-container elementor-column-gap-default\">\n\t\t\t\t\t<div class=\"elementor-column elementor-col-100 elementor-inner-column elementor-element elementor-element-ae1c01b\" data-id=\"ae1c01b\" data-element_type=\"column\">\n\t\t\t<div class=\"elementor-widget-wrap elementor-element-populated\">\n\t\t\t\t\t\t\t\t<div class=\"elementor-element elementor-element-4985df0 elementor-widget elementor-widget-heading\" data-id=\"4985df0\" data-element_type=\"widget\" data-widget_type=\"heading.default\">\n\t\t\t\t<div class=\"elementor-widget-container\">\n\t\t\t<style>\/*! elementor - v3.16.0 - 09-10-2023 *\/\n.elementor-heading-title{padding:0;margin:0;line-height:1}.elementor-widget-heading .elementor-heading-title[class*=elementor-size-]>a{color:inherit;font-size:inherit;line-height:inherit}.elementor-widget-heading .elementor-heading-title.elementor-size-small{font-size:15px}.elementor-widget-heading .elementor-heading-title.elementor-size-medium{font-size:19px}.elementor-widget-heading .elementor-heading-title.elementor-size-large{font-size:29px}.elementor-widget-heading .elementor-heading-title.elementor-size-xl{font-size:39px}.elementor-widget-heading .elementor-heading-title.elementor-size-xxl{font-size:59px}<\/style><h2 class=\"elementor-heading-title elementor-size-default\">Sobre a Colnodo\n<\/h2>\t\t<\/div>\n\t\t\t\t<\/div>\n\t\t\t\t<div class=\"elementor-element elementor-element-b2f82aa elementor-widget elementor-widget-text-editor\" data-id=\"b2f82aa\" data-element_type=\"widget\" data-widget_type=\"text-editor.default\">\n\t\t\t\t<div class=\"elementor-widget-container\">\n\t\t\t\t\t\t\t<p><span style=\"font-weight: 400;\">A<\/span> <span style=\"font-weight: 400;\">Colnodo \u00e9 uma organiza\u00e7\u00e3o da sociedade civil, com sede na Col\u00f4mbia, cuja principal miss\u00e3o \u00e9 facilitar o interc\u00e2mbio de informa\u00e7\u00f5es em prol do desenvolvimento e melhoria da qualidade de vida dos colombianos e colombianas para transformar a cultura de gest\u00e3o da informa\u00e7\u00e3o, a comunica\u00e7\u00e3o com o mundo e gerar novas ferramentas e espa\u00e7os para todas as pessoas.<\/span><\/p>\n<p><span style=\"font-weight: 400;\">Com esse objetivo, a organiza\u00e7\u00e3o conduz processos sociais em torno do uso estrat\u00e9gico da Internet para o desenvolvimento, adaptando-se e evoluindo de acordo com as inova\u00e7\u00f5es e mudan\u00e7as tecnol\u00f3gicas, sempre tendo em vista a dissemina\u00e7\u00e3o do potencial de ferramentas de transforma\u00e7\u00e3o social e fortalecimento da qualidade de vida de indiv\u00edduos e comunidades.<\/span><\/p>\n<h4><span style=\"font-weight: 400;\">Mais informa\u00e7\u00f5es em: <\/span><span style=\"text-decoration: underline;\"><a href=\"httpss:\/\/www.colnodo.apc.org\/\"><span style=\"font-weight: 400;\">httpss:\/\/www.colnodo.apc.org\/<\/span><\/a><\/span><span style=\"font-weight: 400;\">\u00a0<\/span><\/h4>\t\t\t\t\t\t<\/div>\n\t\t\t\t<\/div>\n\t\t\t\t\t<\/div>\n\t\t<\/div>\n\t\t\t\t\t\t\t<\/div>\n\t\t<\/section>\n\t\t\t\t\t<\/div>\n\t\t<\/div>\n\t\t\t\t\t\t\t<\/div>\n\t\t<\/section>\n\t\t\t\t<section class=\"elementor-section elementor-top-section elementor-element elementor-element-f17b3ea elementor-section-stretched elementor-section-boxed elementor-section-height-default elementor-section-height-default\" data-id=\"f17b3ea\" data-element_type=\"section\" data-settings=\"{&quot;stretch_section&quot;:&quot;section-stretched&quot;,&quot;background_background&quot;:&quot;classic&quot;}\">\n\t\t\t\t\t\t<div class=\"elementor-container elementor-column-gap-default\">\n\t\t\t\t\t<div class=\"elementor-column elementor-col-100 elementor-top-column elementor-element elementor-element-199cd9f\" data-id=\"199cd9f\" data-element_type=\"column\">\n\t\t\t<div class=\"elementor-widget-wrap elementor-element-populated\">\n\t\t\t\t\t\t\t\t<section class=\"elementor-section elementor-inner-section elementor-element elementor-element-d908126 elementor-section-boxed elementor-section-height-default elementor-section-height-default\" data-id=\"d908126\" data-element_type=\"section\">\n\t\t\t\t\t\t<div class=\"elementor-container elementor-column-gap-default\">\n\t\t\t\t\t<div class=\"elementor-column elementor-col-100 elementor-inner-column elementor-element elementor-element-71e89d6\" data-id=\"71e89d6\" data-element_type=\"column\">\n\t\t\t<div class=\"elementor-widget-wrap elementor-element-populated\">\n\t\t\t\t\t\t\t\t<div class=\"elementor-element elementor-element-8aafa44 elementor-widget elementor-widget-heading\" data-id=\"8aafa44\" data-element_type=\"widget\" data-widget_type=\"heading.default\">\n\t\t\t\t<div class=\"elementor-widget-container\">\n\t\t\t<h2 class=\"elementor-heading-title elementor-size-default\">Sobre o F\u00f3rum Latino-Americano e Caribenho de Governan\u00e7a da Internet (LACIGF)\n\n<\/h2>\t\t<\/div>\n\t\t\t\t<\/div>\n\t\t\t\t<div class=\"elementor-element elementor-element-d130505 elementor-widget elementor-widget-text-editor\" data-id=\"d130505\" data-element_type=\"widget\" data-widget_type=\"text-editor.default\">\n\t\t\t\t<div class=\"elementor-widget-container\">\n\t\t\t\t\t\t\t<p><span style=\"font-weight: 400;\">O F\u00f3rum Latino-Americano e Caribenho de Governan\u00e7a da Internet (LACIGF) \u00e9 uma iniciativa multissetorial focada em quest\u00f5es de governan\u00e7a da Internet e pol\u00edticas digitais a partir de uma perspectiva regional criada em 2008.<\/span><\/p>\n<p><span style=\"font-weight: 400;\">Sua miss\u00e3o \u00e9 proporcionar um espa\u00e7o de di\u00e1logo pol\u00edtico aberto sobre os temas de sua compet\u00eancia, onde todos os atores participem em igualdade de condi\u00e7\u00f5es, sem nenhum tipo de discrimina\u00e7\u00e3o. Desde a sua cria\u00e7\u00e3o, reuniu-se anualmente num evento que, at\u00e9 \u00e0 data, conta com 15 edi\u00e7\u00f5es, das quais as tr\u00eas \u00faltimas foram realizadas online devido \u00e0s restri\u00e7\u00f5es impostas pela pandemia de COVID-19.<\/span><\/p>\n<p><span style=\"font-weight: 400;\">O LACIGF \u00e9 coordenado pelo Comit\u00ea Multissetorial (CMPI), criado para garantir a representa\u00e7\u00e3o multissetorial no desenvolvimento da agenda, tomada de decis\u00f5es sobre o F\u00f3rum e garantir sua continuidade e sustentabilidade.<\/span><\/p>\n<p><span style=\"font-weight: 400;\">Por seu lado, a Secretaria \u00e9 um dos quatro \u00f3rg\u00e3os da sua estrutura, que tem por finalidade assegurar a coordena\u00e7\u00e3o permanente da execu\u00e7\u00e3o das diferentes atividades e a facilita\u00e7\u00e3o da lideran\u00e7a estrat\u00e9gica do processo, contando para isso com fun\u00e7\u00f5es executivas e operacionais.<\/span><\/p>\n<p><span style=\"font-weight: 400;\">Mais informa\u00e7\u00f5es em:<\/span> <span style=\"text-decoration: underline;\"><a href=\"https:\/\/eventos.lacigf.org\/es\"><span>https:\/\/eventos.lacigf.org\/es<\/span><\/a><\/span><\/p>\t\t\t\t\t\t<\/div>\n\t\t\t\t<\/div>\n\t\t\t\t\t<\/div>\n\t\t<\/div>\n\t\t\t\t\t\t\t<\/div>\n\t\t<\/section>\n\t\t\t\t\t<\/div>\n\t\t<\/div>\n\t\t\t\t\t\t\t<\/div>\n\t\t<\/section>\n\t\t\t\t\t\t\t<\/div>\n\t\t","protected":false},"excerpt":{"rendered":"<p>O Comit\u00ea Multissetorial (CMPI, pela sigla em espanhol) do F\u00f3rum Latino-Americano e Caribenho de Governan\u00e7a da Internet (LACIGF) tem o prazer de anunciar que a organiza\u00e7\u00e3o colombiana Colnodo foi selecionada para desempenhar as fun\u00e7\u00f5es de Secretaria do LACIGF a partir de julho de 2023. Ap\u00f3s um rigoroso processo de sele\u00e7\u00e3o, no qual foram avaliadas as [&hellip;]<\/p>\n","protected":false},"author":1,"featured_media":0,"parent":0,"menu_order":0,"comment_status":"closed","ping_status":"closed","template":"","meta":{"footnotes":""},"_links":{"self":[{"href":"https:\/\/eventos.lacigf.org\/pt-br\/wp-json\/wp\/v2\/pages\/41"}],"collection":[{"href":"https:\/\/eventos.lacigf.org\/pt-br\/wp-json\/wp\/v2\/pages"}],"about":[{"href":"https:\/\/eventos.lacigf.org\/pt-br\/wp-json\/wp\/v2\/types\/page"}],"author":[{"embeddable":true,"href":"https:\/\/eventos.lacigf.org\/pt-br\/wp-json\/wp\/v2\/users\/1"}],"replies":[{"embeddable":true,"href":"https:\/\/eventos.lacigf.org\/pt-br\/wp-json\/wp\/v2\/comments?post=41"}],"version-history":[{"count":23,"href":"https:\/\/eventos.lacigf.org\/pt-br\/wp-json\/wp\/v2\/pages\/41\/revisions"}],"predecessor-version":[{"id":2970,"href":"https:\/\/eventos.lacigf.org\/pt-br\/wp-json\/wp\/v2\/pages\/41\/revisions\/2970"}],"wp:attachment":[{"href":"https:\/\/eventos.lacigf.org\/pt-br\/wp-json\/wp\/v2\/media?parent=41"}],"curies":[{"name":"wp","href":"https:\/\/api.w.org\/{rel}","templated":true}]}}