{"id":3254,"date":"2023-10-19T18:23:24","date_gmt":"2023-10-19T21:23:24","guid":{"rendered":"https:\/\/eventos.lacigf.org\/?page_id=3254"},"modified":"2024-10-07T15:23:47","modified_gmt":"2024-10-07T18:23:47","slug":"registro-bem-sucedido-bolsas-de-estudo","status":"publish","type":"page","link":"https:\/\/eventos.lacigf.org\/pt-br\/registro-bem-sucedido-bolsas-de-estudo\/","title":{"rendered":"Registro Bem Sucedido &#8211; Bolsas de Estudo"},"content":{"rendered":"<h3>Obrigado! Sua inscri\u00e7\u00e3o para uma bolsa de estudos no LACIGF 2024 foi conclu\u00edda com sucesso. Se for selecionado, voc\u00ea receber\u00e1 uma notifica\u00e7\u00e3o por meio do endere\u00e7o de e-mail que cadastrou.<\/h3>\n","protected":false},"excerpt":{"rendered":"<p>Obrigado! Sua inscri\u00e7\u00e3o para uma bolsa de estudos no LACIGF 2024 foi conclu\u00edda com sucesso. Se for selecionado, voc\u00ea receber\u00e1 uma notifica\u00e7\u00e3o por meio do endere\u00e7o de e-mail que cadastrou.<\/p>\n","protected":false},"author":3,"featured_media":0,"parent":0,"menu_order":0,"comment_status":"closed","ping_status":"closed","template":"","meta":{"footnotes":""},"_links":{"self":[{"href":"https:\/\/eventos.lacigf.org\/pt-br\/wp-json\/wp\/v2\/pages\/3254"}],"collection":[{"href":"https:\/\/eventos.lacigf.org\/pt-br\/wp-json\/wp\/v2\/pages"}],"about":[{"href":"https:\/\/eventos.lacigf.org\/pt-br\/wp-json\/wp\/v2\/types\/page"}],"author":[{"embeddable":true,"href":"https:\/\/eventos.lacigf.org\/pt-br\/wp-json\/wp\/v2\/users\/3"}],"replies":[{"embeddable":true,"href":"https:\/\/eventos.lacigf.org\/pt-br\/wp-json\/wp\/v2\/comments?post=3254"}],"version-history":[{"count":5,"href":"https:\/\/eventos.lacigf.org\/pt-br\/wp-json\/wp\/v2\/pages\/3254\/revisions"}],"predecessor-version":[{"id":8735,"href":"https:\/\/eventos.lacigf.org\/pt-br\/wp-json\/wp\/v2\/pages\/3254\/revisions\/8735"}],"wp:attachment":[{"href":"https:\/\/eventos.lacigf.org\/pt-br\/wp-json\/wp\/v2\/media?parent=3254"}],"curies":[{"name":"wp","href":"https:\/\/api.w.org\/{rel}","templated":true}]}}