{"id":3213,"date":"2023-10-19T13:28:50","date_gmt":"2023-10-19T16:28:50","guid":{"rendered":"https:\/\/eventos.lacigf.org\/?page_id=3213"},"modified":"2023-11-02T17:18:38","modified_gmt":"2023-11-02T20:18:38","slug":"formulario-de-selecao-de-temas","status":"publish","type":"page","link":"https:\/\/eventos.lacigf.org\/pt-br\/formulario-de-selecao-de-temas\/","title":{"rendered":"Conclus\u00e3o do Processo"},"content":{"rendered":"\t\t<div data-elementor-type=\"wp-page\" data-elementor-id=\"3213\" class=\"elementor elementor-3213\">\n\t\t\t\t\t\t\t\t\t<section class=\"elementor-section elementor-top-section elementor-element elementor-element-6ecce4f elementor-section-boxed elementor-section-height-default elementor-section-height-default\" data-id=\"6ecce4f\" data-element_type=\"section\">\n\t\t\t\t\t\t<div class=\"elementor-container elementor-column-gap-default\">\n\t\t\t\t\t<div class=\"elementor-column elementor-col-100 elementor-top-column elementor-element elementor-element-670f06d\" data-id=\"670f06d\" data-element_type=\"column\">\n\t\t\t<div class=\"elementor-widget-wrap elementor-element-populated\">\n\t\t\t\t\t\t\t\t<div class=\"elementor-element elementor-element-95f1458 elementor-widget elementor-widget-text-editor\" data-id=\"95f1458\" data-element_type=\"widget\" data-widget_type=\"text-editor.default\">\n\t\t\t\t<div class=\"elementor-widget-container\">\n\t\t\t<style>\/*! elementor - v3.16.0 - 09-10-2023 *\/\n.elementor-widget-text-editor.elementor-drop-cap-view-stacked .elementor-drop-cap{background-color:#69727d;color:#fff}.elementor-widget-text-editor.elementor-drop-cap-view-framed .elementor-drop-cap{color:#69727d;border:3px solid;background-color:transparent}.elementor-widget-text-editor:not(.elementor-drop-cap-view-default) .elementor-drop-cap{margin-top:8px}.elementor-widget-text-editor:not(.elementor-drop-cap-view-default) .elementor-drop-cap-letter{width:1em;height:1em}.elementor-widget-text-editor .elementor-drop-cap{float:left;text-align:center;line-height:1;font-size:50px}.elementor-widget-text-editor .elementor-drop-cap-letter{display:inline-block}<\/style>\t\t\t\t<h3>O per\u00edodo de prioriza\u00e7\u00e3o de temas para o LACIGF foi encerrado.. A equipe do LACIGF publicar\u00e1 os temas selecionados em <a href=\"httpss:\/\/eventos.lacigf.org\/pt-br\/lacigf-16-2\/.\">httpss:\/\/eventos.lacigf.org\/pt-br\/lacigf-16-2\/.<\/a> Esperamos v\u00ea-los na 16\u00aa edi\u00e7\u00e3o do F\u00f3rum de Governan\u00e7a da Internet para a Am\u00e9rica Latina e o Caribe.<\/h3>\t\t\t\t\t\t<\/div>\n\t\t\t\t<\/div>\n\t\t\t\t\t<\/div>\n\t\t<\/div>\n\t\t\t\t\t\t\t<\/div>\n\t\t<\/section>\n\t\t\t\t\t\t\t<\/div>\n\t\t","protected":false},"excerpt":{"rendered":"<p>O per\u00edodo de prioriza\u00e7\u00e3o de temas para o LACIGF foi encerrado.. A equipe do LACIGF publicar\u00e1 os temas selecionados em https:\/\/eventos.lacigf.org\/pt-br\/lacigf-16-2\/. Esperamos v\u00ea-los na 16\u00aa edi\u00e7\u00e3o do F\u00f3rum de Governan\u00e7a da Internet para a Am\u00e9rica Latina e o Caribe.<\/p>\n","protected":false},"author":3,"featured_media":0,"parent":0,"menu_order":0,"comment_status":"closed","ping_status":"closed","template":"","meta":{"footnotes":""},"_links":{"self":[{"href":"https:\/\/eventos.lacigf.org\/pt-br\/wp-json\/wp\/v2\/pages\/3213"}],"collection":[{"href":"https:\/\/eventos.lacigf.org\/pt-br\/wp-json\/wp\/v2\/pages"}],"about":[{"href":"https:\/\/eventos.lacigf.org\/pt-br\/wp-json\/wp\/v2\/types\/page"}],"author":[{"embeddable":true,"href":"https:\/\/eventos.lacigf.org\/pt-br\/wp-json\/wp\/v2\/users\/3"}],"replies":[{"embeddable":true,"href":"https:\/\/eventos.lacigf.org\/pt-br\/wp-json\/wp\/v2\/comments?post=3213"}],"version-history":[{"count":9,"href":"https:\/\/eventos.lacigf.org\/pt-br\/wp-json\/wp\/v2\/pages\/3213\/revisions"}],"predecessor-version":[{"id":3623,"href":"https:\/\/eventos.lacigf.org\/pt-br\/wp-json\/wp\/v2\/pages\/3213\/revisions\/3623"}],"wp:attachment":[{"href":"https:\/\/eventos.lacigf.org\/pt-br\/wp-json\/wp\/v2\/media?parent=3213"}],"curies":[{"name":"wp","href":"https:\/\/api.w.org\/{rel}","templated":true}]}}