{"id":3200,"date":"2023-10-19T13:17:05","date_gmt":"2023-10-19T16:17:05","guid":{"rendered":"https:\/\/eventos.lacigf.org\/?page_id=3200"},"modified":"2023-11-02T17:26:30","modified_gmt":"2023-11-02T20:26:30","slug":"solicitacao-de-bolsas","status":"publish","type":"page","link":"https:\/\/eventos.lacigf.org\/pt-br\/solicitacao-de-bolsas\/","title":{"rendered":"final Solicita\u00e7\u00e3o de Bolsas"},"content":{"rendered":"\t\t<div data-elementor-type=\"wp-page\" data-elementor-id=\"3200\" class=\"elementor elementor-3200\">\n\t\t\t\t\t\t\t\t\t<section class=\"elementor-section elementor-top-section elementor-element elementor-element-cf1e200 elementor-section-boxed elementor-section-height-default elementor-section-height-default\" data-id=\"cf1e200\" data-element_type=\"section\">\n\t\t\t\t\t\t<div class=\"elementor-container elementor-column-gap-default\">\n\t\t\t\t\t<div class=\"elementor-column elementor-col-100 elementor-top-column elementor-element elementor-element-570e0b9\" data-id=\"570e0b9\" data-element_type=\"column\">\n\t\t\t<div class=\"elementor-widget-wrap elementor-element-populated\">\n\t\t\t\t\t\t\t\t<div class=\"elementor-element elementor-element-2b9fdbd elementor-widget elementor-widget-text-editor\" data-id=\"2b9fdbd\" data-element_type=\"widget\" data-widget_type=\"text-editor.default\">\n\t\t\t\t<div class=\"elementor-widget-container\">\n\t\t\t<style>\/*! elementor - v3.16.0 - 09-10-2023 *\/\n.elementor-widget-text-editor.elementor-drop-cap-view-stacked .elementor-drop-cap{background-color:#69727d;color:#fff}.elementor-widget-text-editor.elementor-drop-cap-view-framed .elementor-drop-cap{color:#69727d;border:3px solid;background-color:transparent}.elementor-widget-text-editor:not(.elementor-drop-cap-view-default) .elementor-drop-cap{margin-top:8px}.elementor-widget-text-editor:not(.elementor-drop-cap-view-default) .elementor-drop-cap-letter{width:1em;height:1em}.elementor-widget-text-editor .elementor-drop-cap{float:left;text-align:center;line-height:1;font-size:50px}.elementor-widget-text-editor .elementor-drop-cap-letter{display:inline-block}<\/style>\t\t\t\t<h3>O per\u00edodo de inscri\u00e7\u00e3o para as bolsas do LACIGF foi encerrado. A equipe do LACIGF entrar\u00e1 em contato com os selecionados para coordenar os detalhes da participa\u00e7\u00e3o. Esperamos v\u00ea-los na 16\u00aa edi\u00e7\u00e3o do F\u00f3rum de Governan\u00e7a da Internet para a Am\u00e9rica Latina e o Caribe.<\/h3>\t\t\t\t\t\t<\/div>\n\t\t\t\t<\/div>\n\t\t\t\t\t<\/div>\n\t\t<\/div>\n\t\t\t\t\t\t\t<\/div>\n\t\t<\/section>\n\t\t\t\t\t\t\t<\/div>\n\t\t","protected":false},"excerpt":{"rendered":"<p>O per\u00edodo de inscri\u00e7\u00e3o para as bolsas do LACIGF foi encerrado. A equipe do LACIGF entrar\u00e1 em contato com os selecionados para coordenar os detalhes da participa\u00e7\u00e3o. Esperamos v\u00ea-los na 16\u00aa edi\u00e7\u00e3o do F\u00f3rum de Governan\u00e7a da Internet para a Am\u00e9rica Latina e o Caribe.<\/p>\n","protected":false},"author":3,"featured_media":0,"parent":0,"menu_order":0,"comment_status":"closed","ping_status":"closed","template":"","meta":{"footnotes":""},"_links":{"self":[{"href":"https:\/\/eventos.lacigf.org\/pt-br\/wp-json\/wp\/v2\/pages\/3200"}],"collection":[{"href":"https:\/\/eventos.lacigf.org\/pt-br\/wp-json\/wp\/v2\/pages"}],"about":[{"href":"https:\/\/eventos.lacigf.org\/pt-br\/wp-json\/wp\/v2\/types\/page"}],"author":[{"embeddable":true,"href":"https:\/\/eventos.lacigf.org\/pt-br\/wp-json\/wp\/v2\/users\/3"}],"replies":[{"embeddable":true,"href":"https:\/\/eventos.lacigf.org\/pt-br\/wp-json\/wp\/v2\/comments?post=3200"}],"version-history":[{"count":10,"href":"https:\/\/eventos.lacigf.org\/pt-br\/wp-json\/wp\/v2\/pages\/3200\/revisions"}],"predecessor-version":[{"id":3635,"href":"https:\/\/eventos.lacigf.org\/pt-br\/wp-json\/wp\/v2\/pages\/3200\/revisions\/3635"}],"wp:attachment":[{"href":"https:\/\/eventos.lacigf.org\/pt-br\/wp-json\/wp\/v2\/media?parent=3200"}],"curies":[{"name":"wp","href":"https:\/\/api.w.org\/{rel}","templated":true}]}}