{"id":3173,"date":"2023-10-17T11:31:01","date_gmt":"2023-10-17T14:31:01","guid":{"rendered":"https:\/\/eventos.lacigf.org\/?page_id=3173"},"modified":"2024-08-22T17:57:27","modified_gmt":"2024-08-22T20:57:27","slug":"registro-bem-sucedido","status":"publish","type":"page","link":"https:\/\/eventos.lacigf.org\/pt-br\/registro-bem-sucedido\/","title":{"rendered":"Registro Bem-sucedido"},"content":{"rendered":"\t\t<div data-elementor-type=\"wp-page\" data-elementor-id=\"3173\" class=\"elementor elementor-3173\">\n\t\t\t\t\t\t\t\t\t<section class=\"elementor-section elementor-top-section elementor-element elementor-element-6cd6ee0 elementor-section-boxed elementor-section-height-default elementor-section-height-default\" data-id=\"6cd6ee0\" data-element_type=\"section\">\n\t\t\t\t\t\t<div class=\"elementor-container elementor-column-gap-default\">\n\t\t\t\t\t<div class=\"elementor-column elementor-col-100 elementor-top-column elementor-element elementor-element-b36f968\" data-id=\"b36f968\" data-element_type=\"column\">\n\t\t\t<div class=\"elementor-widget-wrap elementor-element-populated\">\n\t\t\t\t\t\t\t\t<div class=\"elementor-element elementor-element-3b2ef4e elementor-widget elementor-widget-text-editor\" data-id=\"3b2ef4e\" data-element_type=\"widget\" data-widget_type=\"text-editor.default\">\n\t\t\t\t<div class=\"elementor-widget-container\">\n\t\t\t<style>\/*! elementor - v3.16.0 - 09-10-2023 *\/\n.elementor-widget-text-editor.elementor-drop-cap-view-stacked .elementor-drop-cap{background-color:#69727d;color:#fff}.elementor-widget-text-editor.elementor-drop-cap-view-framed .elementor-drop-cap{color:#69727d;border:3px solid;background-color:transparent}.elementor-widget-text-editor:not(.elementor-drop-cap-view-default) .elementor-drop-cap{margin-top:8px}.elementor-widget-text-editor:not(.elementor-drop-cap-view-default) .elementor-drop-cap-letter{width:1em;height:1em}.elementor-widget-text-editor .elementor-drop-cap{float:left;text-align:center;line-height:1;font-size:50px}.elementor-widget-text-editor .elementor-drop-cap-letter{display:inline-block}<\/style>\t\t\t\t<h3>Obrigado! As inscri\u00e7\u00f5es para o 17\u00ba F\u00f3rum de Governan\u00e7a da Internet da Am\u00e9rica Latina e do Caribe LACIGF 2024 foram conclu\u00eddas com sucesso. Voc\u00ea receber\u00e1 uma notifica\u00e7\u00e3o por e-mail com mais informa\u00e7\u00f5es sobre o evento.<\/h3>\t\t\t\t\t\t<\/div>\n\t\t\t\t<\/div>\n\t\t\t\t<div class=\"elementor-element elementor-element-b148ced elementor-widget elementor-widget-text-editor\" data-id=\"b148ced\" data-element_type=\"widget\" data-widget_type=\"text-editor.default\">\n\t\t\t\t<div class=\"elementor-widget-container\">\n\t\t\t\t\t\t\t<!-- <h3>Obrigado! As inscri\u00e7\u00f5es para o 16\u00ba F\u00f3rum de Governan\u00e7a da Internet da Am\u00e9rica Latina e do Caribe LACIGF 2023 foram conclu\u00eddas com sucesso. Voc\u00ea receber\u00e1 uma notifica\u00e7\u00e3o por e-mail com mais informa\u00e7\u00f5es sobre o evento.<\/h3> -->\n\t\t\t\t\t\t<\/div>\n\t\t\t\t<\/div>\n\t\t\t\t\t<\/div>\n\t\t<\/div>\n\t\t\t\t\t\t\t<\/div>\n\t\t<\/section>\n\t\t\t\t\t\t\t<\/div>\n\t\t","protected":false},"excerpt":{"rendered":"<p>Obrigado! As inscri\u00e7\u00f5es para o 17\u00ba F\u00f3rum de Governan\u00e7a da Internet da Am\u00e9rica Latina e do Caribe LACIGF 2024 foram conclu\u00eddas com sucesso. Voc\u00ea receber\u00e1 uma notifica\u00e7\u00e3o por e-mail com mais informa\u00e7\u00f5es sobre o evento.<\/p>\n","protected":false},"author":3,"featured_media":0,"parent":0,"menu_order":0,"comment_status":"closed","ping_status":"closed","template":"","meta":{"footnotes":""},"_links":{"self":[{"href":"https:\/\/eventos.lacigf.org\/pt-br\/wp-json\/wp\/v2\/pages\/3173"}],"collection":[{"href":"https:\/\/eventos.lacigf.org\/pt-br\/wp-json\/wp\/v2\/pages"}],"about":[{"href":"https:\/\/eventos.lacigf.org\/pt-br\/wp-json\/wp\/v2\/types\/page"}],"author":[{"embeddable":true,"href":"https:\/\/eventos.lacigf.org\/pt-br\/wp-json\/wp\/v2\/users\/3"}],"replies":[{"embeddable":true,"href":"https:\/\/eventos.lacigf.org\/pt-br\/wp-json\/wp\/v2\/comments?post=3173"}],"version-history":[{"count":28,"href":"https:\/\/eventos.lacigf.org\/pt-br\/wp-json\/wp\/v2\/pages\/3173\/revisions"}],"predecessor-version":[{"id":8413,"href":"https:\/\/eventos.lacigf.org\/pt-br\/wp-json\/wp\/v2\/pages\/3173\/revisions\/8413"}],"wp:attachment":[{"href":"https:\/\/eventos.lacigf.org\/pt-br\/wp-json\/wp\/v2\/media?parent=3173"}],"curies":[{"name":"wp","href":"https:\/\/api.w.org\/{rel}","templated":true}]}}