{"id":2626,"date":"2022-12-30T16:47:52","date_gmt":"2022-12-30T19:47:52","guid":{"rendered":"https:\/\/eventos.lacigf.org\/?page_id=2626"},"modified":"2022-12-30T17:39:01","modified_gmt":"2022-12-30T20:39:01","slug":"secretaria-lacigf","status":"publish","type":"page","link":"https:\/\/eventos.lacigf.org\/pt-br\/secretaria-lacigf\/","title":{"rendered":"Secretaria do LACIGF"},"content":{"rendered":"\t\t<div data-elementor-type=\"wp-page\" data-elementor-id=\"2626\" class=\"elementor elementor-2626\">\n\t\t\t\t\t\t\t\t\t<section class=\"elementor-section elementor-top-section elementor-element elementor-element-d5048c6 elementor-section-boxed elementor-section-height-default elementor-section-height-default\" data-id=\"d5048c6\" data-element_type=\"section\">\n\t\t\t\t\t\t<div class=\"elementor-container elementor-column-gap-default\">\n\t\t\t\t\t<div class=\"elementor-column elementor-col-100 elementor-top-column elementor-element elementor-element-ae70a47\" data-id=\"ae70a47\" data-element_type=\"column\">\n\t\t\t<div class=\"elementor-widget-wrap elementor-element-populated\">\n\t\t\t\t\t\t\t\t<div class=\"elementor-element elementor-element-5a76124 elementor-widget elementor-widget-heading\" data-id=\"5a76124\" data-element_type=\"widget\" data-widget_type=\"heading.default\">\n\t\t\t\t<div class=\"elementor-widget-container\">\n\t\t\t<style>\/*! elementor - v3.16.0 - 09-10-2023 *\/\n.elementor-heading-title{padding:0;margin:0;line-height:1}.elementor-widget-heading .elementor-heading-title[class*=elementor-size-]>a{color:inherit;font-size:inherit;line-height:inherit}.elementor-widget-heading .elementor-heading-title.elementor-size-small{font-size:15px}.elementor-widget-heading .elementor-heading-title.elementor-size-medium{font-size:19px}.elementor-widget-heading .elementor-heading-title.elementor-size-large{font-size:29px}.elementor-widget-heading .elementor-heading-title.elementor-size-xl{font-size:39px}.elementor-widget-heading .elementor-heading-title.elementor-size-xxl{font-size:59px}<\/style><h2 class=\"elementor-heading-title elementor-size-default\">Tarefas da Secretaria do LACIGF\n<\/h2>\t\t<\/div>\n\t\t\t\t<\/div>\n\t\t\t\t<div class=\"elementor-element elementor-element-5c5db75 elementor-widget-divider--view-line elementor-widget elementor-widget-divider\" data-id=\"5c5db75\" data-element_type=\"widget\" data-widget_type=\"divider.default\">\n\t\t\t\t<div class=\"elementor-widget-container\">\n\t\t\t<style>\/*! elementor - v3.16.0 - 09-10-2023 *\/\n.elementor-widget-divider{--divider-border-style:none;--divider-border-width:1px;--divider-color:#0c0d0e;--divider-icon-size:20px;--divider-element-spacing:10px;--divider-pattern-height:24px;--divider-pattern-size:20px;--divider-pattern-url:none;--divider-pattern-repeat:repeat-x}.elementor-widget-divider .elementor-divider{display:flex}.elementor-widget-divider .elementor-divider__text{font-size:15px;line-height:1;max-width:95%}.elementor-widget-divider .elementor-divider__element{margin:0 var(--divider-element-spacing);flex-shrink:0}.elementor-widget-divider .elementor-icon{font-size:var(--divider-icon-size)}.elementor-widget-divider .elementor-divider-separator{display:flex;margin:0;direction:ltr}.elementor-widget-divider--view-line_icon .elementor-divider-separator,.elementor-widget-divider--view-line_text .elementor-divider-separator{align-items:center}.elementor-widget-divider--view-line_icon .elementor-divider-separator:after,.elementor-widget-divider--view-line_icon .elementor-divider-separator:before,.elementor-widget-divider--view-line_text .elementor-divider-separator:after,.elementor-widget-divider--view-line_text .elementor-divider-separator:before{display:block;content:\"\";border-bottom:0;flex-grow:1;border-top:var(--divider-border-width) var(--divider-border-style) var(--divider-color)}.elementor-widget-divider--element-align-left .elementor-divider .elementor-divider-separator>.elementor-divider__svg:first-of-type{flex-grow:0;flex-shrink:100}.elementor-widget-divider--element-align-left .elementor-divider-separator:before{content:none}.elementor-widget-divider--element-align-left .elementor-divider__element{margin-left:0}.elementor-widget-divider--element-align-right .elementor-divider .elementor-divider-separator>.elementor-divider__svg:last-of-type{flex-grow:0;flex-shrink:100}.elementor-widget-divider--element-align-right .elementor-divider-separator:after{content:none}.elementor-widget-divider--element-align-right .elementor-divider__element{margin-right:0}.elementor-widget-divider:not(.elementor-widget-divider--view-line_text):not(.elementor-widget-divider--view-line_icon) .elementor-divider-separator{border-top:var(--divider-border-width) var(--divider-border-style) var(--divider-color)}.elementor-widget-divider--separator-type-pattern{--divider-border-style:none}.elementor-widget-divider--separator-type-pattern.elementor-widget-divider--view-line .elementor-divider-separator,.elementor-widget-divider--separator-type-pattern:not(.elementor-widget-divider--view-line) .elementor-divider-separator:after,.elementor-widget-divider--separator-type-pattern:not(.elementor-widget-divider--view-line) .elementor-divider-separator:before,.elementor-widget-divider--separator-type-pattern:not([class*=elementor-widget-divider--view]) .elementor-divider-separator{width:100%;min-height:var(--divider-pattern-height);-webkit-mask-size:var(--divider-pattern-size) 100%;mask-size:var(--divider-pattern-size) 100%;-webkit-mask-repeat:var(--divider-pattern-repeat);mask-repeat:var(--divider-pattern-repeat);background-color:var(--divider-color);-webkit-mask-image:var(--divider-pattern-url);mask-image:var(--divider-pattern-url)}.elementor-widget-divider--no-spacing{--divider-pattern-size:auto}.elementor-widget-divider--bg-round{--divider-pattern-repeat:round}.rtl .elementor-widget-divider .elementor-divider__text{direction:rtl}.e-con-inner>.elementor-widget-divider,.e-con>.elementor-widget-divider{width:var(--container-widget-width,100%);--flex-grow:var(--container-widget-flex-grow)}<\/style>\t\t<div class=\"elementor-divider\">\n\t\t\t<span class=\"elementor-divider-separator\">\n\t\t\t\t\t\t<\/span>\n\t\t<\/div>\n\t\t\t\t<\/div>\n\t\t\t\t<\/div>\n\t\t\t\t<div class=\"elementor-element elementor-element-2bd2e85 elementor-widget elementor-widget-text-editor\" data-id=\"2bd2e85\" data-element_type=\"widget\" data-widget_type=\"text-editor.default\">\n\t\t\t\t<div class=\"elementor-widget-container\">\n\t\t\t<style>\/*! elementor - v3.16.0 - 09-10-2023 *\/\n.elementor-widget-text-editor.elementor-drop-cap-view-stacked .elementor-drop-cap{background-color:#69727d;color:#fff}.elementor-widget-text-editor.elementor-drop-cap-view-framed .elementor-drop-cap{color:#69727d;border:3px solid;background-color:transparent}.elementor-widget-text-editor:not(.elementor-drop-cap-view-default) .elementor-drop-cap{margin-top:8px}.elementor-widget-text-editor:not(.elementor-drop-cap-view-default) .elementor-drop-cap-letter{width:1em;height:1em}.elementor-widget-text-editor .elementor-drop-cap{float:left;text-align:center;line-height:1;font-size:50px}.elementor-widget-text-editor .elementor-drop-cap-letter{display:inline-block}<\/style>\t\t\t\t<ul><li style=\"font-weight: 400;\" aria-level=\"1\"><span style=\"font-weight: 400;\">Convoca\u00e7\u00e3o e coordena\u00e7\u00e3o log\u00edstica das reuni\u00f5es do Comit\u00ea de M\u00faltiplas Partes Interessadas (CMPI) durante o ano:<\/span><ul><li style=\"font-weight: 400;\" aria-level=\"2\"><span style=\"font-weight: 400;\">Pelo menos uma reuni\u00e3o por m\u00eas durante o ano.<\/span><\/li><li style=\"font-weight: 400;\" aria-level=\"2\"><span style=\"font-weight: 400;\">Pelo menos uma reuni\u00e3o semanal nos dois meses anteriores ao Evento Anual (modific\u00e1vel por acordo do CMPI).<\/span><\/li><li style=\"font-weight: 400;\" aria-level=\"2\"><span style=\"font-weight: 400;\">Registro das discuss\u00f5es e decis\u00f5es do CMPI (Minutas \/ Atas).<\/span><\/li><\/ul><\/li><li style=\"font-weight: 400;\" aria-level=\"1\"><span style=\"font-weight: 400;\">Convocar os setores anualmente para que desenvolvam seus processos internos para defini\u00e7\u00e3o de seus representantes no CMPI.<\/span><\/li><li style=\"font-weight: 400;\" aria-level=\"1\"><span style=\"font-weight: 400;\">Coordenar a chamada \u00e0 comunidade para propor t\u00f3picos para a Agenda e Grupos de Trabalho Intersetoriais (GTI).<\/span><\/li><li style=\"font-weight: 400;\" aria-level=\"1\"><span style=\"font-weight: 400;\">Facilitar as informa\u00e7\u00f5es da chamada \u00e0 comunidade para que o CMPI defina os t\u00f3picos da Agenda do Evento Anual.<\/span><\/li><li style=\"font-weight: 400;\" aria-level=\"1\"><span style=\"font-weight: 400;\">Coordenar a chamada para propostas do GTI.<\/span><\/li><li style=\"font-weight: 400;\" aria-level=\"1\"><span style=\"font-weight: 400;\">Fornecer as informa\u00e7\u00f5es da chamada para propostas do GTI ao CMPI para sua sele\u00e7\u00e3o.<\/span><\/li><li style=\"font-weight: 400;\" aria-level=\"1\"><span style=\"font-weight: 400;\">Prestar apoio log\u00edstico e acompanhamento \u00e0 agenda de atividades anuais dos GTI.<\/span><\/li><li style=\"font-weight: 400;\" aria-level=\"1\"><span style=\"font-weight: 400;\">Coordenar a chamada de candidatos para sediar o Evento Anual do LACIGF para o ano seguinte.<\/span><\/li><li style=\"font-weight: 400;\" aria-level=\"1\"><span style=\"font-weight: 400;\">Fornecer as informa\u00e7\u00f5es da chamada para sediar o Evento Anual ao CMPI para sua sele\u00e7\u00e3o.<\/span><\/li><li style=\"font-weight: 400;\" aria-level=\"1\"><span style=\"font-weight: 400;\">Coordenar reuni\u00f5es ou pedidos adicionais de antecedentes necess\u00e1rios para a implementa\u00e7\u00e3o da proposta selecionada.<\/span><\/li><li style=\"font-weight: 400;\" aria-level=\"1\"><span style=\"font-weight: 400;\">Chamada para candidatos ao Comit\u00ea de Sele\u00e7\u00e3o de Oficinas (CST).<\/span><\/li><li style=\"font-weight: 400;\" aria-level=\"1\"><span style=\"font-weight: 400;\">Coordena\u00e7\u00e3o log\u00edstica da vota\u00e7\u00e3o de candidatos para o CST.<\/span><\/li><li style=\"font-weight: 400;\" aria-level=\"1\"><span style=\"font-weight: 400;\">Chamada para propostas de oficinas para o evento anual.<\/span><\/li><li style=\"font-weight: 400;\" aria-level=\"1\"><span style=\"font-weight: 400;\">Facilitar informa\u00e7\u00f5es da chamada de propostas de oficinas para o CST realizar a sele\u00e7\u00e3o de oficinas (incluindo coordena\u00e7\u00e3o log\u00edstica para unifica\u00e7\u00e3o de oficinas, etc.).<\/span><\/li><li style=\"font-weight: 400;\" aria-level=\"1\"><span style=\"font-weight: 400;\">Facilitar informa\u00e7\u00f5es sobre a sele\u00e7\u00e3o de oficinas pelo CST ao CMPI para a defini\u00e7\u00e3o final da Agenda do Evento Anual.<\/span><\/li><li style=\"font-weight: 400;\" aria-level=\"1\"><span style=\"font-weight: 400;\">Publica\u00e7\u00e3o da Agenda do Evento Anual no site do LACIGF e seus canais oficiais de comunica\u00e7\u00e3o.<\/span><\/li><li style=\"font-weight: 400;\" aria-level=\"1\"><span style=\"font-weight: 400;\">Coordenar convites para o Evento de Representantes de Alto N\u00edvel sob a dire\u00e7\u00e3o do CMPI.<\/span><\/li><li style=\"font-weight: 400;\" aria-level=\"1\"><span style=\"font-weight: 400;\">Gerir e manter atualizados os conte\u00fados e o correto funcionamento t\u00e9cnico do site do LACIGF (eventos.lacigf.org).<\/span><\/li><li style=\"font-weight: 400;\" aria-level=\"1\"><span style=\"font-weight: 400;\">Gerenciar a lista de discuss\u00e3o (comunidad@eventos.lacigf.org), al\u00e9m de compartilhar conte\u00fado, an\u00fancios, etc. relevantes para a comunidade do LACIGF.<\/span><\/li><li style=\"font-weight: 400;\" aria-level=\"1\"><span style=\"font-weight: 400;\">Gerenciar as contas do LACIGF nas diferentes redes sociais.<\/span><\/li><li style=\"font-weight: 400;\" aria-level=\"1\"><span style=\"font-weight: 400;\">Administrar a lista de discuss\u00e3o do CMPI (cm@eventos.lacigf.org), bem como compartilhar conte\u00fado, an\u00fancios, etc.<\/span><\/li><li style=\"font-weight: 400;\" aria-level=\"1\"><span style=\"font-weight: 400;\">Administrar a lista de discuss\u00e3o do CST (cst@eventos.lacigf.org), bem como compartilhar conte\u00fado, an\u00fancios, etc.<\/span><\/li><li style=\"font-weight: 400;\" aria-level=\"1\"><span style=\"font-weight: 400;\">Produzir e gerenciar a chamada para bolsas para o Evento Anual, caso seja presencial.<\/span><\/li><li style=\"font-weight: 400;\" aria-level=\"1\"><span style=\"font-weight: 400;\">Fornecer as informa\u00e7\u00f5es da chamada para bolsas para o Evento Anual ao CMPI para a sele\u00e7\u00e3o dos bolsistas.<\/span><\/li><li style=\"font-weight: 400;\" aria-level=\"1\"><span style=\"font-weight: 400;\">An\u00fancio de bolsistas.<\/span><\/li><li style=\"font-weight: 400;\" aria-level=\"1\"><span style=\"font-weight: 400;\">Coordena\u00e7\u00e3o dos aspectos log\u00edsticos com a Sede do Evento Anual.<\/span><\/li><li style=\"font-weight: 400;\" aria-level=\"1\"><span style=\"font-weight: 400;\">Coordena\u00e7\u00e3o de passagens e hospedagem com bolsistas do Evento Anual.<\/span><\/li><li style=\"font-weight: 400;\" aria-level=\"1\"><span style=\"font-weight: 400;\">Coordena\u00e7\u00e3o com o Governo da Sede e com organiza\u00e7\u00f5es internacionais relevantes para convite formal a outros Governos ou representantes de organiza\u00e7\u00f5es internacionais.<\/span><\/li><li style=\"font-weight: 400;\" aria-level=\"1\"><span style=\"font-weight: 400;\">Coordena\u00e7\u00e3o de comunica\u00e7\u00e3o com o Youth LACIGF e os NRIs para sua integra\u00e7\u00e3o na Agenda do Evento Anual.<\/span><\/li><li style=\"font-weight: 400;\" aria-level=\"1\"><span style=\"font-weight: 400;\">Administra\u00e7\u00e3o da conta banc\u00e1ria do LACIGF.<\/span><\/li><li style=\"font-weight: 400;\" aria-level=\"1\"><span style=\"font-weight: 400;\">Compila\u00e7\u00e3o de relat\u00f3rios e relat\u00f3rio final sobre o Evento Anual para apresentar ao CMPI e ao IGF Global.<\/span><\/li><li style=\"font-weight: 400;\" aria-level=\"1\"><span style=\"font-weight: 400;\">Coordenar o envolvimento do LACIGF em diferentes iniciativas que fa\u00e7am parte do ecossistema de governan\u00e7a da internet e da coopera\u00e7\u00e3o digital global, conforme necess\u00e1rio.<\/span><\/li><li style=\"font-weight: 400;\" aria-level=\"1\"><span style=\"font-weight: 400;\">Gest\u00e3o de identifica\u00e7\u00e3o de fontes de financiamento e arrecada\u00e7\u00e3o de fundos para o <\/span><i><span style=\"font-weight: 400;\">TrustFund.<\/span><\/i><\/li><li style=\"font-weight: 400;\" aria-level=\"1\"><span style=\"font-weight: 400;\">Gest\u00e3o de fundos do <\/span><i><span style=\"font-weight: 400;\">TrustFund.<\/span><\/i><\/li><li style=\"font-weight: 400;\" aria-level=\"1\"><span style=\"font-weight: 400;\">Gest\u00e3o de pagamento aos fornecedores.<\/span><\/li><li style=\"font-weight: 400;\" aria-level=\"1\"><span style=\"font-weight: 400;\">Preparar um relat\u00f3rio financeiro ap\u00f3s o Evento Anual ou a pedido do CMPI que responda pela gest\u00e3o de fundos do <\/span><i><span style=\"font-weight: 400;\">TrustFund.<\/span><\/i><\/li><\/ul>\t\t\t\t\t\t<\/div>\n\t\t\t\t<\/div>\n\t\t\t\t\t<\/div>\n\t\t<\/div>\n\t\t\t\t\t\t\t<\/div>\n\t\t<\/section>\n\t\t\t\t<section class=\"elementor-section elementor-top-section elementor-element elementor-element-7586b52 elementor-section-stretched elementor-section-boxed elementor-section-height-default elementor-section-height-default\" data-id=\"7586b52\" data-element_type=\"section\" data-settings=\"{&quot;stretch_section&quot;:&quot;section-stretched&quot;,&quot;background_background&quot;:&quot;classic&quot;}\">\n\t\t\t\t\t\t<div class=\"elementor-container elementor-column-gap-default\">\n\t\t\t\t\t<div class=\"elementor-column elementor-col-100 elementor-top-column elementor-element elementor-element-0303c57\" data-id=\"0303c57\" data-element_type=\"column\">\n\t\t\t<div class=\"elementor-widget-wrap elementor-element-populated\">\n\t\t\t\t\t\t\t\t<div class=\"elementor-element elementor-element-c2fb756 elementor-widget elementor-widget-menu-anchor\" data-id=\"c2fb756\" data-element_type=\"widget\" data-widget_type=\"menu-anchor.default\">\n\t\t\t\t<div class=\"elementor-widget-container\">\n\t\t\t<style>\/*! elementor - v3.16.0 - 09-10-2023 *\/\nbody.elementor-page .elementor-widget-menu-anchor{margin-bottom:0}<\/style>\t\t<div id=\"seleccion\" class=\"elementor-menu-anchor\"><\/div>\n\t\t\t\t<\/div>\n\t\t\t\t<\/div>\n\t\t\t\t<div class=\"elementor-element elementor-element-1a3ce5b elementor-widget elementor-widget-heading\" data-id=\"1a3ce5b\" data-element_type=\"widget\" data-widget_type=\"heading.default\">\n\t\t\t\t<div class=\"elementor-widget-container\">\n\t\t\t<h2 class=\"elementor-heading-title elementor-size-default\">Crit\u00e9rios para sele\u00e7\u00e3o da Secretaria do LACIGF<\/h2>\t\t<\/div>\n\t\t\t\t<\/div>\n\t\t\t\t<div class=\"elementor-element elementor-element-17a8c59 elementor-widget-divider--view-line elementor-widget elementor-widget-divider\" data-id=\"17a8c59\" data-element_type=\"widget\" data-widget_type=\"divider.default\">\n\t\t\t\t<div class=\"elementor-widget-container\">\n\t\t\t\t\t<div class=\"elementor-divider\">\n\t\t\t<span class=\"elementor-divider-separator\">\n\t\t\t\t\t\t<\/span>\n\t\t<\/div>\n\t\t\t\t<\/div>\n\t\t\t\t<\/div>\n\t\t\t\t<div class=\"elementor-element elementor-element-d48e4bb elementor-widget elementor-widget-heading\" data-id=\"d48e4bb\" data-element_type=\"widget\" data-widget_type=\"heading.default\">\n\t\t\t\t<div class=\"elementor-widget-container\">\n\t\t\t<h3 class=\"elementor-heading-title elementor-size-default\">Crit\u00e9rios gerais para a avalia\u00e7\u00e3o das candidaturas:\n<\/h3>\t\t<\/div>\n\t\t\t\t<\/div>\n\t\t\t\t<div class=\"elementor-element elementor-element-d2a5502 elementor-widget elementor-widget-text-editor\" data-id=\"d2a5502\" data-element_type=\"widget\" data-widget_type=\"text-editor.default\">\n\t\t\t\t<div class=\"elementor-widget-container\">\n\t\t\t\t\t\t\t<ul>\n \t<li style=\"font-weight: 400;\" aria-level=\"1\"><span style=\"font-weight: 400;\">Entidade legal: Deve ser uma organiza\u00e7\u00e3o formalmente registrada como pessoa jur\u00eddica em um pa\u00eds da Am\u00e9rica Latina e o Caribe.<\/span><\/li>\n \t<li style=\"font-weight: 400;\" aria-level=\"1\"><span style=\"font-weight: 400;\">Conhecimento da \u00e1rea: Experi\u00eancia comprovada em quest\u00f5es e processos do ecossistema da Governan\u00e7a da Internet na Am\u00e9rica Latina e o Caribe<span style=\"font-size: 12px; color: #33cccc;\"><strong><sup>1<\/sup><\/strong><\/span>.<\/span><\/li>\n \t<li style=\"font-weight: 400;\" aria-level=\"1\"><span style=\"font-weight: 400;\">Rela\u00e7\u00f5es: Demonstrar reconhecimento regional por meio de uma rede de relacionamentos da organiza\u00e7\u00e3o ou de quem a integram que lhe permitam cumprir os objetivos do LACIGF<span style=\"font-size: 12px; color: #33cccc;\"><strong><sup>2<\/sup><\/strong><\/span>.<\/span><\/li>\n \t<li style=\"font-weight: 400;\" aria-level=\"1\"><span style=\"font-weight: 400;\">Experi\u00eancia: Trajet\u00f3ria demonstr\u00e1vel da organiza\u00e7\u00e3o ou de seus membros na produ\u00e7\u00e3o de eventos e trabalho com diferentes atores sobre o assunto.<\/span><\/li>\n \t<li style=\"font-weight: 400;\" aria-level=\"1\"><span style=\"font-weight: 400;\">Objetividade e imparcialidade: Dever\u00e1 provar sua capacidade de trabalhar de forma equilibrada e em colabora\u00e7\u00e3o com todos os setores e partes interessadas.<\/span><\/li>\n \t<li style=\"font-weight: 400;\" aria-level=\"1\"><span style=\"font-weight: 400;\">Opera\u00e7\u00e3o: A organiza\u00e7\u00e3o deve demonstrar capacidade de receber e fazer pagamentos internacionais em diferentes moedas de forma eficiente.<\/span><\/li>\n \t<li style=\"font-weight: 400;\" aria-level=\"1\"><span style=\"font-weight: 400;\">Gest\u00e3o administrativa: Dever\u00e1 ter capacidade de gerenciar recursos de forma transparente e preparar or\u00e7amentos e relat\u00f3rios financeiros para sua aprova\u00e7\u00e3o pelo CMPI.<\/span><\/li>\n \t<li style=\"font-weight: 400;\" aria-level=\"1\"><span style=\"font-weight: 400;\">Capacidade de operar em diferentes idiomas: A organiza\u00e7\u00e3o deve ter a capacidade de desempenhar suas fun\u00e7\u00f5es, gerar documentos e comunicar-se, no m\u00ednimo, em espanhol, ingl\u00eas e portugu\u00eas.<\/span><\/li>\n<\/ul>\t\t\t\t\t\t<\/div>\n\t\t\t\t<\/div>\n\t\t\t\t\t<\/div>\n\t\t<\/div>\n\t\t\t\t\t\t\t<\/div>\n\t\t<\/section>\n\t\t\t\t<section class=\"elementor-section elementor-top-section elementor-element elementor-element-ebb4186 elementor-section-stretched elementor-section-boxed elementor-section-height-default elementor-section-height-default\" data-id=\"ebb4186\" data-element_type=\"section\" data-settings=\"{&quot;stretch_section&quot;:&quot;section-stretched&quot;,&quot;background_background&quot;:&quot;classic&quot;}\">\n\t\t\t\t\t\t<div class=\"elementor-container elementor-column-gap-default\">\n\t\t\t\t\t<div class=\"elementor-column elementor-col-100 elementor-top-column elementor-element elementor-element-c2d576e\" data-id=\"c2d576e\" data-element_type=\"column\">\n\t\t\t<div class=\"elementor-widget-wrap elementor-element-populated\">\n\t\t\t\t\t\t\t\t<div class=\"elementor-element elementor-element-09b7984 elementor-widget-divider--view-line elementor-widget elementor-widget-divider\" data-id=\"09b7984\" data-element_type=\"widget\" data-widget_type=\"divider.default\">\n\t\t\t\t<div class=\"elementor-widget-container\">\n\t\t\t\t\t<div class=\"elementor-divider\">\n\t\t\t<span class=\"elementor-divider-separator\">\n\t\t\t\t\t\t<\/span>\n\t\t<\/div>\n\t\t\t\t<\/div>\n\t\t\t\t<\/div>\n\t\t\t\t<div class=\"elementor-element elementor-element-8a50268 elementor-widget elementor-widget-text-editor\" data-id=\"8a50268\" data-element_type=\"widget\" data-widget_type=\"text-editor.default\">\n\t\t\t\t<div class=\"elementor-widget-container\">\n\t\t\t\t\t\t\t<ol><li><p><span style=\"font-weight: 400;\">\u00a0Nos casos em que seja pertinente, ser\u00e3o consideradas organiza\u00e7\u00f5es com exist\u00eancia legal fora da regi\u00e3o, entendendo-se que a organiza\u00e7\u00e3o tem presen\u00e7a e trabalho na ALC.\u00a0\u00a0<\/span><\/p><\/li><li><p><span style=\"font-weight: 400;\">Para fins de mobiliza\u00e7\u00e3o de recursos, diversifica\u00e7\u00e3o da participa\u00e7\u00e3o de atores, amplia\u00e7\u00e3o da convoca\u00e7\u00e3o para o evento, estabelecimento de colabora\u00e7\u00f5es estrat\u00e9gicas, entre outros.\u00a0<\/span><\/p><\/li><\/ol>\t\t\t\t\t\t<\/div>\n\t\t\t\t<\/div>\n\t\t\t\t\t<\/div>\n\t\t<\/div>\n\t\t\t\t\t\t\t<\/div>\n\t\t<\/section>\n\t\t\t\t<section class=\"elementor-section elementor-top-section elementor-element elementor-element-b131f93 elementor-section-boxed elementor-section-height-default elementor-section-height-default\" data-id=\"b131f93\" data-element_type=\"section\">\n\t\t\t\t\t\t<div class=\"elementor-container elementor-column-gap-default\">\n\t\t\t\t\t<div class=\"elementor-column elementor-col-100 elementor-top-column elementor-element elementor-element-40e9a9b\" data-id=\"40e9a9b\" data-element_type=\"column\">\n\t\t\t<div class=\"elementor-widget-wrap elementor-element-populated\">\n\t\t\t\t\t\t\t\t<div class=\"elementor-element elementor-element-f9bc981 elementor-widget elementor-widget-heading\" data-id=\"f9bc981\" data-element_type=\"widget\" data-widget_type=\"heading.default\">\n\t\t\t\t<div class=\"elementor-widget-container\">\n\t\t\t<h2 class=\"elementor-heading-title elementor-size-default\">Condi\u00e7\u00f5es contratuais da Secretaria do LACIGF\n<\/h2>\t\t<\/div>\n\t\t\t\t<\/div>\n\t\t\t\t<div class=\"elementor-element elementor-element-0838ff6 elementor-widget-divider--view-line elementor-widget elementor-widget-divider\" data-id=\"0838ff6\" data-element_type=\"widget\" data-widget_type=\"divider.default\">\n\t\t\t\t<div class=\"elementor-widget-container\">\n\t\t\t\t\t<div class=\"elementor-divider\">\n\t\t\t<span class=\"elementor-divider-separator\">\n\t\t\t\t\t\t<\/span>\n\t\t<\/div>\n\t\t\t\t<\/div>\n\t\t\t\t<\/div>\n\t\t\t\t<div class=\"elementor-element elementor-element-857fcee elementor-widget elementor-widget-text-editor\" data-id=\"857fcee\" data-element_type=\"widget\" data-widget_type=\"text-editor.default\">\n\t\t\t\t<div class=\"elementor-widget-container\">\n\t\t\t\t\t\t\t<ul><li style=\"font-weight: 400;\" aria-level=\"1\"><span style=\"font-weight: 400;\">A organiza\u00e7\u00e3o dever\u00e1 incluir na sua proposta o custo anual para o desenvolvimento das tarefas definidas, que n\u00e3o incluem aspectos log\u00edsticos do evento anual, bolsas, etc.<\/span><\/li><\/ul><ul><li aria-level=\"1\"><span style=\"font-weight: 400;\">A organiza\u00e7\u00e3o poder\u00e1 propor diferentes mecanismos para cobrir o custo anual do desenvolvimento de suas tarefas (pagamentos fixos, trabalho por comiss\u00e3o, modelo h\u00edbrido, etc.).<\/span><\/li><\/ul><ul><li style=\"font-weight: 400;\" aria-level=\"1\"><span style=\"font-weight: 400;\">Ser\u00e1 celebrado um contrato pelo per\u00edodo de um ano, renov\u00e1vel automaticamente por igual per\u00edodo com um m\u00e1ximo de 3 anos.<\/span><\/li><li style=\"font-weight: 400;\" aria-level=\"1\"><span style=\"font-weight: 400;\">Uma revis\u00e3o anual do acordo ser\u00e1 feita para avaliar se os objetivos declarados foram alcan\u00e7ados e decidir sobre a continuidade da Secretaria.<\/span><\/li><li style=\"font-weight: 400;\" aria-level=\"1\"><span style=\"font-weight: 400;\">A Secretaria dever\u00e1 sempre respeitar os Estatutos do LACIGF e as decis\u00f5es e instru\u00e7\u00f5es que receba do CMPI.<\/span><\/li><li style=\"font-weight: 400;\" aria-level=\"1\"><span style=\"font-weight: 400;\">No caso de mau desempenho (falta de transpar\u00eancia, falta de neutralidade, resultados ruins, etc.), o CMPI poder\u00e1 decidir rescindir o contrato com a Secretaria antes da data de vencimento.<\/span><\/li><\/ul>\t\t\t\t\t\t<\/div>\n\t\t\t\t<\/div>\n\t\t\t\t\t<\/div>\n\t\t<\/div>\n\t\t\t\t\t\t\t<\/div>\n\t\t<\/section>\n\t\t\t\t\t\t\t<\/div>\n\t\t","protected":false},"excerpt":{"rendered":"<p>Tarefas da Secretaria do LACIGF Convoca\u00e7\u00e3o e coordena\u00e7\u00e3o log\u00edstica das reuni\u00f5es do Comit\u00ea de M\u00faltiplas Partes Interessadas (CMPI) durante o ano: Pelo menos uma reuni\u00e3o por m\u00eas durante o ano. Pelo menos uma reuni\u00e3o semanal nos dois meses anteriores ao Evento Anual (modific\u00e1vel por acordo do CMPI). Registro das discuss\u00f5es e decis\u00f5es do CMPI (Minutas [&hellip;]<\/p>\n","protected":false},"author":4,"featured_media":0,"parent":0,"menu_order":0,"comment_status":"closed","ping_status":"closed","template":"","meta":{"footnotes":""},"_links":{"self":[{"href":"https:\/\/eventos.lacigf.org\/pt-br\/wp-json\/wp\/v2\/pages\/2626"}],"collection":[{"href":"https:\/\/eventos.lacigf.org\/pt-br\/wp-json\/wp\/v2\/pages"}],"about":[{"href":"https:\/\/eventos.lacigf.org\/pt-br\/wp-json\/wp\/v2\/types\/page"}],"author":[{"embeddable":true,"href":"https:\/\/eventos.lacigf.org\/pt-br\/wp-json\/wp\/v2\/users\/4"}],"replies":[{"embeddable":true,"href":"https:\/\/eventos.lacigf.org\/pt-br\/wp-json\/wp\/v2\/comments?post=2626"}],"version-history":[{"count":14,"href":"https:\/\/eventos.lacigf.org\/pt-br\/wp-json\/wp\/v2\/pages\/2626\/revisions"}],"predecessor-version":[{"id":2670,"href":"https:\/\/eventos.lacigf.org\/pt-br\/wp-json\/wp\/v2\/pages\/2626\/revisions\/2670"}],"wp:attachment":[{"href":"https:\/\/eventos.lacigf.org\/pt-br\/wp-json\/wp\/v2\/media?parent=2626"}],"curies":[{"name":"wp","href":"https:\/\/api.w.org\/{rel}","templated":true}]}}