{"id":207,"date":"2019-06-07T12:41:49","date_gmt":"2019-06-07T15:41:49","guid":{"rendered":"https:\/\/eventos.lacigf.org\/?page_id=207"},"modified":"2019-06-07T12:41:49","modified_gmt":"2019-06-07T15:41:49","slug":"processo-aberto-de-revisao-dos-mecanismos-regionais-de-dialogo-sobre-governanca-da-internet","status":"publish","type":"page","link":"https:\/\/eventos.lacigf.org\/pt-br\/processo-aberto-de-revisao-dos-mecanismos-regionais-de-dialogo-sobre-governanca-da-internet\/","title":{"rendered":"Processo aberto de revis\u00e3o dos mecanismos regionais de di\u00e1logo sobre governan\u00e7a da Internet"},"content":{"rendered":"\n<p>Desde 2008, o F\u00f3rum de Governan\u00e7a da Internet da Am\u00e9rica Latina e\no Caribe (LACIGF) \u00e9 o espa\u00e7o de encontro regional para o di\u00e1logo pol\u00edtico\nmultissetorial, no qual os atores pertencentes a diferentes setores da\ncomunidade tais como governo, setor privado, comunidade t\u00e9cnica e sociedade\ncivil, abordam anualmente os aspectos mais relevantes da Internet e seu impacto\nno desenvolvimento da sociedade da informa\u00e7\u00e3o.<\/p>\n\n\n\n<p>Depois de onze (11) edi\u00e7\u00f5es do LACIGF, em que houve importantes\navan\u00e7os na abordagem dos principais assuntos de discuss\u00e3o para a comunidade,\nsurgem desafios nos mecanismos regionais para avan\u00e7ar no tratamento dos debates\nsobre as quest\u00f5es centrais da governan\u00e7a da regi\u00e3o, bem como sua\nsustentabilidade futura.<\/p>\n\n\n\n<p>\u00c9 por isso que o Comit\u00ea de Programa, juntamente com alguns atores\nda comunidade da Internet, considera necess\u00e1rio realizar uma an\u00e1lise atualizada\nda situa\u00e7\u00e3o do LACIGF, bem como do futuro das discuss\u00f5es sobre Governan\u00e7a da\nInternet na Am\u00e9rica Latina e o Caribe (ALC).<\/p>\n\n\n\n<p>Para tais fins, a realiza\u00e7\u00e3o desta an\u00e1lise foi confiada a Ra\u00fal\nEcheberr\u00eda, um especialista l\u00edder em Governan\u00e7a da Internet, quem ser\u00e1\nrespons\u00e1vel pela condu\u00e7\u00e3o de um <strong>processo<\/strong>\n<strong>aberto<\/strong> para identificar consensos e\nop\u00e7\u00f5es que permitam atualizar e evoluir os mecanismos regionais de Governan\u00e7a\nda Internet, levando em considera\u00e7\u00e3o os pontos de vista dos diversos atores\nenvolvidos no processo de discuss\u00e3o na Am\u00e9rica Latina e o Caribe.<\/p>\n\n\n\n<p>Uma chamada aberta \u00e9 lan\u00e7ada para que\na comunidade envie coment\u00e1rios, sugest\u00f5es ou contribui\u00e7\u00f5es que nos permitam\nidentificar os fatores-chave na evolu\u00e7\u00e3o dos mecanismos regionais de\ngovernan\u00e7a. Agradecemos que enviem seus coment\u00e1rios para o seguinte e-mail: <a href=\"mailto:procesoabierto@lacigf.org\">procesoabierto@lacigf.org<\/a><\/p>\n","protected":false},"excerpt":{"rendered":"<p>Desde 2008, o F\u00f3rum de Governan\u00e7a da Internet da Am\u00e9rica Latina e o Caribe (LACIGF) \u00e9 o espa\u00e7o de encontro regional para o di\u00e1logo pol\u00edtico multissetorial, no qual os atores pertencentes a diferentes setores da comunidade tais como governo, setor privado, comunidade t\u00e9cnica e sociedade civil, abordam anualmente os aspectos mais relevantes da Internet e [&hellip;]<\/p>\n","protected":false},"author":1,"featured_media":0,"parent":0,"menu_order":0,"comment_status":"closed","ping_status":"closed","template":"","meta":{"footnotes":""},"_links":{"self":[{"href":"https:\/\/eventos.lacigf.org\/pt-br\/wp-json\/wp\/v2\/pages\/207"}],"collection":[{"href":"https:\/\/eventos.lacigf.org\/pt-br\/wp-json\/wp\/v2\/pages"}],"about":[{"href":"https:\/\/eventos.lacigf.org\/pt-br\/wp-json\/wp\/v2\/types\/page"}],"author":[{"embeddable":true,"href":"https:\/\/eventos.lacigf.org\/pt-br\/wp-json\/wp\/v2\/users\/1"}],"replies":[{"embeddable":true,"href":"https:\/\/eventos.lacigf.org\/pt-br\/wp-json\/wp\/v2\/comments?post=207"}],"version-history":[{"count":1,"href":"https:\/\/eventos.lacigf.org\/pt-br\/wp-json\/wp\/v2\/pages\/207\/revisions"}],"predecessor-version":[{"id":208,"href":"https:\/\/eventos.lacigf.org\/pt-br\/wp-json\/wp\/v2\/pages\/207\/revisions\/208"}],"wp:attachment":[{"href":"https:\/\/eventos.lacigf.org\/pt-br\/wp-json\/wp\/v2\/media?parent=207"}],"curies":[{"name":"wp","href":"https:\/\/api.w.org\/{rel}","templated":true}]}}