{"id":153,"date":"2019-05-27T12:35:23","date_gmt":"2019-05-27T15:35:23","guid":{"rendered":"https:\/\/eventos.lacigf.org\/?page_id=153"},"modified":"2020-07-13T08:46:58","modified_gmt":"2020-07-13T11:46:58","slug":"programa-de-bolsas","status":"publish","type":"page","link":"https:\/\/eventos.lacigf.org\/pt-br\/programa-de-bolsas\/","title":{"rendered":"Programa de bolsas"},"content":{"rendered":"\n<p>O programa de bolsas do LACIGF visa apoiar os membros da comunidade da Internet da Am\u00e9rica Latina e Caribe interessados em participar em sua reuni\u00e3o anual.<\/p>\n\n\n\n<p>Durante o evento, os benefici\u00e1rios do programa t\u00eam a oportunidade de discutir suas perspectivas sobre a agenda de Governan\u00e7a da Internet na regi\u00e3o, bem como de interagir e compartilhar experi\u00eancias com colegas da ind\u00fastria.<\/p>\n\n\n\n<p>Entre as candidaturas recebidas, o Comit\u00ea de Programa realiza um processo de sele\u00e7\u00e3o. Como crit\u00e9rio geral, procura-se contemplar que o grupo de bolsistas selecionados represente a maior diversidade de setores (academia, representantes de empresas, sociedade civil, governos, privados), g\u00eanero e nacionalidades da regi\u00e3o, priorizando as pessoas que ainda n\u00e3o tiverem ganho uma bolsa do LACIGF no passado.<\/p>\n\n\n\n<h3 class=\"wp-block-heading\"><strong>Processo de sele\u00e7\u00e3o<\/strong><\/h3>\n\n\n\n<p>Entre os solicitantes ser\u00e1 realizado um\nprocesso de sele\u00e7\u00e3o para a designa\u00e7\u00e3o de bolsas parciais. A bolsa inclui <strong>um<\/strong> dos seguintes benef\u00edcios:<\/p>\n\n\n\n<h4 class=\"wp-block-heading\"><strong>Op\u00e7\u00e3o 1 \u2013\nHospedagem<\/strong><\/h4>\n\n\n\n<p>Gastos de hospedagem (m\u00e1ximo de 4 noites) no hotel sede ou pr\u00f3ximo \u00e0 sede do evento para uma pessoa em habita\u00e7\u00e3o simples.<\/p>\n\n\n\n<h4 class=\"wp-block-heading\"><strong>Op\u00e7\u00e3o 2 \u2013 Passagem a\u00e9rea<\/strong><\/h4>\n\n\n\n<p>Passagem a\u00e9rea ida e volta desde o lugar de resid\u00eancia do solicitante \u00e0 cidade do evento. (N\u00e3o inclui taxas aeroportu\u00e1rias nem custo de vistos; a tramita\u00e7\u00e3o dos vistos e outras exig\u00eancias como vacinas ser\u00e3o de responsabilidade do solicitante).<\/p>\n\n\n\n<p>Os recursos dispon\u00edveis s\u00e3o limitados,\nportanto podem <strong>n\u00e3o<\/strong> haver bolsas\nsuficientes para todos os solicitantes. A aprova\u00e7\u00e3o ser\u00e1 comunicada diretamente\n\u00e0s pessoas selecionadas.<\/p>\n\n\n\n<h4 class=\"wp-block-heading\"><strong>Importante:<\/strong><\/h4>\n\n\n\n<ul><li>As bolsas\nser\u00e3o concedidas exclusivamente a pessoas que residam na regi\u00e3o da Am\u00e9rica\nLatina e do Caribe.<\/li><li>As decis\u00f5es\ndo Comit\u00ea de Programa s\u00e3o inapel\u00e1veis.&nbsp; <\/li><li>Os candidatos\nselecionados dever\u00e3o comunicar a aceita\u00e7\u00e3o das condi\u00e7\u00f5es da bolsa dentro do\nprazo estabelecido.&nbsp; <\/li><li>As bolsas s\u00e3o\nintransfer\u00edveis.&nbsp; <\/li><li>A lista final\nde benefici\u00e1rios ser\u00e1 publicada no site do evento.<\/li><\/ul>\n\n\n\n<h3 class=\"wp-block-heading\"><strong>Crit\u00e9rio de sele\u00e7\u00e3o<\/strong><\/h3>\n\n\n\n<p>O\ngrupo de pessoas selecionadas dever\u00e1, na medida do poss\u00edvel, ter representa\u00e7\u00e3o\nde todos os grupos de interesse vinculados \u00e0 governan\u00e7a da Internet\n(representantes de empresas, sociedade civil, governos, organiza\u00e7\u00f5es sociais\netc), bem como representa\u00e7\u00e3o de g\u00eanero e pa\u00eds de origem.<\/p>\n\n\n\n<p>O\nComit\u00ea de Programa reserva-se o direito de escolher os candidatos que considere\nmais apropriados para receber a bolsa segundo os crit\u00e9rios estabelecidos, sem\nobriga\u00e7\u00e3o de justificar o resultado dessa sele\u00e7\u00e3o.<\/p>\n\n\n\n<h3 class=\"wp-block-heading\"><strong>Requisitos que dever\u00e3o cumprir as pessoas selecionadas<\/strong><\/h3>\n\n\n\n<p>Os benefici\u00e1rios das bolsas devem\ncomprometer-se a participar de todas as sess\u00f5es do evento. Dever\u00e3o participar\nde todas as reuni\u00f5es \u00e0s que forem convocados e cumprir com todos os\nrequerimentos ou tarefas que lhes forem solicitadas, tais como:<\/p>\n\n\n\n<ul><li>Familiarizar-se com o material informativo que\nlhes ser\u00e1 enviado<\/li><li>Participar de todas as sess\u00f5es abertas do\nevento<\/li><li>Participar da reuni\u00e3o informativa para\nbolsistas.<\/li><li>Estar dispon\u00edvel para moderar a participa\u00e7\u00e3o \u00e0\ndist\u00e2ncia (sala de bate-papo) nas sess\u00f5es plen\u00e1rias e f\u00f3runs. <\/li><li>Apresentar um breve relat\u00f3rio escrito sobre\nsua participa\u00e7\u00e3o no evento.<\/li><\/ul>\n\n\n\n<p>Para informa\u00e7\u00f5es adicionais escreva a: <a href=\"mailto:secretaria@lacigf.org\">secretaria@lacigf.org<\/a> <\/p>\n","protected":false},"excerpt":{"rendered":"<p>O programa de bolsas do LACIGF visa apoiar os membros da comunidade da Internet da Am\u00e9rica Latina e Caribe interessados em participar em sua reuni\u00e3o anual. Durante o evento, os benefici\u00e1rios do programa t\u00eam a oportunidade de discutir suas perspectivas sobre a agenda de Governan\u00e7a da Internet na regi\u00e3o, bem como de interagir e compartilhar [&hellip;]<\/p>\n","protected":false},"author":1,"featured_media":0,"parent":0,"menu_order":0,"comment_status":"closed","ping_status":"closed","template":"","meta":{"footnotes":""},"_links":{"self":[{"href":"https:\/\/eventos.lacigf.org\/pt-br\/wp-json\/wp\/v2\/pages\/153"}],"collection":[{"href":"https:\/\/eventos.lacigf.org\/pt-br\/wp-json\/wp\/v2\/pages"}],"about":[{"href":"https:\/\/eventos.lacigf.org\/pt-br\/wp-json\/wp\/v2\/types\/page"}],"author":[{"embeddable":true,"href":"https:\/\/eventos.lacigf.org\/pt-br\/wp-json\/wp\/v2\/users\/1"}],"replies":[{"embeddable":true,"href":"https:\/\/eventos.lacigf.org\/pt-br\/wp-json\/wp\/v2\/comments?post=153"}],"version-history":[{"count":6,"href":"https:\/\/eventos.lacigf.org\/pt-br\/wp-json\/wp\/v2\/pages\/153\/revisions"}],"predecessor-version":[{"id":808,"href":"https:\/\/eventos.lacigf.org\/pt-br\/wp-json\/wp\/v2\/pages\/153\/revisions\/808"}],"wp:attachment":[{"href":"https:\/\/eventos.lacigf.org\/pt-br\/wp-json\/wp\/v2\/media?parent=153"}],"curies":[{"name":"wp","href":"https:\/\/api.w.org\/{rel}","templated":true}]}}