{"id":1337,"date":"2021-10-13T23:22:44","date_gmt":"2021-10-14T02:22:44","guid":{"rendered":"https:\/\/eventos.lacigf.org\/?page_id=1337"},"modified":"2022-08-04T23:15:16","modified_gmt":"2022-08-05T02:15:16","slug":"estatutos","status":"publish","type":"page","link":"https:\/\/eventos.lacigf.org\/pt-br\/estatutos\/","title":{"rendered":"Estatutos"},"content":{"rendered":"\t\t<div data-elementor-type=\"wp-page\" data-elementor-id=\"1337\" class=\"elementor elementor-1337\">\n\t\t\t\t\t\t\t\t\t<section class=\"elementor-section elementor-top-section elementor-element elementor-element-3595e9d elementor-section-boxed elementor-section-height-default elementor-section-height-default\" data-id=\"3595e9d\" data-element_type=\"section\" data-settings=\"{&quot;background_background&quot;:&quot;classic&quot;}\">\n\t\t\t\t\t\t\t<div class=\"elementor-background-overlay\"><\/div>\n\t\t\t\t\t\t\t<div class=\"elementor-container elementor-column-gap-default\">\n\t\t\t\t\t<div class=\"elementor-column elementor-col-100 elementor-top-column elementor-element elementor-element-9120228\" data-id=\"9120228\" data-element_type=\"column\">\n\t\t\t<div class=\"elementor-widget-wrap elementor-element-populated\">\n\t\t\t\t\t\t\t\t<section class=\"elementor-section elementor-inner-section elementor-element elementor-element-ade3741 elementor-section-boxed elementor-section-height-default elementor-section-height-default\" data-id=\"ade3741\" data-element_type=\"section\">\n\t\t\t\t\t\t<div class=\"elementor-container elementor-column-gap-default\">\n\t\t\t\t\t<div class=\"elementor-column elementor-col-100 elementor-inner-column elementor-element elementor-element-a874deb\" data-id=\"a874deb\" data-element_type=\"column\">\n\t\t\t<div class=\"elementor-widget-wrap elementor-element-populated\">\n\t\t\t\t\t\t\t\t<div class=\"elementor-element elementor-element-9262637 elementor-align-center elementor-widget elementor-widget-button\" data-id=\"9262637\" data-element_type=\"widget\" data-widget_type=\"button.default\">\n\t\t\t\t<div class=\"elementor-widget-container\">\n\t\t\t\t\t<div class=\"elementor-button-wrapper\">\n\t\t\t<a class=\"elementor-button elementor-button-link elementor-size-lg\" href=\"https:\/\/eventos.lacigf.org\/wp-content\/uploads\/2021\/10\/estatutoLACNIC-2021-POR.pdf\" target=\"_blank\">\n\t\t\t\t\t\t<span class=\"elementor-button-content-wrapper\">\n\t\t\t\t\t\t<span class=\"elementor-button-icon elementor-align-icon-left\">\n\t\t\t\t<i aria-hidden=\"true\" class=\"far fa-file-pdf\"><\/i>\t\t\t<\/span>\n\t\t\t\t\t\t<span class=\"elementor-button-text\">Download<\/span>\n\t\t<\/span>\n\t\t\t\t\t<\/a>\n\t\t<\/div>\n\t\t\t\t<\/div>\n\t\t\t\t<\/div>\n\t\t\t\t\t<\/div>\n\t\t<\/div>\n\t\t\t\t\t\t\t<\/div>\n\t\t<\/section>\n\t\t\t\t\t<\/div>\n\t\t<\/div>\n\t\t\t\t\t\t\t<\/div>\n\t\t<\/section>\n\t\t\t\t<section class=\"elementor-section elementor-top-section elementor-element elementor-element-201d942 elementor-section-boxed elementor-section-height-default elementor-section-height-default\" data-id=\"201d942\" data-element_type=\"section\">\n\t\t\t\t\t\t<div class=\"elementor-container elementor-column-gap-default\">\n\t\t\t\t\t<div class=\"elementor-column elementor-col-100 elementor-top-column elementor-element elementor-element-9684805\" data-id=\"9684805\" data-element_type=\"column\">\n\t\t\t<div class=\"elementor-widget-wrap elementor-element-populated\">\n\t\t\t\t\t\t\t\t<div class=\"elementor-element elementor-element-ba21ce1 elementor-widget elementor-widget-text-editor\" data-id=\"ba21ce1\" data-element_type=\"widget\" data-widget_type=\"text-editor.default\">\n\t\t\t\t<div class=\"elementor-widget-container\">\n\t\t\t<style>\/*! elementor - v3.16.0 - 09-10-2023 *\/\n.elementor-widget-text-editor.elementor-drop-cap-view-stacked .elementor-drop-cap{background-color:#69727d;color:#fff}.elementor-widget-text-editor.elementor-drop-cap-view-framed .elementor-drop-cap{color:#69727d;border:3px solid;background-color:transparent}.elementor-widget-text-editor:not(.elementor-drop-cap-view-default) .elementor-drop-cap{margin-top:8px}.elementor-widget-text-editor:not(.elementor-drop-cap-view-default) .elementor-drop-cap-letter{width:1em;height:1em}.elementor-widget-text-editor .elementor-drop-cap{float:left;text-align:center;line-height:1;font-size:50px}.elementor-widget-text-editor .elementor-drop-cap-letter{display:inline-block}<\/style>\t\t\t\t<p>Ap\u00f3s um longo processo de consulta e discuss\u00e3o aberta sobre a melhoria e evolu\u00e7\u00e3o do LACIGF, o Comit\u00ea do Programa (\u00f3rg\u00e3o formado por representantes do Governo, Comunidade T\u00e9cnica, Setor Privado e Sociedade Civil) adotou em julho de 2021, um documento de Estatutos do LACIGF que inclui defini\u00e7\u00f5es sobre seu escopo, participa\u00e7\u00e3o, processos e estruturas.<\/p><p><span style=\"color: var( --e-global-color-text ); font-family: var( --e-global-typography-text-font-family ), Sans-serif;\">A ado\u00e7\u00e3o deste documento \u00e9 o resultado de um cuidadoso processo de revis\u00e3o que come\u00e7ou no primeiro semestre de 2019 e que incluiu consultorias, processos abertos de consulta, m\u00faltiplas chamadas abertas e discuss\u00f5es no evento LACIGF 2019 em La Paz, Bol\u00edvia.<\/span><\/p><p><span style=\"color: var( --e-global-color-text ); font-family: var( --e-global-typography-text-font-family ), Sans-serif;\">O surto de pandemia alterou os tempos e planos previstos, pelo que as defini\u00e7\u00f5es finais do processo se atrasaram.<\/span><\/p><p><span style=\"color: var( --e-global-color-text ); font-family: var( --e-global-typography-text-font-family ), Sans-serif;\">Uma das inova\u00e7\u00f5es do documento \u00e9 o estabelecimento claro das fun\u00e7\u00f5es dos diferentes \u00f3rg\u00e3os do LACIGF, incluindo a Secretaria, fun\u00e7\u00e3o que vem sendo desempenhada pelo LACNIC de forma generosa e eficiente desde o in\u00edcio do LACIGF em 2008.<\/span><\/p><p><span style=\"color: var( --e-global-color-text ); font-family: var( --e-global-typography-text-font-family ), Sans-serif;\">Este novo Estatuto contempla mecanismos de funcionamento diferentes aos j\u00e1 existentes, com foco no refor\u00e7o dos n\u00edveis de representa\u00e7\u00e3o e participa\u00e7\u00e3o. Por isso, devemos iniciar um processo de transi\u00e7\u00e3o para a plena implementa\u00e7\u00e3o das novas estruturas e fun\u00e7\u00f5es. Esse processo vai come\u00e7ar com uma chamada para as organiza\u00e7\u00f5es interessadas em desempenhar a fun\u00e7\u00e3o de Secretaria.\u00a0 Espera-se que este processo gradativo de implementa\u00e7\u00e3o tenha efeitos vis\u00edveis a partir da edi\u00e7\u00e3o do LACIGF de 2022.<\/span><\/p><p><span style=\"color: var( --e-global-color-text ); font-family: var( --e-global-typography-text-font-family ), Sans-serif;\">Convidamos todos os participantes e organiza\u00e7\u00f5es envolvidas no LACIGF a examinarem os mecanismos definidos no novo Estatuto.\u00a0 Confiamos em que as reformas e melhorias que ser\u00e3o implementadas ir\u00e3o fortalecer este espa\u00e7o de di\u00e1logo e colabora\u00e7\u00e3o para a governan\u00e7a da Internet na nossa regi\u00e3o.<\/span><\/p>\t\t\t\t\t\t<\/div>\n\t\t\t\t<\/div>\n\t\t\t\t\t<\/div>\n\t\t<\/div>\n\t\t\t\t\t\t\t<\/div>\n\t\t<\/section>\n\t\t\t\t<section class=\"elementor-section elementor-top-section elementor-element elementor-element-9bb46fe elementor-section-boxed elementor-section-height-default elementor-section-height-default\" data-id=\"9bb46fe\" data-element_type=\"section\">\n\t\t\t\t\t\t<div class=\"elementor-container elementor-column-gap-default\">\n\t\t\t\t\t<div class=\"elementor-column elementor-col-50 elementor-top-column elementor-element elementor-element-13b1c4b\" data-id=\"13b1c4b\" data-element_type=\"column\" data-settings=\"{&quot;background_background&quot;:&quot;classic&quot;}\">\n\t\t\t<div class=\"elementor-widget-wrap elementor-element-populated\">\n\t\t\t\t\t\t\t\t<div class=\"elementor-element elementor-element-3e26592 elementor-view-default elementor-position-top elementor-mobile-position-top elementor-widget elementor-widget-icon-box\" data-id=\"3e26592\" data-element_type=\"widget\" data-widget_type=\"icon-box.default\">\n\t\t\t\t<div class=\"elementor-widget-container\">\n\t\t\t<link rel=\"stylesheet\" href=\"https:\/\/eventos.lacigf.org\/wp-content\/plugins\/elementor\/assets\/css\/widget-icon-box.min.css\">\t\t<div class=\"elementor-icon-box-wrapper\">\n\t\t\t\t\t\t<div class=\"elementor-icon-box-icon\">\n\t\t\t\t<a href=\"https:\/\/eventos.lacigf.org\/pt-br\/proposta-de-primeira-consulta-para-revisao-do-lacigf\/\" class=\"elementor-icon elementor-animation-\" tabindex=\"-1\">\n\t\t\t\t<i aria-hidden=\"true\" class=\"far fa-edit\"><\/i>\t\t\t\t<\/a>\n\t\t\t<\/div>\n\t\t\t\t\t\t<div class=\"elementor-icon-box-content\">\n\t\t\t\t<h3 class=\"elementor-icon-box-title\">\n\t\t\t\t\t<a href=\"https:\/\/eventos.lacigf.org\/pt-br\/proposta-de-primeira-consulta-para-revisao-do-lacigf\/\" >\n\t\t\t\t\t\t\t\t\t\t\t<\/a>\n\t\t\t\t<\/h3>\n\t\t\t\t\t\t\t<\/div>\n\t\t<\/div>\n\t\t\t\t<\/div>\n\t\t\t\t<\/div>\n\t\t\t\t\t<\/div>\n\t\t<\/div>\n\t\t\t\t<div class=\"elementor-column elementor-col-50 elementor-top-column elementor-element elementor-element-f97eb99\" data-id=\"f97eb99\" data-element_type=\"column\" data-settings=\"{&quot;background_background&quot;:&quot;classic&quot;}\">\n\t\t\t<div class=\"elementor-widget-wrap elementor-element-populated\">\n\t\t\t\t\t\t\t\t<div class=\"elementor-element elementor-element-3bd9a2a elementor-widget elementor-widget-icon-box\" data-id=\"3bd9a2a\" data-element_type=\"widget\" data-widget_type=\"icon-box.default\">\n\t\t\t\t<div class=\"elementor-widget-container\">\n\t\t\t\t\t<div class=\"elementor-icon-box-wrapper\">\n\t\t\t\t\t\t<div class=\"elementor-icon-box-content\">\n\t\t\t\t<h3 class=\"elementor-icon-box-title\">\n\t\t\t\t\t<a href=\"https:\/\/eventos.lacigf.org\/pt-br\/proposta-de-primeira-consulta-para-revisao-do-lacigf\/\" >\n\t\t\t\t\t\tConsulte a comunidade para revis\u00e3o do LACIGF\t\t\t\t\t<\/a>\n\t\t\t\t<\/h3>\n\t\t\t\t\t\t\t<\/div>\n\t\t<\/div>\n\t\t\t\t<\/div>\n\t\t\t\t<\/div>\n\t\t\t\t\t<\/div>\n\t\t<\/div>\n\t\t\t\t\t\t\t<\/div>\n\t\t<\/section>\n\t\t\t\t\t\t\t<\/div>\n\t\t","protected":false},"excerpt":{"rendered":"<p>Download Ap\u00f3s um longo processo de consulta e discuss\u00e3o aberta sobre a melhoria e evolu\u00e7\u00e3o do LACIGF, o Comit\u00ea do Programa (\u00f3rg\u00e3o formado por representantes do Governo, Comunidade T\u00e9cnica, Setor Privado e Sociedade Civil) adotou em julho de 2021, um documento de Estatutos do LACIGF que inclui defini\u00e7\u00f5es sobre seu escopo, participa\u00e7\u00e3o, processos e estruturas. [&hellip;]<\/p>\n","protected":false},"author":4,"featured_media":0,"parent":0,"menu_order":0,"comment_status":"closed","ping_status":"closed","template":"","meta":{"footnotes":""},"_links":{"self":[{"href":"https:\/\/eventos.lacigf.org\/pt-br\/wp-json\/wp\/v2\/pages\/1337"}],"collection":[{"href":"https:\/\/eventos.lacigf.org\/pt-br\/wp-json\/wp\/v2\/pages"}],"about":[{"href":"https:\/\/eventos.lacigf.org\/pt-br\/wp-json\/wp\/v2\/types\/page"}],"author":[{"embeddable":true,"href":"https:\/\/eventos.lacigf.org\/pt-br\/wp-json\/wp\/v2\/users\/4"}],"replies":[{"embeddable":true,"href":"https:\/\/eventos.lacigf.org\/pt-br\/wp-json\/wp\/v2\/comments?post=1337"}],"version-history":[{"count":16,"href":"https:\/\/eventos.lacigf.org\/pt-br\/wp-json\/wp\/v2\/pages\/1337\/revisions"}],"predecessor-version":[{"id":1833,"href":"https:\/\/eventos.lacigf.org\/pt-br\/wp-json\/wp\/v2\/pages\/1337\/revisions\/1833"}],"wp:attachment":[{"href":"https:\/\/eventos.lacigf.org\/pt-br\/wp-json\/wp\/v2\/media?parent=1337"}],"curies":[{"name":"wp","href":"https:\/\/api.w.org\/{rel}","templated":true}]}}