{"id":1156,"date":"2021-10-11T11:35:31","date_gmt":"2021-10-11T14:35:31","guid":{"rendered":"https:\/\/eventos.lacigf.org\/?page_id=1156"},"modified":"2024-05-06T12:14:23","modified_gmt":"2024-05-06T15:14:23","slug":"comite-de-programa","status":"publish","type":"page","link":"https:\/\/eventos.lacigf.org\/pt-br\/comite-de-programa\/","title":{"rendered":"Comit\u00ea de Programa"},"content":{"rendered":"\t\t<div data-elementor-type=\"wp-page\" data-elementor-id=\"1156\" class=\"elementor elementor-1156\">\n\t\t\t\t\t\t\t\t\t<section class=\"elementor-section elementor-top-section elementor-element elementor-element-6bee36cb elementor-section-boxed elementor-section-height-default elementor-section-height-default\" data-id=\"6bee36cb\" data-element_type=\"section\">\n\t\t\t\t\t\t<div class=\"elementor-container elementor-column-gap-default\">\n\t\t\t\t\t<div class=\"elementor-column elementor-col-100 elementor-top-column elementor-element elementor-element-47459a3d\" data-id=\"47459a3d\" data-element_type=\"column\">\n\t\t\t<div class=\"elementor-widget-wrap elementor-element-populated\">\n\t\t\t\t\t\t\t\t<div class=\"elementor-element elementor-element-5cd72f68 elementor-widget elementor-widget-text-editor\" data-id=\"5cd72f68\" data-element_type=\"widget\" data-widget_type=\"text-editor.default\">\n\t\t\t\t<div class=\"elementor-widget-container\">\n\t\t\t<style>\/*! elementor - v3.16.0 - 09-10-2023 *\/\n.elementor-widget-text-editor.elementor-drop-cap-view-stacked .elementor-drop-cap{background-color:#69727d;color:#fff}.elementor-widget-text-editor.elementor-drop-cap-view-framed .elementor-drop-cap{color:#69727d;border:3px solid;background-color:transparent}.elementor-widget-text-editor:not(.elementor-drop-cap-view-default) .elementor-drop-cap{margin-top:8px}.elementor-widget-text-editor:not(.elementor-drop-cap-view-default) .elementor-drop-cap-letter{width:1em;height:1em}.elementor-widget-text-editor .elementor-drop-cap{float:left;text-align:center;line-height:1;font-size:50px}.elementor-widget-text-editor .elementor-drop-cap-letter{display:inline-block}<\/style>\t\t\t\t<p><!-- wp:paragraph --><\/p>\n<p>O que come\u00e7ou como um processo promovido por 3 organiza\u00e7\u00f5es, imediatamente foi adicionando novas entidades promotoras e apoios, ao mesmo tempo que foi ganhando a confian\u00e7a e a aten\u00e7\u00e3o da comunidade. Uma vez consolidado o espa\u00e7o, foi necess\u00e1rio formalizar a integra\u00e7\u00e3o de um mecanismo de coordena\u00e7\u00e3o que transcendesse \u00e0s organiza\u00e7\u00f5es fundacionais, que contemplasse a representa\u00e7\u00e3o de todos os setores envolvidos e que ao mesmo tempo garantisse a continuidade e sustentabilidade dos esfor\u00e7os.<\/p>\n<p><!-- \/wp:paragraph --><\/p>\n<p><!-- wp:paragraph --><\/p>\n<p>Foi assim que o Comit\u00ea de Programa foi criado como um organismo de coordena\u00e7\u00e3o do f\u00f3rum, um espa\u00e7o multistakeholder integrado por representantes dos diferentes grupos de interesse com o objetivo de gerenciar o processo na representa\u00e7\u00e3o da comunidade da Am\u00e9rica Latina e o Caribe.<\/p>\n<p><!-- \/wp:paragraph --><\/p>\n<p><!-- wp:paragraph --><\/p>\n<p>O Comit\u00ea de Programa \u00e9 o organismo de coordena\u00e7\u00e3o geral do f\u00f3rum, e est\u00e1 integrado por tres pessoas selecionadas por cada um dos seguintes grupos de interesse:<\/p>\n<p><!-- \/wp:paragraph --><\/p>\n<p><!-- wp:list --><\/p>\n<ul>\n<li>Organiza\u00e7\u00f5es regionais em representa\u00e7\u00e3o do Setor Privado.<\/li>\n<li>Governos da regi\u00e3o da Am\u00e9rica Latina e o Caribe, designados pelo Mecanismo de Acompanhamento de eLAC.<\/li>\n<li>Organiza\u00e7\u00f5es da Sociedade Civil.<\/li>\n<li>Organiza\u00e7\u00f5es regionais representantes da Comunidade T\u00e9cnica da Interne<\/li>\n<\/ul>\n<p><!-- \/wp:list --><\/p>\n<p><!-- wp:paragraph --><\/p>\n<p>Cada sector determina a forma de coordena\u00e7\u00e3o mais apropriada e escolhe os representantes segundo seus pr\u00f3prios crit\u00e9rios.<\/p>\n<p><!-- \/wp:paragraph --><\/p>\n<p><!-- wp:paragraph --><\/p>\n<p><strong>EM 2022, O COMIT\u00ca DE PROGRAMA EST\u00c1 CONSTITU\u00cdDO DA SEGUINTE FORMA:<\/strong><\/p>\n<p><!-- \/wp:paragraph --><\/p>\n<p><!-- wp:paragraph --><\/p>\n<p><strong>REPRESENTANTES DE GOVERNO:<\/strong><\/p>\n<p><!-- \/wp:paragraph --><\/p>\n<p><!-- wp:list --><\/p>\n<ul>\n<li>Chile: Juan Pablo Vial \/ Ministerio de Relaciones Exteriores de Chile.<\/li>\n<li>Uruguay: Virginia Pardo e Beatriz Rodr\u00edguez \/&nbsp;Agencia de Gobierno electr\u00f3nico y Sociedad de la Informaci\u00f3n y del Conocimiento de Uruguay (AGESIC).<\/li>\n<li>Paraguay: Ministerio de Relaciones Exteriores del Paraguay.<\/li>\n<\/ul>\n<p><!-- \/wp:list --><\/p>\n<p><!-- wp:paragraph --><\/p>\n<p><strong>REPRESENTANTES DO SETOR PRIVADO:<\/strong><\/p>\n<p><!-- \/wp:paragraph --><\/p>\n<p><!-- wp:list --><\/p>\n<ul>\n<li><strong><a href=\"https:\/\/www.alai.lat\/\" target=\"_blank\">ALAI<\/a><\/strong> (Associa\u00e7\u00e3o Latino-americana da Internet): Ra\u00fal Echeberr\u00eda.<\/li>\n<li><strong><a href=\"https:\/\/asiet.lat\/\" target=\"_blank\">ASIET<\/a><\/strong> (Associa\u00e7\u00e3o Interamericana de Empresas de Telecomunica\u00e7\u00f5es): Pablo Garcia.<\/li>\n<li><strong><a href=\"httpss:\/\/www.gsma.com\/\" target=\"_blank\">LACISP<\/a><\/strong> \/ (Federa\u00e7\u00e3o Latino-Americana e do Caribe de Associa\u00e7\u00f5es e C\u00e2maras de Provedores de Internet.) \/ Esteban Lescano.<\/li>\n<\/ul>\n<p><!-- \/wp:list --><\/p>\n<p><!-- wp:paragraph --><\/p>\n<p><strong>REPRESENTANTES DA SOCIEDADE CIVIL:<\/strong><\/p>\n<p><!-- \/wp:paragraph --><\/p>\n<p><!-- wp:list --><\/p>\n<ul>\n<li><strong><a href=\"https:\/\/www.apc.org\/\" target=\"_blank\">APC<\/a><\/strong>&nbsp;(Associa\u00e7\u00e3o para o Progresso das Comunica\u00e7\u00f5es)\/ Valeria Betancourt.<\/li>\n<li><strong><a href=\"https:\/\/www.derechosdigitales.org\/\" target=\"_blank\">Direitos Digitais<\/a><\/strong> \/ Jamila Venturini, Juan Carlos Lara<\/li>\n<li><strong><a href=\"httpss:\/\/www.ipandetec.org\/\" target=\"_blank\">IPANDETEC<\/a><\/strong>&nbsp;\/ L\u00eda Hern\u00e1ndez<\/li>\n<\/ul>\n<p><!-- \/wp:list --><\/p>\n<p><!-- wp:paragraph --><\/p>\n<p><strong>REPRESENTANTES DA COMUNIDADE T\u00c9CNICA DA INTERNET:<\/strong><\/p>\n<p><!-- \/wp:paragraph --><\/p>\n<p><!-- wp:list --><\/p>\n<ul>\n<li><strong><a href=\"httpss:\/\/www.icann.org\/es\/\" target=\"_blank\">ICANN<\/a><\/strong>&nbsp; (Corpora\u00e7\u00e3o da Internet para Atribui\u00e7\u00e3o de Nomes e N\u00fameros): Rodrigo de la Parra.<\/li>\n<li><strong><a href=\"httpss:\/\/lacnog.org\/\" target=\"_blank\">LACNOG<\/a><\/strong> (Grupo de Operadores de Redes da Am\u00e9rica Latina e do Caribe): L\u00eda Solis.<\/li>\n<li><strong><a href=\"https:\/\/www.lactld.org\/\" target=\"_blank\">LACTLD<\/a><\/strong> (Associa\u00e7\u00e3o de ccTLD da Am\u00e9rica Latina e o Caribe): Rocio de La Fuente.<\/li>\n<\/ul>\n<p><!-- \/wp:list --><\/p>\n<p><!-- wp:paragraph --><\/p>\n<p>O Comit\u00ea de Programa atual iniciou discuss\u00f5es para criar mecanismos para estabelecer a composi\u00e7\u00e3o e renova\u00e7\u00e3o dos membros do Comit\u00ea, e est\u00e1 previsto que essas discuss\u00f5es possam ser abertas a toda a comunidade regional e ser aprovadas na reuni\u00e3o do LACIGF deste ano. Os mecanismos devem fixar entre outros aspectos, o n\u00famero de membros por cada grupo de interesse, sua elei\u00e7\u00e3o e renova\u00e7\u00e3o uma vez finalizada a edi\u00e7\u00e3o correspondente, al\u00e9m das pr\u00f3prias compet\u00eancias do Comit\u00ea.<\/p>\n<p><!-- \/wp:paragraph --><\/p>\n<p><!-- wp:paragraph --><\/p>\n<p>Conjuntamente com a forma\u00e7\u00e3o do Comit\u00ea de Programa foi necess\u00e1rio designar a fun\u00e7\u00e3o de Secretaria, de modo de contar com uma estrutura est\u00e1vel que apoie a gest\u00e3o do processo ao longo dos anos e que colabore na log\u00edstica das reuni\u00f5es em consulta permanente com o Comit\u00ea de Programa.<\/p>\n<p><!-- \/wp:paragraph --><\/p>\n<p><!-- wp:paragraph --><\/p>\n<p>&nbsp;<\/p>\n<p><!-- \/wp:paragraph --><\/p>\t\t\t\t\t\t<\/div>\n\t\t\t\t<\/div>\n\t\t\t\t\t<\/div>\n\t\t<\/div>\n\t\t\t\t\t\t\t<\/div>\n\t\t<\/section>\n\t\t\t\t\t\t\t<\/div>\n\t\t","protected":false},"excerpt":{"rendered":"<p>O que come\u00e7ou como um processo promovido por 3 organiza\u00e7\u00f5es, imediatamente foi adicionando novas entidades promotoras e apoios, ao mesmo tempo que foi ganhando a confian\u00e7a e a aten\u00e7\u00e3o da comunidade. Uma vez consolidado o espa\u00e7o, foi necess\u00e1rio formalizar a integra\u00e7\u00e3o de um mecanismo de coordena\u00e7\u00e3o que transcendesse \u00e0s organiza\u00e7\u00f5es fundacionais, que contemplasse a representa\u00e7\u00e3o [&hellip;]<\/p>\n","protected":false},"author":4,"featured_media":0,"parent":0,"menu_order":0,"comment_status":"closed","ping_status":"closed","template":"","meta":{"footnotes":""},"_links":{"self":[{"href":"https:\/\/eventos.lacigf.org\/pt-br\/wp-json\/wp\/v2\/pages\/1156"}],"collection":[{"href":"https:\/\/eventos.lacigf.org\/pt-br\/wp-json\/wp\/v2\/pages"}],"about":[{"href":"https:\/\/eventos.lacigf.org\/pt-br\/wp-json\/wp\/v2\/types\/page"}],"author":[{"embeddable":true,"href":"https:\/\/eventos.lacigf.org\/pt-br\/wp-json\/wp\/v2\/users\/4"}],"replies":[{"embeddable":true,"href":"https:\/\/eventos.lacigf.org\/pt-br\/wp-json\/wp\/v2\/comments?post=1156"}],"version-history":[{"count":24,"href":"https:\/\/eventos.lacigf.org\/pt-br\/wp-json\/wp\/v2\/pages\/1156\/revisions"}],"predecessor-version":[{"id":7235,"href":"https:\/\/eventos.lacigf.org\/pt-br\/wp-json\/wp\/v2\/pages\/1156\/revisions\/7235"}],"wp:attachment":[{"href":"https:\/\/eventos.lacigf.org\/pt-br\/wp-json\/wp\/v2\/media?parent=1156"}],"curies":[{"name":"wp","href":"https:\/\/api.w.org\/{rel}","templated":true}]}}