{"id":1144,"date":"2021-10-11T11:21:54","date_gmt":"2021-10-11T14:21:54","guid":{"rendered":"https:\/\/eventos.lacigf.org\/?page_id=1144"},"modified":"2023-11-01T19:36:31","modified_gmt":"2023-11-01T22:36:31","slug":"antecedentes","status":"publish","type":"page","link":"https:\/\/eventos.lacigf.org\/pt-br\/antecedentes\/","title":{"rendered":"Antecedentes"},"content":{"rendered":"\t\t<div data-elementor-type=\"wp-page\" data-elementor-id=\"1144\" class=\"elementor elementor-1144\">\n\t\t\t\t\t\t\t\t\t<section class=\"elementor-section elementor-top-section elementor-element elementor-element-3ebd3f0b elementor-section-boxed elementor-section-height-default elementor-section-height-default\" data-id=\"3ebd3f0b\" data-element_type=\"section\">\n\t\t\t\t\t\t<div class=\"elementor-container elementor-column-gap-default\">\n\t\t\t\t\t<div class=\"elementor-column elementor-col-100 elementor-top-column elementor-element elementor-element-60e59e1b\" data-id=\"60e59e1b\" data-element_type=\"column\">\n\t\t\t<div class=\"elementor-widget-wrap elementor-element-populated\">\n\t\t\t\t\t\t\t\t<div class=\"elementor-element elementor-element-76d223f7 elementor-widget elementor-widget-text-editor\" data-id=\"76d223f7\" data-element_type=\"widget\" data-widget_type=\"text-editor.default\">\n\t\t\t\t<div class=\"elementor-widget-container\">\n\t\t\t<style>\/*! elementor - v3.16.0 - 09-10-2023 *\/\n.elementor-widget-text-editor.elementor-drop-cap-view-stacked .elementor-drop-cap{background-color:#69727d;color:#fff}.elementor-widget-text-editor.elementor-drop-cap-view-framed .elementor-drop-cap{color:#69727d;border:3px solid;background-color:transparent}.elementor-widget-text-editor:not(.elementor-drop-cap-view-default) .elementor-drop-cap{margin-top:8px}.elementor-widget-text-editor:not(.elementor-drop-cap-view-default) .elementor-drop-cap-letter{width:1em;height:1em}.elementor-widget-text-editor .elementor-drop-cap{float:left;text-align:center;line-height:1;font-size:50px}.elementor-widget-text-editor .elementor-drop-cap-letter{display:inline-block}<\/style>\t\t\t\t<p><!-- wp:paragraph --><\/p>\n<p>O F\u00f3rum de Governan\u00e7a da Internet para a Am\u00e9rica Latina e o Caribe surgiu como uma iniciativa do LACNIC, NUPEF e APC com o objetivo de identificar quest\u00f5es priorit\u00e1rias e relevantes para a Am\u00e9rica Latina e o Caribe que deveriam ser consideradas na discuss\u00e3o e na agenda do Terceiro F\u00f3rum de Governan\u00e7a da Internet (IGF) a ser realizado em Hyderabad, \u00cdndia, em dezembro de 2008.<\/p>\n<p><!-- \/wp:paragraph --><\/p>\n<p><!-- wp:paragraph --><\/p>\n<p>Ao mesmo tempo, procurava-se promover a participa\u00e7\u00e3o da comunidade regional nesses debates, trazendo as discuss\u00f5es \u00e0 regi\u00e3o. As tr\u00eas primeiras edi\u00e7\u00f5es seguiram um mesmo modelo, procurando melhorar a qualidade dos espa\u00e7os, a horizontalidade dos debates e a participa\u00e7\u00e3o. Um elemento central para atingir esse objetivo tem sido o Programa de Bolsas que em cada edi\u00e7\u00e3o possibilitou a participa\u00e7\u00e3o \u00e0s reuni\u00f5es de v\u00e1rios atores da regi\u00e3o atrav\u00e9s de uma ajuda econ\u00f4mica.<\/p>\n<p><!-- \/wp:paragraph --><\/p>\n<p><!-- wp:paragraph --><\/p>\n<p>A primeira edi\u00e7\u00e3o da Reuni\u00e3o Regional Preparat\u00f3ria foi realizada em Montevid\u00e9u, Uruguai em 2008, seguida no Rio, Brasil em 2009 e Quito, Equador em 2010. Destaca-se neste per\u00edodo um forte compromisso para envolver atores regionais ao processo, tanto provenientes de seus pr\u00f3prios grupos de interesse quanto de governos e setor privado.<\/p>\n<p><!-- \/wp:paragraph --><\/p>\n<p><!-- wp:paragraph --><\/p>\n<p>A quarta edi\u00e7\u00e3o da reuni\u00e3o, acontecida em 2011 em Porto Espanha, Trinidad e Tobago, sofre uma s\u00e9rie de inova\u00e7\u00f5es tanto na composi\u00e7\u00e3o do grupo organizador (que incorpora o escrit\u00f3rio regional da Internet Society) quanto na modalidade de determina\u00e7\u00e3o da agenda. Na procura de consolidar a abertura do processo, foi estruturado o programa atrav\u00e9s de uma consulta aberta \u00e0 Comunidade Regional coletando diferentes vis\u00f5es, focos, subtemas e prioridades para o debate na Am\u00e9rica Latina e o Caribe. A quarta edi\u00e7\u00e3o contou, ent\u00e3o, com uma determina\u00e7\u00e3o da agenda \u201cde baixo para cima\u201d com centos de aportes desde a comunidade regional, e uma estrutura de programa sem palestrantes, em que todos os participantes estavam igualmente envolvidos.<\/p>\n<p><!-- \/wp:paragraph --><\/p>\n<p><!-- wp:paragraph --><\/p>\n<p>Esta mesma edi\u00e7\u00e3o de 2011 contou com\u00a0<a href=\"https:\/\/www.ctu.int\/\" target=\"_blank\" rel=\"noreferrer noopener\">a participa\u00e7\u00e3o da Caribbean Telecommunications Union, CTU<\/a>, como Organizadora<br \/>local, aportando sua capacidade de convoca\u00e7\u00e3o e lideran\u00e7a na comunidade do Caribe. A organizadora local \u00e9 respons\u00e1vel de interagir com o grupo das organiza\u00e7\u00f5es impulsionadoras do evento, e encarregada de resolver todos os aspectos log\u00edsticos e de promover o envolvimento da comunidade local na reuni\u00e3o.<\/p>\n<p><!-- \/wp:paragraph --><\/p>\n<p><!-- wp:paragraph --><\/p>\n<p>A quinta edi\u00e7\u00e3o 2012 da LACIGF, celebrada em Bogot\u00e1, Col\u00f4mbia continuou o caminho de aprofundamento dessas modifica\u00e7\u00f5es, atingindo recordes de participa\u00e7\u00e3o remota, participa\u00e7\u00e3o presencial e envolvimento de atores locais. Assim mesmo, a determina\u00e7\u00e3o da agenda contou com o aporte de 147 pessoas da comunidade. Como novidades podemos salientar a incorpora\u00e7\u00e3o pela primeira vez de representantes de organiza\u00e7\u00f5es governamentais e do setor privado no Comit\u00ea de Programa, bem como a sele\u00e7\u00e3o da sede do evento realizada por meio de uma chamada aberta a partir da qual foram designados\u00a0<a href=\"https:\/\/www.colnodo.apc.org\/index.shtml\" target=\"_blank\" rel=\"noreferrer noopener\">Colnodo<\/a>\u00a0e\u00a0<a href=\"https:\/\/www.cointernet.co\/\" target=\"_blank\" rel=\"noreferrer noopener\">.CO Internet<\/a>\u00a0como organizadores locais.<\/p>\n<p><!-- \/wp:paragraph --><\/p>\n<p><!-- wp:paragraph --><\/p>\n<p>Em cada uma das edi\u00e7\u00f5es realizadas, o f\u00f3rum tem mostrado uma evolu\u00e7\u00e3o constante. Portanto, este evento virou uma inst\u00e2ncia para o di\u00e1logo sem precedentes no mundo, com uma forma\u00e7\u00e3o multistakeholder de seu Comit\u00ea de Programa, em que cada grupo de interesse define suas pr\u00f3prias representa\u00e7\u00f5es.<\/p>\n<p><!-- \/wp:paragraph --><\/p>\n<p><!-- wp:paragraph --><\/p>\n<p>Assim mesmo, a partir da edi\u00e7\u00e3o 2011, a organiza\u00e7\u00e3o de LACIGF tem inclu\u00eddo um programa de apoio para a participa\u00e7\u00e3o de integrantes da comunidade regional (3 \u2013 6) no F\u00f3rum de Governan\u00e7a da Internet global.<\/p>\n<p><!-- \/wp:paragraph --><\/p>\t\t\t\t\t\t<\/div>\n\t\t\t\t<\/div>\n\t\t\t\t\t<\/div>\n\t\t<\/div>\n\t\t\t\t\t\t\t<\/div>\n\t\t<\/section>\n\t\t\t\t\t\t\t<\/div>\n\t\t","protected":false},"excerpt":{"rendered":"<p>O F\u00f3rum de Governan\u00e7a da Internet para a Am\u00e9rica Latina e o Caribe surgiu como uma iniciativa do LACNIC, NUPEF e APC com o objetivo de identificar quest\u00f5es priorit\u00e1rias e relevantes para a Am\u00e9rica Latina e o Caribe que deveriam ser consideradas na discuss\u00e3o e na agenda do Terceiro F\u00f3rum de Governan\u00e7a da Internet (IGF) [&hellip;]<\/p>\n","protected":false},"author":4,"featured_media":0,"parent":0,"menu_order":0,"comment_status":"closed","ping_status":"closed","template":"","meta":{"footnotes":""},"_links":{"self":[{"href":"https:\/\/eventos.lacigf.org\/pt-br\/wp-json\/wp\/v2\/pages\/1144"}],"collection":[{"href":"https:\/\/eventos.lacigf.org\/pt-br\/wp-json\/wp\/v2\/pages"}],"about":[{"href":"https:\/\/eventos.lacigf.org\/pt-br\/wp-json\/wp\/v2\/types\/page"}],"author":[{"embeddable":true,"href":"https:\/\/eventos.lacigf.org\/pt-br\/wp-json\/wp\/v2\/users\/4"}],"replies":[{"embeddable":true,"href":"https:\/\/eventos.lacigf.org\/pt-br\/wp-json\/wp\/v2\/comments?post=1144"}],"version-history":[{"count":9,"href":"https:\/\/eventos.lacigf.org\/pt-br\/wp-json\/wp\/v2\/pages\/1144\/revisions"}],"predecessor-version":[{"id":3543,"href":"https:\/\/eventos.lacigf.org\/pt-br\/wp-json\/wp\/v2\/pages\/1144\/revisions\/3543"}],"wp:attachment":[{"href":"https:\/\/eventos.lacigf.org\/pt-br\/wp-json\/wp\/v2\/media?parent=1144"}],"curies":[{"name":"wp","href":"https:\/\/api.w.org\/{rel}","templated":true}]}}